{"id":1007,"date":"2013-08-09T15:29:50","date_gmt":"2013-08-09T13:29:50","guid":{"rendered":"http:\/\/www.ramses.de\/?page_id=1007"},"modified":"2013-11-02T13:21:02","modified_gmt":"2013-11-02T11:21:02","slug":"gottfried-wilhelm-leibniz-bibliothek-fami-verwaltung","status":"publish","type":"page","link":"https:\/\/www.ramses.de\/?page_id=1007","title":{"rendered":"Gottfried Wilhelm Leibniz Bibliothek &#8211; FAMI Verwaltung"},"content":{"rendered":"<h1>Gottfried Wilhelm Leibniz Bibliothek<\/h1>\n<h3>Die FAMI Verwaltung<\/h3>\n<p>Der Ausbildungsberuf Fachangestellter\/Fachangestellte f\u00fcr Medien- und Informationsdienste ist seit dem 01.08.1998 staatlich anerkannt. Er ist Ausbildungsberuf des \u00f6ffentlichen Dienstes und der gewerblichen Wirtschaft. Die Gottfried Wilhelm Leibniz Bibliothek ist f\u00fcr den Bereich des \u00f6ffentlichen Dienstes in Niedersachsen \u201ezust\u00e4ndige Stelle\u201d nach dem Berufsbildungsgesetz und nimmt die entsprechenden Aufgaben im Rahmen der betrieblichen Ausbildung wahr.<br \/>\nWir d\u00fcrften hierf\u00fcr die<\/p>\n<ul>\n<li>Verwaltung der Auszubildenden und deren Vertragsdaten<\/li>\n<li>Ausbildungsst\u00e4tten und Ausbildungsbeh\u00f6rden<\/li>\n<li>Sitzungsmanagement<\/li>\n<li>Pr\u00fcfungsausch\u00fcsse<\/li>\n<li>Pr\u00fcfungen<\/li>\n<li>Erstellung s\u00e4mtlicher Druckerzeugnisse<\/li>\n<\/ul>\n<p>Von der Anmeldung bis zum Abschlu\u00dfzeugnis, die FAMI Verwaltung bietet Ihnen die M\u00f6glichkeit einer nahlosen Informationsverwaltung.<\/p>\n<p><a href=\"https:\/\/www.ramses.de\/wp-content\/uploads\/FAMI.jpg\"><img loading=\"lazy\" decoding=\"async\" class=\"alignnone size-medium wp-image-2034\" alt=\"FAMI\" src=\"https:\/\/www.ramses.de\/wp-content\/uploads\/FAMI-300x190.jpg\" width=\"300\" height=\"190\" srcset=\"https:\/\/www.ramses.de\/wp-content\/uploads\/FAMI-300x190.jpg 300w, https:\/\/www.ramses.de\/wp-content\/uploads\/FAMI-1024x650.jpg 1024w, https:\/\/www.ramses.de\/wp-content\/uploads\/FAMI.jpg 1413w\" sizes=\"auto, (max-width: 300px) 100vw, 300px\" \/><\/a><\/p>\n<p><a href=\"https:\/\/www.ramses.de\/wp-content\/uploads\/fami2.jpg\"><img loading=\"lazy\" decoding=\"async\" class=\"alignnone size-medium wp-image-1011\" alt=\"fami2\" src=\"https:\/\/www.ramses.de\/wp-content\/uploads\/fami2-300x219.jpg\" width=\"300\" height=\"219\" srcset=\"https:\/\/www.ramses.de\/wp-content\/uploads\/fami2-300x219.jpg 300w, https:\/\/www.ramses.de\/wp-content\/uploads\/fami2-1024x749.jpg 1024w, https:\/\/www.ramses.de\/wp-content\/uploads\/fami2-610x445.jpg 610w, https:\/\/www.ramses.de\/wp-content\/uploads\/fami2.jpg 1291w\" sizes=\"auto, (max-width: 300px) 100vw, 300px\" \/><\/a><\/p>\n<p><a href=\"https:\/\/www.ramses.de\/wp-content\/uploads\/fami3.jpg\"><img loading=\"lazy\" decoding=\"async\" class=\"alignnone size-medium wp-image-1012\" alt=\"fami3\" src=\"https:\/\/www.ramses.de\/wp-content\/uploads\/fami3-300x180.jpg\" width=\"300\" height=\"180\" srcset=\"https:\/\/www.ramses.de\/wp-content\/uploads\/fami3-300x180.jpg 300w, https:\/\/www.ramses.de\/wp-content\/uploads\/fami3-1024x617.jpg 1024w, https:\/\/www.ramses.de\/wp-content\/uploads\/fami3.jpg 1260w\" sizes=\"auto, (max-width: 300px) 100vw, 300px\" \/><\/a><\/p>\n<p><a href=\"https:\/\/www.ramses.de\/wp-content\/uploads\/fami4.jpg\"><img loading=\"lazy\" decoding=\"async\" class=\"alignnone size-medium wp-image-1013\" alt=\"fami4\" src=\"https:\/\/www.ramses.de\/wp-content\/uploads\/fami4-300x194.jpg\" width=\"300\" height=\"194\" srcset=\"https:\/\/www.ramses.de\/wp-content\/uploads\/fami4-300x194.jpg 300w, https:\/\/www.ramses.de\/wp-content\/uploads\/fami4-1024x664.jpg 1024w, https:\/\/www.ramses.de\/wp-content\/uploads\/fami4.jpg 1292w\" sizes=\"auto, (max-width: 300px) 100vw, 300px\" \/><\/a><\/p>\n","protected":false},"excerpt":{"rendered":"<p>Gottfried Wilhelm Leibniz Bibliothek Die FAMI Verwaltung Der Ausbildungsberuf Fachangestellter\/Fachangestellte f\u00fcr Medien- und Informationsdienste ist seit dem 01.08.1998 staatlich anerkannt. Er ist Ausbildungsberuf des \u00f6ffentlichen &#8230; <a title=\"Gottfried Wilhelm Leibniz Bibliothek &#8211; FAMI Verwaltung\" class=\"read-more\" href=\"https:\/\/www.ramses.de\/?page_id=1007\" aria-label=\"Mehr Informationen \u00fcber Gottfried Wilhelm Leibniz Bibliothek &#8211; FAMI Verwaltung\">Weiterlesen &#8230;<\/a><\/p>\n","protected":false},"author":1,"featured_media":2034,"parent":1002,"menu_order":0,"comment_status":"closed","ping_status":"closed","template":"template-full-width.php","meta":{"footnotes":""},"class_list":{"0":"post-1007","1":"page","2":"type-page","3":"status-publish","4":"has-post-thumbnail","6":"resize-featured-image"},"_links":{"self":[{"href":"https:\/\/www.ramses.de\/index.php?rest_route=\/wp\/v2\/pages\/1007","targetHints":{"allow":["GET"]}}],"collection":[{"href":"https:\/\/www.ramses.de\/index.php?rest_route=\/wp\/v2\/pages"}],"about":[{"href":"https:\/\/www.ramses.de\/index.php?rest_route=\/wp\/v2\/types\/page"}],"author":[{"embeddable":true,"href":"https:\/\/www.ramses.de\/index.php?rest_route=\/wp\/v2\/users\/1"}],"replies":[{"embeddable":true,"href":"https:\/\/www.ramses.de\/index.php?rest_route=%2Fwp%2Fv2%2Fcomments&post=1007"}],"version-history":[{"count":5,"href":"https:\/\/www.ramses.de\/index.php?rest_route=\/wp\/v2\/pages\/1007\/revisions"}],"predecessor-version":[{"id":2035,"href":"https:\/\/www.ramses.de\/index.php?rest_route=\/wp\/v2\/pages\/1007\/revisions\/2035"}],"up":[{"embeddable":true,"href":"https:\/\/www.ramses.de\/index.php?rest_route=\/wp\/v2\/pages\/1002"}],"wp:featuredmedia":[{"embeddable":true,"href":"https:\/\/www.ramses.de\/index.php?rest_route=\/wp\/v2\/media\/2034"}],"wp:attachment":[{"href":"https:\/\/www.ramses.de\/index.php?rest_route=%2Fwp%2Fv2%2Fmedia&parent=1007"}],"curies":[{"name":"wp","href":"https:\/\/api.w.org\/{rel}","templated":true}]}}