{"id":1025,"date":"2013-08-09T18:28:27","date_gmt":"2013-08-09T16:28:27","guid":{"rendered":"http:\/\/www.ramses.de\/?page_id=1025"},"modified":"2013-08-09T18:28:27","modified_gmt":"2013-08-09T16:28:27","slug":"fachbereich-gebaudemanagement-mietverwaltung","status":"publish","type":"page","link":"https:\/\/www.ramses.de\/?page_id=1025","title":{"rendered":"Fachbereich Geb\u00e4udemanagement &#8211; Mietverwaltung"},"content":{"rendered":"<h1>Die Verwaltung von Mietobjekten<\/h1>\n<p>In dieser Datenbank befinden sich alle Objekte, in denen sich Hannoveraner Einrichtungen befinden. Dies sind zum einen die eigenen Objekte als auch angemietete Objekte.<\/p>\n<p>F\u00fcr s\u00e4mtliche Objekte werden die Mietinformationen erfa\u00dft. Dies umfa\u00dft neben den reinen Objektdaten auch eine Vielzahl von Daten der Eigent\u00fcmer und Nutzungsvereinbarungen.<\/p>\n<ul>\n<li>Verwaltung der Mietdaten<\/li>\n<li>Firmen und Ansprechpartner<\/li>\n<li>Nebenkostenverwaltung<\/li>\n<li>Fl\u00e4chenmanagement<\/li>\n<li>Reparaturkosten<\/li>\n<li>Mietzeiten<\/li>\n<\/ul>\n<p>Kostenmanagement ist in Zeiten knapper \u00f6ffentlicher Kassen ein wichtiges Anliegen.<br \/>\nHier hat die Stadt Hannover gezeigt, das sie bereit ist diese Herausforderung anzunehmen. Wir sind stolz einen kleinen Beitrag dazu beigetragen zu haben.<\/p>\n<p><a href=\"https:\/\/www.ramses.de\/wp-content\/uploads\/miete_1.jpg\"><img loading=\"lazy\" decoding=\"async\" class=\"alignnone size-medium wp-image-1026\" alt=\"miete_1\" src=\"https:\/\/www.ramses.de\/wp-content\/uploads\/miete_1-300x200.jpg\" width=\"300\" height=\"200\" srcset=\"https:\/\/www.ramses.de\/wp-content\/uploads\/miete_1-300x200.jpg 300w, https:\/\/www.ramses.de\/wp-content\/uploads\/miete_1-1024x683.jpg 1024w, https:\/\/www.ramses.de\/wp-content\/uploads\/miete_1.jpg 1258w\" sizes=\"auto, (max-width: 300px) 100vw, 300px\" \/><\/a><\/p>\n<p><a href=\"https:\/\/www.ramses.de\/wp-content\/uploads\/miete_2.jpg\"><img loading=\"lazy\" decoding=\"async\" class=\"alignnone size-medium wp-image-1027\" alt=\"miete_2\" src=\"https:\/\/www.ramses.de\/wp-content\/uploads\/miete_2-300x204.jpg\" width=\"300\" height=\"204\" srcset=\"https:\/\/www.ramses.de\/wp-content\/uploads\/miete_2-300x204.jpg 300w, https:\/\/www.ramses.de\/wp-content\/uploads\/miete_2-1024x696.jpg 1024w, https:\/\/www.ramses.de\/wp-content\/uploads\/miete_2.jpg 1097w\" sizes=\"auto, (max-width: 300px) 100vw, 300px\" \/><\/a><\/p>\n<p><a href=\"https:\/\/www.ramses.de\/wp-content\/uploads\/miete_3.jpg\"><img loading=\"lazy\" decoding=\"async\" class=\"alignnone size-medium wp-image-1028\" alt=\"miete_3\" src=\"https:\/\/www.ramses.de\/wp-content\/uploads\/miete_3-300x204.jpg\" width=\"300\" height=\"204\" srcset=\"https:\/\/www.ramses.de\/wp-content\/uploads\/miete_3-300x204.jpg 300w, https:\/\/www.ramses.de\/wp-content\/uploads\/miete_3-1024x696.jpg 1024w, https:\/\/www.ramses.de\/wp-content\/uploads\/miete_3.jpg 1097w\" sizes=\"auto, (max-width: 300px) 100vw, 300px\" \/><\/a><\/p>\n<p><a href=\"https:\/\/www.ramses.de\/wp-content\/uploads\/miete_4.jpg\"><img loading=\"lazy\" decoding=\"async\" class=\"alignnone size-medium wp-image-1029\" alt=\"miete_4\" src=\"https:\/\/www.ramses.de\/wp-content\/uploads\/miete_4-300x211.jpg\" width=\"300\" height=\"211\" srcset=\"https:\/\/www.ramses.de\/wp-content\/uploads\/miete_4-300x211.jpg 300w, https:\/\/www.ramses.de\/wp-content\/uploads\/miete_4-1024x722.jpg 1024w, https:\/\/www.ramses.de\/wp-content\/uploads\/miete_4.jpg 1202w\" sizes=\"auto, (max-width: 300px) 100vw, 300px\" \/><\/a><\/p>\n","protected":false},"excerpt":{"rendered":"<p>Die Verwaltung von Mietobjekten In dieser Datenbank befinden sich alle Objekte, in denen sich Hannoveraner Einrichtungen befinden. Dies sind zum einen die eigenen Objekte als &#8230; <a title=\"Fachbereich Geb\u00e4udemanagement &#8211; Mietverwaltung\" class=\"read-more\" href=\"https:\/\/www.ramses.de\/?page_id=1025\" aria-label=\"Mehr Informationen \u00fcber Fachbereich Geb\u00e4udemanagement &#8211; Mietverwaltung\">Weiterlesen &#8230;<\/a><\/p>\n","protected":false},"author":1,"featured_media":1026,"parent":1017,"menu_order":0,"comment_status":"closed","ping_status":"closed","template":"template-full-width.php","meta":{"footnotes":""},"class_list":{"0":"post-1025","1":"page","2":"type-page","3":"status-publish","4":"has-post-thumbnail","6":"resize-featured-image"},"_links":{"self":[{"href":"https:\/\/www.ramses.de\/index.php?rest_route=\/wp\/v2\/pages\/1025","targetHints":{"allow":["GET"]}}],"collection":[{"href":"https:\/\/www.ramses.de\/index.php?rest_route=\/wp\/v2\/pages"}],"about":[{"href":"https:\/\/www.ramses.de\/index.php?rest_route=\/wp\/v2\/types\/page"}],"author":[{"embeddable":true,"href":"https:\/\/www.ramses.de\/index.php?rest_route=\/wp\/v2\/users\/1"}],"replies":[{"embeddable":true,"href":"https:\/\/www.ramses.de\/index.php?rest_route=%2Fwp%2Fv2%2Fcomments&post=1025"}],"version-history":[{"count":1,"href":"https:\/\/www.ramses.de\/index.php?rest_route=\/wp\/v2\/pages\/1025\/revisions"}],"predecessor-version":[{"id":1030,"href":"https:\/\/www.ramses.de\/index.php?rest_route=\/wp\/v2\/pages\/1025\/revisions\/1030"}],"up":[{"embeddable":true,"href":"https:\/\/www.ramses.de\/index.php?rest_route=\/wp\/v2\/pages\/1017"}],"wp:featuredmedia":[{"embeddable":true,"href":"https:\/\/www.ramses.de\/index.php?rest_route=\/wp\/v2\/media\/1026"}],"wp:attachment":[{"href":"https:\/\/www.ramses.de\/index.php?rest_route=%2Fwp%2Fv2%2Fmedia&parent=1025"}],"curies":[{"name":"wp","href":"https:\/\/api.w.org\/{rel}","templated":true}]}}