{"id":1034,"date":"2013-08-09T18:38:15","date_gmt":"2013-08-09T16:38:15","guid":{"rendered":"http:\/\/www.ramses.de\/?page_id=1034"},"modified":"2013-10-23T18:11:44","modified_gmt":"2013-10-23T16:11:44","slug":"pflegeheime-dr-med-anne-wilkening-gmbh-barbetragsdatenbank","status":"publish","type":"page","link":"https:\/\/www.ramses.de\/?page_id=1034","title":{"rendered":"Pflegeheime Dr. med. Anne Wilkening GmbH &#8211; Barbetragsdatenbank"},"content":{"rendered":"<h1><strong>Pflegeheime Dr. Wilkening Hannover<\/strong><\/h1>\n<p>Das Barbetragsprogramm befa\u00dft sich mit der Auszahlung der Barbetr\u00e4ge an die Bewohner der Pflegeheime Dr. Wilkening.<br \/>\nIm System werden abrechnungsrelevante Informationen wie die Kassenzugeh\u00f6rigkeit ebenso verwaltet, wie die Ausgabe der Barbetr\u00e4ge an die Bewohner. Abwesenheiten oder medizinische Besonderheiten wie die Sondennahrung sind im System ebenso hinterlegt wie der Wechsel in den Pflegestufen.<\/p>\n<ul>\n<li>Verwaltung der Barbetr\u00e4ge<\/li>\n<li>Automatisierte Abrechnung der Barbetr\u00e4ge<\/li>\n<li>Ausf\u00fchrliches Berichtswesen<\/li>\n<li>Schnittstellen zu DATEV<\/li>\n<\/ul>\n<p>In Zeiten steigender Gesundheitskosten bietet dieses System der Gesch\u00e4ftsf\u00fchrung der Pflegeheime Dr. Wilkening ein Werkzeug, einen optimalen Informationsflu\u00df \u00fcber die Bewohner und deren Leistungen zu gew\u00e4hrleisten.<\/p>\n<p><a href=\"https:\/\/www.ramses.de\/wp-content\/uploads\/BB1.jpg\"><img loading=\"lazy\" decoding=\"async\" class=\"alignnone size-medium wp-image-1807\" alt=\"BB1\" src=\"https:\/\/www.ramses.de\/wp-content\/uploads\/BB1-300x189.jpg\" width=\"300\" height=\"189\" srcset=\"https:\/\/www.ramses.de\/wp-content\/uploads\/BB1-300x189.jpg 300w, https:\/\/www.ramses.de\/wp-content\/uploads\/BB1-1024x646.jpg 1024w, https:\/\/www.ramses.de\/wp-content\/uploads\/BB1.jpg 1551w\" sizes=\"auto, (max-width: 300px) 100vw, 300px\" \/><\/a><\/p>\n<p><a href=\"https:\/\/www.ramses.de\/wp-content\/uploads\/Bar2.jpg\"><img loading=\"lazy\" decoding=\"async\" class=\"alignnone size-medium wp-image-1041\" alt=\"Bar2\" src=\"https:\/\/www.ramses.de\/wp-content\/uploads\/Bar2-300x246.jpg\" width=\"300\" height=\"246\" srcset=\"https:\/\/www.ramses.de\/wp-content\/uploads\/Bar2-300x246.jpg 300w, https:\/\/www.ramses.de\/wp-content\/uploads\/Bar2-308x252.jpg 308w, https:\/\/www.ramses.de\/wp-content\/uploads\/Bar2-611x500.jpg 611w, https:\/\/www.ramses.de\/wp-content\/uploads\/Bar2.jpg 1017w\" sizes=\"auto, (max-width: 300px) 100vw, 300px\" \/><\/a><\/p>\n<p><a href=\"https:\/\/www.ramses.de\/wp-content\/uploads\/Bar3.jpg\"><img loading=\"lazy\" decoding=\"async\" class=\"alignnone size-medium wp-image-1042\" alt=\"Bar3\" src=\"https:\/\/www.ramses.de\/wp-content\/uploads\/Bar3-300x236.jpg\" width=\"300\" height=\"236\" srcset=\"https:\/\/www.ramses.de\/wp-content\/uploads\/Bar3-300x236.jpg 300w, https:\/\/www.ramses.de\/wp-content\/uploads\/Bar3.jpg 784w\" sizes=\"auto, (max-width: 300px) 100vw, 300px\" \/><\/a><\/p>\n<p><a href=\"https:\/\/www.ramses.de\/wp-content\/uploads\/BB2.jpg\"><img loading=\"lazy\" decoding=\"async\" class=\"alignnone size-medium wp-image-1809\" alt=\"BB2\" src=\"https:\/\/www.ramses.de\/wp-content\/uploads\/BB2-300x175.jpg\" width=\"300\" height=\"175\" srcset=\"https:\/\/www.ramses.de\/wp-content\/uploads\/BB2-300x175.jpg 300w, https:\/\/www.ramses.de\/wp-content\/uploads\/BB2-1024x599.jpg 1024w, https:\/\/www.ramses.de\/wp-content\/uploads\/BB2.jpg 1644w\" sizes=\"auto, (max-width: 300px) 100vw, 300px\" \/><\/a><\/p>\n<p>&nbsp;<\/p>\n","protected":false},"excerpt":{"rendered":"<p>Pflegeheime Dr. Wilkening Hannover Das Barbetragsprogramm befa\u00dft sich mit der Auszahlung der Barbetr\u00e4ge an die Bewohner der Pflegeheime Dr. Wilkening. Im System werden abrechnungsrelevante Informationen &#8230; <a title=\"Pflegeheime Dr. med. Anne Wilkening GmbH &#8211; Barbetragsdatenbank\" class=\"read-more\" href=\"https:\/\/www.ramses.de\/?page_id=1034\" aria-label=\"Mehr Informationen \u00fcber Pflegeheime Dr. med. Anne Wilkening GmbH &#8211; Barbetragsdatenbank\">Weiterlesen &#8230;<\/a><\/p>\n","protected":false},"author":1,"featured_media":1807,"parent":782,"menu_order":0,"comment_status":"closed","ping_status":"closed","template":"template-full-width.php","meta":{"footnotes":""},"class_list":{"0":"post-1034","1":"page","2":"type-page","3":"status-publish","4":"has-post-thumbnail","6":"resize-featured-image"},"_links":{"self":[{"href":"https:\/\/www.ramses.de\/index.php?rest_route=\/wp\/v2\/pages\/1034","targetHints":{"allow":["GET"]}}],"collection":[{"href":"https:\/\/www.ramses.de\/index.php?rest_route=\/wp\/v2\/pages"}],"about":[{"href":"https:\/\/www.ramses.de\/index.php?rest_route=\/wp\/v2\/types\/page"}],"author":[{"embeddable":true,"href":"https:\/\/www.ramses.de\/index.php?rest_route=\/wp\/v2\/users\/1"}],"replies":[{"embeddable":true,"href":"https:\/\/www.ramses.de\/index.php?rest_route=%2Fwp%2Fv2%2Fcomments&post=1034"}],"version-history":[{"count":6,"href":"https:\/\/www.ramses.de\/index.php?rest_route=\/wp\/v2\/pages\/1034\/revisions"}],"predecessor-version":[{"id":1810,"href":"https:\/\/www.ramses.de\/index.php?rest_route=\/wp\/v2\/pages\/1034\/revisions\/1810"}],"up":[{"embeddable":true,"href":"https:\/\/www.ramses.de\/index.php?rest_route=\/wp\/v2\/pages\/782"}],"wp:featuredmedia":[{"embeddable":true,"href":"https:\/\/www.ramses.de\/index.php?rest_route=\/wp\/v2\/media\/1807"}],"wp:attachment":[{"href":"https:\/\/www.ramses.de\/index.php?rest_route=%2Fwp%2Fv2%2Fmedia&parent=1034"}],"curies":[{"name":"wp","href":"https:\/\/api.w.org\/{rel}","templated":true}]}}