{"id":1069,"date":"2013-08-09T19:07:36","date_gmt":"2013-08-09T17:07:36","guid":{"rendered":"http:\/\/www.ramses.de\/?page_id=1069"},"modified":"2013-08-09T19:07:36","modified_gmt":"2013-08-09T17:07:36","slug":"factory-consultants-gmbh-lean-center","status":"publish","type":"page","link":"https:\/\/www.ramses.de\/?page_id=1069","title":{"rendered":"Factory Consultants GmbH &#8211; Lean Center"},"content":{"rendered":"<h1>Ein Planspiel zur Produktionssteuerung<\/h1>\n<p>war in diesem Fall unsere Aufgabe. Ziel ist die Schulung und Ausbildung der Mitarbeiter in Firmen der produzierenden Gewerbe.<\/p>\n<ul>\n<li>Erfassung und Verwaltung der Kunden und Auftragsdaten<\/li>\n<li>Verwaltung von Fertigprodukten, Bauteilen und Baugruppen<\/li>\n<li>Bearbeitung von Spielrunden und Semiardaten<\/li>\n<li>Berechnung diverser Kennzahlen wie Durchaufzeiten, First Pass Yield, Servicegrad uvm.<\/li>\n<li>Anzeige der Fertigungsdaten im ANDON Board<\/li>\n<li>Scan von fertiggemeldeten Auftr\u00e4gen<\/li>\n<li>Auswertungen und Statistiken<\/li>\n<\/ul>\n<p>F\u00fcr den Einsatz im internationalen Gesch\u00e4ft haben wir die Oberfl\u00e4che des Planspieles sowohl in Deutsch als auch in Englisch erstellt.<\/p>\n<p><a href=\"https:\/\/www.ramses.de\/wp-content\/uploads\/leanoffice1.jpg\"><img loading=\"lazy\" decoding=\"async\" class=\"alignnone size-medium wp-image-1070\" alt=\"leanoffice1\" src=\"https:\/\/www.ramses.de\/wp-content\/uploads\/leanoffice1-300x199.jpg\" width=\"300\" height=\"199\" srcset=\"https:\/\/www.ramses.de\/wp-content\/uploads\/leanoffice1-300x199.jpg 300w, https:\/\/www.ramses.de\/wp-content\/uploads\/leanoffice1-1024x679.jpg 1024w, https:\/\/www.ramses.de\/wp-content\/uploads\/leanoffice1.jpg 1408w\" sizes=\"auto, (max-width: 300px) 100vw, 300px\" \/><\/a><\/p>\n<p><a href=\"https:\/\/www.ramses.de\/wp-content\/uploads\/leanoffice2.jpg\"><img loading=\"lazy\" decoding=\"async\" class=\"alignnone size-medium wp-image-1071\" alt=\"leanoffice2\" src=\"https:\/\/www.ramses.de\/wp-content\/uploads\/leanoffice2-300x163.jpg\" width=\"300\" height=\"163\" srcset=\"https:\/\/www.ramses.de\/wp-content\/uploads\/leanoffice2-300x163.jpg 300w, https:\/\/www.ramses.de\/wp-content\/uploads\/leanoffice2-1024x558.jpg 1024w, https:\/\/www.ramses.de\/wp-content\/uploads\/leanoffice2.jpg 1280w\" sizes=\"auto, (max-width: 300px) 100vw, 300px\" \/><\/a><\/p>\n<p><a href=\"https:\/\/www.ramses.de\/wp-content\/uploads\/leanoffice3.jpg\"><img loading=\"lazy\" decoding=\"async\" class=\"alignnone size-medium wp-image-1072\" alt=\"leanoffice3\" src=\"https:\/\/www.ramses.de\/wp-content\/uploads\/leanoffice3-300x161.jpg\" width=\"300\" height=\"161\" srcset=\"https:\/\/www.ramses.de\/wp-content\/uploads\/leanoffice3-300x161.jpg 300w, https:\/\/www.ramses.de\/wp-content\/uploads\/leanoffice3-1024x552.jpg 1024w, https:\/\/www.ramses.de\/wp-content\/uploads\/leanoffice3-683x364.jpg 683w, https:\/\/www.ramses.de\/wp-content\/uploads\/leanoffice3.jpg 1342w\" sizes=\"auto, (max-width: 300px) 100vw, 300px\" \/><\/a><\/p>\n<p><a href=\"https:\/\/www.ramses.de\/wp-content\/uploads\/leanoffice4.jpg\"><img loading=\"lazy\" decoding=\"async\" class=\"alignnone size-medium wp-image-1073\" alt=\"leanoffice4\" src=\"https:\/\/www.ramses.de\/wp-content\/uploads\/leanoffice4-300x196.jpg\" width=\"300\" height=\"196\" srcset=\"https:\/\/www.ramses.de\/wp-content\/uploads\/leanoffice4-300x196.jpg 300w, https:\/\/www.ramses.de\/wp-content\/uploads\/leanoffice4-1024x672.jpg 1024w, https:\/\/www.ramses.de\/wp-content\/uploads\/leanoffice4.jpg 1441w\" sizes=\"auto, (max-width: 300px) 100vw, 300px\" \/><\/a><\/p>\n","protected":false},"excerpt":{"rendered":"<p>Ein Planspiel zur Produktionssteuerung war in diesem Fall unsere Aufgabe. Ziel ist die Schulung und Ausbildung der Mitarbeiter in Firmen der produzierenden Gewerbe. Erfassung und &#8230; <a title=\"Factory Consultants GmbH &#8211; Lean Center\" class=\"read-more\" href=\"https:\/\/www.ramses.de\/?page_id=1069\" aria-label=\"Mehr Informationen \u00fcber Factory Consultants GmbH &#8211; Lean Center\">Weiterlesen &#8230;<\/a><\/p>\n","protected":false},"author":1,"featured_media":1070,"parent":1046,"menu_order":0,"comment_status":"closed","ping_status":"closed","template":"template-full-width.php","meta":{"footnotes":""},"class_list":{"0":"post-1069","1":"page","2":"type-page","3":"status-publish","4":"has-post-thumbnail","6":"resize-featured-image"},"_links":{"self":[{"href":"https:\/\/www.ramses.de\/index.php?rest_route=\/wp\/v2\/pages\/1069","targetHints":{"allow":["GET"]}}],"collection":[{"href":"https:\/\/www.ramses.de\/index.php?rest_route=\/wp\/v2\/pages"}],"about":[{"href":"https:\/\/www.ramses.de\/index.php?rest_route=\/wp\/v2\/types\/page"}],"author":[{"embeddable":true,"href":"https:\/\/www.ramses.de\/index.php?rest_route=\/wp\/v2\/users\/1"}],"replies":[{"embeddable":true,"href":"https:\/\/www.ramses.de\/index.php?rest_route=%2Fwp%2Fv2%2Fcomments&post=1069"}],"version-history":[{"count":1,"href":"https:\/\/www.ramses.de\/index.php?rest_route=\/wp\/v2\/pages\/1069\/revisions"}],"predecessor-version":[{"id":1074,"href":"https:\/\/www.ramses.de\/index.php?rest_route=\/wp\/v2\/pages\/1069\/revisions\/1074"}],"up":[{"embeddable":true,"href":"https:\/\/www.ramses.de\/index.php?rest_route=\/wp\/v2\/pages\/1046"}],"wp:featuredmedia":[{"embeddable":true,"href":"https:\/\/www.ramses.de\/index.php?rest_route=\/wp\/v2\/media\/1070"}],"wp:attachment":[{"href":"https:\/\/www.ramses.de\/index.php?rest_route=%2Fwp%2Fv2%2Fmedia&parent=1069"}],"curies":[{"name":"wp","href":"https:\/\/api.w.org\/{rel}","templated":true}]}}