{"id":1086,"date":"2013-08-09T19:28:26","date_gmt":"2013-08-09T17:28:26","guid":{"rendered":"http:\/\/www.ramses.de\/?page_id=1086"},"modified":"2013-08-09T19:31:24","modified_gmt":"2013-08-09T17:31:24","slug":"referenzen-minimax-gmbh","status":"publish","type":"page","link":"https:\/\/www.ramses.de\/?page_id=1086","title":{"rendered":"Referenzen &#8211; Minimax GmbH"},"content":{"rendered":"<h1>Brandschutz<\/h1>\n<p>ist die Kernaufgabe dieser ehemals aus dem Preussag Konzern stammenden Firma. Seit mehr als 100 Jahren k\u00fcmmert sich die Firma in den Bereichen mobiler und station\u00e4rer Brandschutzl\u00f6sungen um die Sicherheit Ihrer Kunden. Mit Produkten in den Bereichen baulicher Brandschutz, Feuerl\u00f6schger\u00e4te und L\u00f6schanlagen ist Sie einer der wichtigsten Firmen in diesem Marktsegment.<\/p>\n<p>Die Minimax ist nach dem Ausscheiden aus dem Preussag Konzern im Jahre 2001 nun ein Teil der Barclays Private Equity Gruppe. Sie hat Ihre Zentrale in Bad Oldesloe und ein Zweiwerk in Bad Urach. Unsere Aufgabe bestand in der Entwicklung einer Datenbank f\u00fcr den Bereich der B\u00fcrgschaften.<\/p>\n<h3>Das Projekt<\/h3>\n<p><a title=\"Minimax GmbH \u2013 BVP\" href=\"https:\/\/www.ramses.de\/?page_id=1089\">Die B\u00fcrgschaftsverwaltung<\/a><\/p>\n","protected":false},"excerpt":{"rendered":"<p>Brandschutz ist die Kernaufgabe dieser ehemals aus dem Preussag Konzern stammenden Firma. Seit mehr als 100 Jahren k\u00fcmmert sich die Firma in den Bereichen mobiler &#8230; <a title=\"Referenzen &#8211; Minimax GmbH\" class=\"read-more\" href=\"https:\/\/www.ramses.de\/?page_id=1086\" aria-label=\"Mehr Informationen \u00fcber Referenzen &#8211; Minimax GmbH\">Weiterlesen &#8230;<\/a><\/p>\n","protected":false},"author":1,"featured_media":1087,"parent":745,"menu_order":0,"comment_status":"closed","ping_status":"closed","template":"template-full-width.php","meta":{"footnotes":""},"class_list":{"0":"post-1086","1":"page","2":"type-page","3":"status-publish","4":"has-post-thumbnail","6":"resize-featured-image"},"_links":{"self":[{"href":"https:\/\/www.ramses.de\/index.php?rest_route=\/wp\/v2\/pages\/1086","targetHints":{"allow":["GET"]}}],"collection":[{"href":"https:\/\/www.ramses.de\/index.php?rest_route=\/wp\/v2\/pages"}],"about":[{"href":"https:\/\/www.ramses.de\/index.php?rest_route=\/wp\/v2\/types\/page"}],"author":[{"embeddable":true,"href":"https:\/\/www.ramses.de\/index.php?rest_route=\/wp\/v2\/users\/1"}],"replies":[{"embeddable":true,"href":"https:\/\/www.ramses.de\/index.php?rest_route=%2Fwp%2Fv2%2Fcomments&post=1086"}],"version-history":[{"count":2,"href":"https:\/\/www.ramses.de\/index.php?rest_route=\/wp\/v2\/pages\/1086\/revisions"}],"predecessor-version":[{"id":1095,"href":"https:\/\/www.ramses.de\/index.php?rest_route=\/wp\/v2\/pages\/1086\/revisions\/1095"}],"up":[{"embeddable":true,"href":"https:\/\/www.ramses.de\/index.php?rest_route=\/wp\/v2\/pages\/745"}],"wp:featuredmedia":[{"embeddable":true,"href":"https:\/\/www.ramses.de\/index.php?rest_route=\/wp\/v2\/media\/1087"}],"wp:attachment":[{"href":"https:\/\/www.ramses.de\/index.php?rest_route=%2Fwp%2Fv2%2Fmedia&parent=1086"}],"curies":[{"name":"wp","href":"https:\/\/api.w.org\/{rel}","templated":true}]}}