{"id":1097,"date":"2013-08-10T14:21:21","date_gmt":"2013-08-10T12:21:21","guid":{"rendered":"http:\/\/www.ramses.de\/?page_id=1097"},"modified":"2016-01-08T12:20:22","modified_gmt":"2016-01-08T10:20:22","slug":"excel-aufbau","status":"publish","type":"page","link":"https:\/\/www.ramses.de\/?page_id=1097","title":{"rendered":"Excel Aufbau"},"content":{"rendered":"<h1>Weitergehende Einblicke in die Arbeit mit Excel<\/h1>\n<h3>Zielgruppe<\/h3>\n<p>An alle Personen, die komplexe Rechenmodelle professionell einsetzen, erstellen und verarbeiten wollen, sowie alle, die aus ihren Daten mehr Informationen erhalten wollen und schlie\u00dflich AnwenderInnen, die die M\u00f6glichkeiten von Excel aussch\u00f6pfen wollen.<\/p>\n<h3>Kursziele<\/h3>\n<p>Der Kurs soll die TeilnehmerInnen bef\u00e4higen, die meisten fortgeschrittenen Funktionen von Excel effektiv anzuwenden. Dabei geht es u.a. um das Arbeiten mit komplexeren Funktionen und gr\u00f6\u00dferen Arbeitsbl\u00e4ttern, die Nutzung professioneller Formatierungstechniken, die verschiedenen Werkzeuge zur Datenanalyse und die individuelle Einstellung von Excel.<\/p>\n<h3>Kursinhalte<\/h3>\n<ul>\n<li>Funktionen, insbesondere logische Funktionen<\/li>\n<li>Automatisches und manuelles Konsolidieren von Daten<\/li>\n<li>Zielwertsuche<\/li>\n<li>Solver<\/li>\n<li>Scenario Manager<\/li>\n<li>Der Detektiv<\/li>\n<li>Fehleranalyse in der Tabelle<\/li>\n<li>Beziehungen zwischen Zellen<\/li>\n<li>Fortgeschrittene Formatierungstechniken<\/li>\n<li>Druckformate und Vorlagen zum effizienten Formatieren<\/li>\n<li>Externe Bez\u00fcge<\/li>\n<\/ul>\n<h3>Voraussetzungen<\/h3>\n<p>Excel Vorkenntnisse sind gem\u00e4\u00df Excel Grundlagen sind notwendig.<\/p>\n<h3>Dauer<\/h3>\n<p>Das Kurskonzept sieht eine Dauer von 2 Tagen voraus.<\/p>\n<p>Das Kurskonzept zum Download<\/p>\n<ul>\n<li><a href=\"https:\/\/www.ramses.de\/files\/RAMSES_EXCEL_AUFBAU.pdf\">Kurskonzept<\/a><\/li>\n<\/ul>\n","protected":false},"excerpt":{"rendered":"<p>Weitergehende Einblicke in die Arbeit mit Excel Zielgruppe An alle Personen, die komplexe Rechenmodelle professionell einsetzen, erstellen und verarbeiten wollen, sowie alle, die aus ihren &#8230; <a title=\"Excel Aufbau\" class=\"read-more\" href=\"https:\/\/www.ramses.de\/?page_id=1097\" aria-label=\"Mehr Informationen \u00fcber Excel Aufbau\">Weiterlesen &#8230;<\/a><\/p>\n","protected":false},"author":1,"featured_media":0,"parent":685,"menu_order":0,"comment_status":"closed","ping_status":"closed","template":"","meta":{"footnotes":""},"class_list":["post-1097","page","type-page","status-publish"],"_links":{"self":[{"href":"https:\/\/www.ramses.de\/index.php?rest_route=\/wp\/v2\/pages\/1097","targetHints":{"allow":["GET"]}}],"collection":[{"href":"https:\/\/www.ramses.de\/index.php?rest_route=\/wp\/v2\/pages"}],"about":[{"href":"https:\/\/www.ramses.de\/index.php?rest_route=\/wp\/v2\/types\/page"}],"author":[{"embeddable":true,"href":"https:\/\/www.ramses.de\/index.php?rest_route=\/wp\/v2\/users\/1"}],"replies":[{"embeddable":true,"href":"https:\/\/www.ramses.de\/index.php?rest_route=%2Fwp%2Fv2%2Fcomments&post=1097"}],"version-history":[{"count":2,"href":"https:\/\/www.ramses.de\/index.php?rest_route=\/wp\/v2\/pages\/1097\/revisions"}],"predecessor-version":[{"id":3714,"href":"https:\/\/www.ramses.de\/index.php?rest_route=\/wp\/v2\/pages\/1097\/revisions\/3714"}],"up":[{"embeddable":true,"href":"https:\/\/www.ramses.de\/index.php?rest_route=\/wp\/v2\/pages\/685"}],"wp:attachment":[{"href":"https:\/\/www.ramses.de\/index.php?rest_route=%2Fwp%2Fv2%2Fmedia&parent=1097"}],"curies":[{"name":"wp","href":"https:\/\/api.w.org\/{rel}","templated":true}]}}