{"id":1106,"date":"2013-08-10T14:30:30","date_gmt":"2013-08-10T12:30:30","guid":{"rendered":"http:\/\/www.ramses.de\/?page_id=1106"},"modified":"2021-01-05T07:37:57","modified_gmt":"2021-01-05T05:37:57","slug":"excel-vba","status":"publish","type":"page","link":"https:\/\/www.ramses.de\/?page_id=1106","title":{"rendered":"Excel VBA"},"content":{"rendered":"<h1>Die Programmierung des Excel<\/h1>\n<h3>Zielgruppe<\/h3>\n<p>Personen, die weiterf\u00fchrende Aufgaben im Excel realisieren wollen.<\/p>\n<h3>Kursziele<\/h3>\n<p>Der Kurs soll das VBA erkl\u00e4ren und die M\u00f6glichkeiten des VBA zeigen.<\/p>\n<h3>Kursinhalte<\/h3>\n<ul>\n<li>VBA im Excel\n<ul>\n<li>Abgrenzung Makro \/ VBA<\/li>\n<li>Die pers\u00f6nliche Makroarbeitsmappe<\/li>\n<li>Aufzeichnung von Makros<\/li>\n<li>Zuweisung der Makros zu ShortCuts und Symbolen<\/li>\n<\/ul>\n<\/li>\n<li>Die Grundbegriffe der Programmierung\n<ul>\n<li>Module\n<ul>\n<li>Allgemeine Module<\/li>\n<li>Ereignisproceduren<\/li>\n<\/ul>\n<\/li>\n<li>Proceduren\n<ul>\n<li>Der Unterschied zwischen Sub Proceduren und Functionen<\/li>\n<li>Erstellung eigener Funktionen<\/li>\n<li>Wert\u00fcbergabe und R\u00fcckgabewerte<\/li>\n<li>Einbindung eigener Functionen als Add-In<\/li>\n<\/ul>\n<\/li>\n<li>Variablen\n<ul>\n<li>Wertvariablen<\/li>\n<li>Objektvariablen<\/li>\n<\/ul>\n<\/li>\n<\/ul>\n<\/li>\n<li>Die Entscheidungsstrukturen\n<ul>\n<li>Verzweigungen\n<ul>\n<li>Logische Strukturen mit If, Then, Else<\/li>\n<li>Die Fallauswahl Select Case<\/li>\n<\/ul>\n<\/li>\n<li>Schleifen\n<ul>\n<li>Auswahlbasierte For Each Schleifen<\/li>\n<li>Z\u00e4hlergesteuerte For Next Schleifen<\/li>\n<li>Bedingungsgesteuerte Do Until \/ Do While Schleifen<\/li>\n<\/ul>\n<\/li>\n<\/ul>\n<\/li>\n<li>Das Objektmodel des Excel\n<ul>\n<li>Zellen<\/li>\n<li>Spalten<\/li>\n<li>Zeilen<\/li>\n<li>Bereiche<\/li>\n<li>Bl\u00e4tter<\/li>\n<li>Arbeitsmappen<\/li>\n<li>Eigenschaften, Methoden und Ereignisse<\/li>\n<\/ul>\n<\/li>\n<li>Die Zusammenarbeit im Office Paket\n<ul>\n<li>Daten\u00fcbergaben mit Outlook<\/li>\n<li>Daten\u00fcbergaben mit Word<\/li>\n<li>Daten\u00fcbergaben mit Powerpoint<\/li>\n<li>Zugriff auf das Dateisystem<\/li>\n<\/ul>\n<\/li>\n<\/ul>\n<h3>Voraussetzungen<\/h3>\n<p>Excel Vorkenntnisse sind gem\u00e4\u00df Excel Grund. und Aufbauseminar notwendig.<\/p>\n<h3>Dauer<\/h3>\n<p>Das Kurskonzept sieht eine Dauer von 5 Tagen voraus.<\/p>\n<p>Das Kurskonzept zum Download<\/p>\n<ul>\n<li><a href=\"https:\/\/www.ramses.de\/files\/RAMSES_EXCEL_VBA.pdf\">Kurskonzept<\/a><\/li>\n<li><a href=\"https:\/\/www.ramses.de\/files\/RAMSES_Excel_VBA_VORTRAG.pdf\">Kursvortrag<\/a><\/li>\n<\/ul>\n","protected":false},"excerpt":{"rendered":"<p>Die Programmierung des Excel Zielgruppe Personen, die weiterf\u00fchrende Aufgaben im Excel realisieren wollen. Kursziele Der Kurs soll das VBA erkl\u00e4ren und die M\u00f6glichkeiten des VBA &#8230; <a title=\"Excel VBA\" class=\"read-more\" href=\"https:\/\/www.ramses.de\/?page_id=1106\" aria-label=\"Mehr Informationen \u00fcber Excel VBA\">Weiterlesen &#8230;<\/a><\/p>\n","protected":false},"author":1,"featured_media":3661,"parent":685,"menu_order":0,"comment_status":"closed","ping_status":"closed","template":"","meta":{"footnotes":""},"class_list":{"0":"post-1106","1":"page","2":"type-page","3":"status-publish","4":"has-post-thumbnail","6":"resize-featured-image"},"_links":{"self":[{"href":"https:\/\/www.ramses.de\/index.php?rest_route=\/wp\/v2\/pages\/1106","targetHints":{"allow":["GET"]}}],"collection":[{"href":"https:\/\/www.ramses.de\/index.php?rest_route=\/wp\/v2\/pages"}],"about":[{"href":"https:\/\/www.ramses.de\/index.php?rest_route=\/wp\/v2\/types\/page"}],"author":[{"embeddable":true,"href":"https:\/\/www.ramses.de\/index.php?rest_route=\/wp\/v2\/users\/1"}],"replies":[{"embeddable":true,"href":"https:\/\/www.ramses.de\/index.php?rest_route=%2Fwp%2Fv2%2Fcomments&post=1106"}],"version-history":[{"count":9,"href":"https:\/\/www.ramses.de\/index.php?rest_route=\/wp\/v2\/pages\/1106\/revisions"}],"predecessor-version":[{"id":5531,"href":"https:\/\/www.ramses.de\/index.php?rest_route=\/wp\/v2\/pages\/1106\/revisions\/5531"}],"up":[{"embeddable":true,"href":"https:\/\/www.ramses.de\/index.php?rest_route=\/wp\/v2\/pages\/685"}],"wp:featuredmedia":[{"embeddable":true,"href":"https:\/\/www.ramses.de\/index.php?rest_route=\/wp\/v2\/media\/3661"}],"wp:attachment":[{"href":"https:\/\/www.ramses.de\/index.php?rest_route=%2Fwp%2Fv2%2Fmedia&parent=1106"}],"curies":[{"name":"wp","href":"https:\/\/api.w.org\/{rel}","templated":true}]}}