{"id":1122,"date":"2013-08-10T14:59:30","date_gmt":"2013-08-10T12:59:30","guid":{"rendered":"http:\/\/www.ramses.de\/?page_id=1122"},"modified":"2019-06-14T13:25:33","modified_gmt":"2019-06-14T11:25:33","slug":"access-vba","status":"publish","type":"page","link":"https:\/\/www.ramses.de\/?page_id=1122","title":{"rendered":"Access VBA"},"content":{"rendered":"<h3>Zielgruppe<\/h3>\n<p>An alle Personen, die Routineaufgaben und aufwendige Berechnungen im VBA vereinfachen wollen.<\/p>\n<h3>Kursziele<\/h3>\n<p>Der Kurs soll die TeilnehmerInnen bef\u00e4higen, das VBA des Access anzuwenden, um die Access Anwendung zu vervollkommnen.<\/p>\n<h3>Kursinhalte<\/h3>\n<ul>\n<li>Prinzip der relationalen Datenbanken<\/li>\n<li>Kontrollstrukturen<\/li>\n<li>If\u2026Then\u2026Else-Anweisungen<\/li>\n<li>Einstufiges If<\/li>\n<li>Zweistufiges IF<\/li>\n<li>Mehrstufiges IF<\/li>\n<li>Select Case-Anweisungen<\/li>\n<li>Wiederholungen<\/li>\n<li>Z\u00e4hlergesteuerte Wiederholung &#8211; For &#8211; Next<\/li>\n<li>Bedingte Wiederholung Do Loop<\/li>\n<li>Datenzugriff mit der Seek Methode<\/li>\n<li>Behandlung von Laufzeitfehlern<\/li>\n<li>On Error<\/li>\n<li>Protokollieren von Fehlern<\/li>\n<\/ul>\n<h3>Voraussetzungen<\/h3>\n<p>Kenntnisse gem\u00e4\u00df unserem Grundkurs Access sind unumg\u00e4nglich. Sie sollten Access schon l\u00e4nger einsetzen und erste Datenbanken in der Praxis erstellt haben.<\/p>\n<h3>Dauer<\/h3>\n<p>Das Kurskonzept sieht eine Dauer von 5 Tagen voraus.<\/p>\n<p>Hier geht es zum <a href=\"https:\/\/www.ramses.de\/files\/RAMSES_ACCESS_VBA.pdf\">Download<\/a> des Kurskonzepts.<br \/>\nSelbstverst\u00e4ndlich erstellen wir auch ein individuelles Konzept f\u00fcr Sie!<\/p>\n","protected":false},"excerpt":{"rendered":"<p>Zielgruppe An alle Personen, die Routineaufgaben und aufwendige Berechnungen im VBA vereinfachen wollen. Kursziele Der Kurs soll die TeilnehmerInnen bef\u00e4higen, das VBA des Access anzuwenden, &#8230; <a title=\"Access VBA\" class=\"read-more\" href=\"https:\/\/www.ramses.de\/?page_id=1122\" aria-label=\"Mehr Informationen \u00fcber Access VBA\">Weiterlesen &#8230;<\/a><\/p>\n","protected":false},"author":1,"featured_media":0,"parent":690,"menu_order":0,"comment_status":"closed","ping_status":"closed","template":"","meta":{"footnotes":""},"class_list":["post-1122","page","type-page","status-publish"],"_links":{"self":[{"href":"https:\/\/www.ramses.de\/index.php?rest_route=\/wp\/v2\/pages\/1122","targetHints":{"allow":["GET"]}}],"collection":[{"href":"https:\/\/www.ramses.de\/index.php?rest_route=\/wp\/v2\/pages"}],"about":[{"href":"https:\/\/www.ramses.de\/index.php?rest_route=\/wp\/v2\/types\/page"}],"author":[{"embeddable":true,"href":"https:\/\/www.ramses.de\/index.php?rest_route=\/wp\/v2\/users\/1"}],"replies":[{"embeddable":true,"href":"https:\/\/www.ramses.de\/index.php?rest_route=%2Fwp%2Fv2%2Fcomments&post=1122"}],"version-history":[{"count":2,"href":"https:\/\/www.ramses.de\/index.php?rest_route=\/wp\/v2\/pages\/1122\/revisions"}],"predecessor-version":[{"id":5036,"href":"https:\/\/www.ramses.de\/index.php?rest_route=\/wp\/v2\/pages\/1122\/revisions\/5036"}],"up":[{"embeddable":true,"href":"https:\/\/www.ramses.de\/index.php?rest_route=\/wp\/v2\/pages\/690"}],"wp:attachment":[{"href":"https:\/\/www.ramses.de\/index.php?rest_route=%2Fwp%2Fv2%2Fmedia&parent=1122"}],"curies":[{"name":"wp","href":"https:\/\/api.w.org\/{rel}","templated":true}]}}