{"id":1125,"date":"2013-08-10T15:01:50","date_gmt":"2013-08-10T13:01:50","guid":{"rendered":"http:\/\/www.ramses.de\/?page_id=1125"},"modified":"2026-04-10T11:11:53","modified_gmt":"2026-04-10T09:11:53","slug":"access-anlagen","status":"publish","type":"page","link":"https:\/\/www.ramses.de\/?page_id=1125","title":{"rendered":"Access &#8211; Anlagen"},"content":{"rendered":"\n<h2 class=\"wp-block-heading\">Hier finden Sie n\u00fctzlich Information zu unseren Seminaren<\/h2>\n\n\n\n<p class=\"gb-text\">Wenn Sie Vorschl\u00e4ge oder W\u00fcnsche zu den Anlagen haben, so w\u00fcrde ich mich \u00fcber eien Mali sehr freuen&#8230;<\/p>\n\n\n\n<div class=\"gbp-section gb-element-242859bd\">\n<div class=\"gbp-section__inner gb-element-037221ac\">\n<div class=\"gb-element-dadb8953\">\n<h3 class=\"gb-text gbp-section__headline gb-text-f8f827dd\">Handout <br>Abfragen<\/h3>\n\n\n\n<p class=\"gb-text gbp-section__text\">Informationen zu den Abfragen..<\/p>\n\n\n\n<div class=\"gb-element-0656877e\">\n<a class=\"gb-text gbp-button--primary\" href=\"https:\/\/www.ramses.de\/wp-content\/uploads\/Abfragen.pdf\">Download<\/a>\n<\/div>\n<\/div>\n\n\n\n<div class=\"gb-element-8681a0e4\">\n<h3 class=\"gb-text gbp-section__headline gb-text-5c823b76\">Kurzanleitung <br>Abfragen<\/h3>\n\n\n\n<p class=\"gb-text gbp-section__text\">Ein Blatt mit allen Infos zu Abfragen.<\/p>\n\n\n\n<div class=\"gb-element-e6aeafc9\">\n<a class=\"gb-text gbp-button--primary\" href=\"https:\/\/www.ramses.de\/wp-content\/uploads\/Kurzanleitung%20Abfragen.pdf\">Download<\/a>\n<\/div>\n<\/div>\n\n\n\n<div class=\"gb-element-725cec47\">\n<h3 class=\"gb-text gbp-section__headline gb-text-4680a80b\">Kurzanleitung Grundlagen<\/h3>\n\n\n\n<p class=\"gb-text gbp-section__text\">Die ersten Schritt in der Datenbank.<\/p>\n\n\n\n<div class=\"gb-element-d7e5e4ed\">\n<a class=\"gb-text gbp-button--primary\" href=\"https:\/\/www.ramses.de\/wp-content\/uploads\/Kurzanleitung%20Grundlagen.pdf\">Download<\/a>\n<\/div>\n<\/div>\n\n\n\n<div class=\"gb-element-1baa2f80\">\n<h3 class=\"gb-text gbp-section__headline gb-text-cf422da8\">Namensvorschl\u00e4ge<br>Objekte<\/h3>\n\n\n\n<p class=\"gb-text gbp-section__text\">Wie ich die Dinge benenne.<\/p>\n\n\n\n<div class=\"gb-element-57348dbc\">\n<a class=\"gb-text gbp-button--primary\" href=\"https:\/\/www.ramses.de\/wp-content\/uploads\/Namensvorschlaege-Objekte.pdf\">Download<\/a>\n<\/div>\n<\/div>\n\n\n\n<div class=\"gb-element-33564398\">\n<h3 class=\"gb-text gbp-section__headline gb-text-30389ccb\">Namensvorschl\u00e4ge<br>Tabellen<\/h3>\n\n\n\n<p class=\"gb-text gbp-section__text\">Tabellen und Feldbenennung.<\/p>\n\n\n\n<div class=\"gb-element-2ca38388\">\n<a class=\"gb-text gbp-button--primary\" href=\"https:\/\/www.ramses.de\/wp-content\/uploads\/Namensvorschlaege-Tabelle.pdf\">Download<\/a>\n<\/div>\n<\/div>\n\n\n\n<div class=\"gb-element-1f90ac2a\">\n<h3 class=\"gb-text gbp-section__headline gb-text-9d291c12\">Text in Combo<br>umwandeln<\/h3>\n\n\n\n<p class=\"gb-text gbp-section__text\">Die Feldkonvertierung,<\/p>\n\n\n\n<div class=\"gb-element-2390758d\">\n<a class=\"gb-text gbp-button--primary\" href=\"https:\/\/www.ramses.de\/wp-content\/uploads\/RAMSES_ACCESS_FAQ_COMBOS.pdf\">Download<\/a>\n<\/div>\n<\/div>\n\n\n\n<div class=\"gb-element-d73ac0dd\">\n<h3 class=\"gb-text gbp-section__headline gb-text-3a38bc2e\">Haupt und<br>Unterformulare<\/h3>\n\n\n\n<p class=\"gb-text gbp-section__text\">Die tollen Formulare<\/p>\n\n\n\n<div class=\"gb-element-d69aa284\">\n<a class=\"gb-text gbp-button--primary\" href=\"https:\/\/www.ramses.de\/wp-content\/uploads\/Namensvorschlaege-Objekte.pdf\">Download<\/a>\n<\/div>\n<\/div>\n\n\n\n<div class=\"gb-element-bc718541\">\n<h3 class=\"gb-text gbp-section__headline gb-text-a4a679dd\">Haupt und<br>Unterformulare<\/h3>\n\n\n\n<p class=\"gb-text gbp-section__text\">Tabellendesign bestimmt Formulardesign<\/p>\n\n\n\n<div class=\"gb-element-519a0286\">\n<a class=\"gb-text gbp-button--primary\" href=\"https:\/\/www.ramses.de\/wp-content\/uploads\/Namensvorschlaege-Tabelle.pdf\">Download<\/a>\n<\/div>\n<\/div>\n\n\n\n<div class=\"gb-element-20bae40c\">\n<h3 class=\"gb-text gbp-section__headline gb-text-58349c29\">Die Pr\u00e4sentation<br>aus dem Seminar<\/h3>\n\n\n\n<p class=\"gb-text gbp-section__text\">Zum Nachlesen und weitergeben<\/p>\n\n\n\n<div class=\"gb-element-f9cb3d67\">\n<a class=\"gb-text gbp-button--primary\" href=\"https:\/\/www.ramses.de\/wp-content\/uploads\/RAMSES%20Datenbank%20Entwicklung.pdf\">Download<\/a>\n<\/div>\n<\/div>\n<\/div>\n<\/div>\n\n\n\n<p><\/p>\n\n\n\n<div class=\"gbp-section gb-element-242859bd\">\n<div class=\"gbp-section__inner gb-element-037221ac\">\n<div class=\"gb-element-dadb8953\">\n<h3 class=\"gb-text gbp-section__headline gb-text-f8f827dd\">Handel Anwendung<\/h3>\n\n\n\n<p class=\"gb-text gbp-section__text\">In dieser Datenbank befindet sich die Oberfl\u00e4che unserer Schulungsdatenbank.<\/p>\n\n\n\n<div class=\"gb-element-0656877e\">\n<a class=\"gb-text gbp-button--primary\" href=\"https:\/\/www.ramses.de\/wp-content\/uploads\/HANDELANW.zip\">Download<\/a>\n<\/div>\n<\/div>\n\n\n\n<div class=\"gb-element-8681a0e4\">\n<h3 class=\"gb-text gbp-section__headline gb-text-5c823b76\">Handel Daten<\/h3>\n\n\n\n<p class=\"gb-text gbp-section__text\">Hier liegen die Tabellen f\u00fcr unsere Access Seminare.<\/p>\n\n\n\n<div class=\"gb-element-e6aeafc9\">\n<a class=\"gb-text gbp-button--primary\" href=\"https:\/\/www.ramses.de\/wp-content\/uploads\/HANDELDAT.zip\">Download<\/a>\n<\/div>\n<\/div>\n\n\n\n<div class=\"gb-element-725cec47\">\n<h3 class=\"gb-text gbp-section__headline gb-text-4680a80b\">Handel Protokoll<\/h3>\n\n\n\n<p class=\"gb-text gbp-section__text\">Zur Protokollierung nutzen wir diese Datenbank in den Schulungen.<\/p>\n\n\n\n<div class=\"gb-element-d7e5e4ed\">\n<a class=\"gb-text gbp-button--primary\" href=\"https:\/\/www.ramses.de\/wp-content\/uploads\/HANDELPROT.zip\">Download<\/a>\n<\/div>\n<\/div>\n<\/div>\n<\/div>\n\n\n\n<p><\/p>\n","protected":false},"excerpt":{"rendered":"<p>Hier finden Sie n\u00fctzlich Information zu unseren Seminaren Wenn Sie Vorschl\u00e4ge oder W\u00fcnsche zu den Anlagen haben, so w\u00fcrde ich mich \u00fcber eien Mali sehr &#8230; <a title=\"Access &#8211; Anlagen\" class=\"read-more\" href=\"https:\/\/www.ramses.de\/?page_id=1125\" aria-label=\"Mehr Informationen \u00fcber Access &#8211; Anlagen\">Weiterlesen &#8230;<\/a><\/p>\n","protected":false},"author":1,"featured_media":5939,"parent":690,"menu_order":0,"comment_status":"closed","ping_status":"closed","template":"","meta":{"footnotes":""},"class_list":{"0":"post-1125","1":"page","2":"type-page","3":"status-publish","4":"has-post-thumbnail","6":"resize-featured-image"},"_links":{"self":[{"href":"https:\/\/www.ramses.de\/index.php?rest_route=\/wp\/v2\/pages\/1125","targetHints":{"allow":["GET"]}}],"collection":[{"href":"https:\/\/www.ramses.de\/index.php?rest_route=\/wp\/v2\/pages"}],"about":[{"href":"https:\/\/www.ramses.de\/index.php?rest_route=\/wp\/v2\/types\/page"}],"author":[{"embeddable":true,"href":"https:\/\/www.ramses.de\/index.php?rest_route=\/wp\/v2\/users\/1"}],"replies":[{"embeddable":true,"href":"https:\/\/www.ramses.de\/index.php?rest_route=%2Fwp%2Fv2%2Fcomments&post=1125"}],"version-history":[{"count":18,"href":"https:\/\/www.ramses.de\/index.php?rest_route=\/wp\/v2\/pages\/1125\/revisions"}],"predecessor-version":[{"id":7499,"href":"https:\/\/www.ramses.de\/index.php?rest_route=\/wp\/v2\/pages\/1125\/revisions\/7499"}],"up":[{"embeddable":true,"href":"https:\/\/www.ramses.de\/index.php?rest_route=\/wp\/v2\/pages\/690"}],"wp:featuredmedia":[{"embeddable":true,"href":"https:\/\/www.ramses.de\/index.php?rest_route=\/wp\/v2\/media\/5939"}],"wp:attachment":[{"href":"https:\/\/www.ramses.de\/index.php?rest_route=%2Fwp%2Fv2%2Fmedia&parent=1125"}],"curies":[{"name":"wp","href":"https:\/\/api.w.org\/{rel}","templated":true}]}}