{"id":1135,"date":"2013-08-10T15:14:50","date_gmt":"2013-08-10T13:14:50","guid":{"rendered":"http:\/\/www.ramses.de\/?page_id=1135"},"modified":"2020-07-23T07:16:35","modified_gmt":"2020-07-23T05:16:35","slug":"powerpoint-grundlagen","status":"publish","type":"page","link":"https:\/\/www.ramses.de\/?page_id=1135","title":{"rendered":"Powerpoint Grundlagen"},"content":{"rendered":"<h3>Zielgruppe<\/h3>\n<p>Alle, die mit wenig Aufwand ansprechende Pr\u00e4sentationen erstellen wollen.<\/p>\n<h3>Kursziele<\/h3>\n<p>Ziel ist die Einf\u00fchrung in das Pr\u00e4sentationsprogramm MS Powerpoint. Die TeilnehmerInnen sollen das Erstellen von effektvollen Pr\u00e4sentationen erlernen. Das Verarbeiten von erstellten Dokumenten aus Excel und Word ist ebenso Ziel, wie das Erstellen von Notizbl\u00e4ttern und Handzetteln.<\/p>\n<h3>Kursinhalte<\/h3>\n<ul>\n<li>Erstellung von schwarz-wei\u00df \/ und farbigen Folien<\/li>\n<li>Erstellung von Notizbl\u00e4ttern<\/li>\n<li>Erstellung von Handzetteln<\/li>\n<li>Erstellung von Gliederungen<\/li>\n<li>Animation von Folien<\/li>\n<li>Arbeiten mit Folien Mastern<\/li>\n<li>Da Verwenden von Abschnitten<\/li>\n<li>\u00dcbernahme von Daten aus Word<\/li>\n<li>\u00dcbernahme von Tabellen aus Excel<\/li>\n<\/ul>\n<h3>Voraussetzungen<\/h3>\n<p>Mindestvoraussetzung ist der Windows Grundkurs.<\/p>\n<h3>Dauer<\/h3>\n<p>Das Kurskonzept sieht eine Dauer von 2 Tagen voraus.<\/p>\n","protected":false},"excerpt":{"rendered":"<p>Zielgruppe Alle, die mit wenig Aufwand ansprechende Pr\u00e4sentationen erstellen wollen. Kursziele Ziel ist die Einf\u00fchrung in das Pr\u00e4sentationsprogramm MS Powerpoint. Die TeilnehmerInnen sollen das Erstellen &#8230; <a title=\"Powerpoint Grundlagen\" class=\"read-more\" href=\"https:\/\/www.ramses.de\/?page_id=1135\" aria-label=\"Mehr Informationen \u00fcber Powerpoint Grundlagen\">Weiterlesen &#8230;<\/a><\/p>\n","protected":false},"author":1,"featured_media":0,"parent":699,"menu_order":0,"comment_status":"closed","ping_status":"closed","template":"","meta":{"footnotes":""},"class_list":["post-1135","page","type-page","status-publish"],"_links":{"self":[{"href":"https:\/\/www.ramses.de\/index.php?rest_route=\/wp\/v2\/pages\/1135","targetHints":{"allow":["GET"]}}],"collection":[{"href":"https:\/\/www.ramses.de\/index.php?rest_route=\/wp\/v2\/pages"}],"about":[{"href":"https:\/\/www.ramses.de\/index.php?rest_route=\/wp\/v2\/types\/page"}],"author":[{"embeddable":true,"href":"https:\/\/www.ramses.de\/index.php?rest_route=\/wp\/v2\/users\/1"}],"replies":[{"embeddable":true,"href":"https:\/\/www.ramses.de\/index.php?rest_route=%2Fwp%2Fv2%2Fcomments&post=1135"}],"version-history":[{"count":3,"href":"https:\/\/www.ramses.de\/index.php?rest_route=\/wp\/v2\/pages\/1135\/revisions"}],"predecessor-version":[{"id":5462,"href":"https:\/\/www.ramses.de\/index.php?rest_route=\/wp\/v2\/pages\/1135\/revisions\/5462"}],"up":[{"embeddable":true,"href":"https:\/\/www.ramses.de\/index.php?rest_route=\/wp\/v2\/pages\/699"}],"wp:attachment":[{"href":"https:\/\/www.ramses.de\/index.php?rest_route=%2Fwp%2Fv2%2Fmedia&parent=1135"}],"curies":[{"name":"wp","href":"https:\/\/api.w.org\/{rel}","templated":true}]}}