{"id":1138,"date":"2013-08-10T15:38:52","date_gmt":"2013-08-10T13:38:52","guid":{"rendered":"http:\/\/www.ramses.de\/?page_id=1138"},"modified":"2024-01-05T14:48:54","modified_gmt":"2024-01-05T12:48:54","slug":"project-grundlagen","status":"publish","type":"page","link":"https:\/\/www.ramses.de\/?page_id=1138","title":{"rendered":"Project Grundlagen"},"content":{"rendered":"<h3>Zielgruppe<\/h3>\n<p>Alle Personen, die mit Hilfe von Project gr\u00f6\u00dfere Projekte planen wollen oder einen Einblick in die Leistungsf\u00e4higkeit von Planungsprogrammen unter Windows bekommen wollen.<\/p>\n<h3>Kursziele<\/h3>\n<p>Ziel der Schulung ist die Einf\u00fchrung in die Handhabung eines modernen PC-Projektmanagementsystems am Beispiel von Microsoft Project. Die TeilnehmerInnen werden in die Lage versetzt, Projektdaten zu erfassen und zu pflegen, mit den von Project bereitgestellten Planungshilfen zu arbeiten und die Ergebnisse ihrer Planung in geeigneter Form pr\u00e4sentationsreif aufzubereiten.<\/p>\n<h3>Kursinhalte<\/h3>\n<h4>Grundlagen<\/h4>\n<div class=\"sw_course_outline\">\n<ul>\n<li>Einf\u00fchrung in Microsoft Project<\/li>\n<li>Funktionsumfang von Project<\/li>\n<li>Ansichten, Tabellen und Masken<\/li>\n<li>Grundlagen des Projektmanagement<\/li>\n<\/ul>\n<h4>Strukturplanung<\/h4>\n<ul>\n<li>Vorg\u00e4nge erfassen<\/li>\n<li>Ereignisorientierung vs. Objektorientierung<\/li>\n<li>top to buttom vs buttom to top<\/li>\n<li>Vorgangsbeziehungen<\/li>\n<li>Sammelvorg\u00e4nge<\/li>\n<li>Meilensteine<\/li>\n<\/ul>\n<h4>Zeitplanung<\/h4>\n<ul>\n<li>Vorgangsdauer<\/li>\n<li>Fortlaufende Dauer<\/li>\n<li>Vorw\u00e4rts- und R\u00fcckw\u00e4rtsrechnung<\/li>\n<li>Kalender<\/li>\n<li>Projekt- und Vorgangskalender<\/li>\n<li>Arbeitsfreie Zeiten<\/li>\n<\/ul>\n<h4>Ressourcenplanung<\/h4>\n<ul>\n<li>Arbeits-. Material- und Kostenressourcen<\/li>\n<li>Ressourcen zuweisen<\/li>\n<li>Ressourcenkonflikte l\u00f6sen<\/li>\n<li>\u00dcberstunden und Wochenendarbeit<\/li>\n<\/ul>\n<h4>Kostenplanung<\/h4>\n<ul>\n<li>Vorgangskosten<\/li>\n<li>Ressourcenkosten<\/li>\n<li>Budgetierung<\/li>\n<\/ul>\n<h4>Projektverfolgung<\/h4>\n<ul>\n<li>Basisplan speichern<\/li>\n<li>Erfassung von Ist-Daten<\/li>\n<li>Soll- Istvergleich<\/li>\n<li>Zwischenpl\u00e4ne<\/li>\n<\/ul>\n<h4>Anpassung des Project<\/h4>\n<ul>\n<li>Ansichten, Tabellen und Masken<\/li>\n<li>Benutzerdefinierte Ansichten<\/li>\n<li>Benutzerdefinierte Felder<\/li>\n<li>Vorlagenverwaltung<\/li>\n<\/ul>\n<h4>Reporting<\/h4>\n<ul>\n<li>Ansichten und Berichte drucken<\/li>\n<li>Dashboardberichte<\/li>\n<li>Berichte anpassen<\/li>\n<li>Grafische Berichte<\/li>\n<li>Zeitachse<\/li>\n<\/ul>\n<\/div>\n<h3>Voraussetzungen<\/h3>\n<p>Mindestvoraussetzung ist der Windows Grundkurs.<br \/>\nW\u00fcnschenswert sind Erfahrungen in einem Anwendungsprogramm wie Word oder Excel.<\/p>\n<h3>Dauer<\/h3>\n<p>Das Kurskonzept sieht eine Dauer von 3 Tagen voraus.<\/p>\n<p>Das Kurskonzept zum Download<\/p>\n<ul>\n<li><a href=\"https:\/\/www.ramses.de\/files\/RAMSES_PROJECT_GRUNDLAGEN.pdf\">Kurskonzept<\/a><\/li>\n<\/ul>\n","protected":false},"excerpt":{"rendered":"<p>Zielgruppe Alle Personen, die mit Hilfe von Project gr\u00f6\u00dfere Projekte planen wollen oder einen Einblick in die Leistungsf\u00e4higkeit von Planungsprogrammen unter Windows bekommen wollen. Kursziele &#8230; <a title=\"Project Grundlagen\" class=\"read-more\" href=\"https:\/\/www.ramses.de\/?page_id=1138\" aria-label=\"Mehr Informationen \u00fcber Project Grundlagen\">Weiterlesen &#8230;<\/a><\/p>\n","protected":false},"author":1,"featured_media":0,"parent":851,"menu_order":0,"comment_status":"closed","ping_status":"closed","template":"","meta":{"footnotes":""},"class_list":["post-1138","page","type-page","status-publish"],"_links":{"self":[{"href":"https:\/\/www.ramses.de\/index.php?rest_route=\/wp\/v2\/pages\/1138","targetHints":{"allow":["GET"]}}],"collection":[{"href":"https:\/\/www.ramses.de\/index.php?rest_route=\/wp\/v2\/pages"}],"about":[{"href":"https:\/\/www.ramses.de\/index.php?rest_route=\/wp\/v2\/types\/page"}],"author":[{"embeddable":true,"href":"https:\/\/www.ramses.de\/index.php?rest_route=\/wp\/v2\/users\/1"}],"replies":[{"embeddable":true,"href":"https:\/\/www.ramses.de\/index.php?rest_route=%2Fwp%2Fv2%2Fcomments&post=1138"}],"version-history":[{"count":8,"href":"https:\/\/www.ramses.de\/index.php?rest_route=\/wp\/v2\/pages\/1138\/revisions"}],"predecessor-version":[{"id":6195,"href":"https:\/\/www.ramses.de\/index.php?rest_route=\/wp\/v2\/pages\/1138\/revisions\/6195"}],"up":[{"embeddable":true,"href":"https:\/\/www.ramses.de\/index.php?rest_route=\/wp\/v2\/pages\/851"}],"wp:attachment":[{"href":"https:\/\/www.ramses.de\/index.php?rest_route=%2Fwp%2Fv2%2Fmedia&parent=1138"}],"curies":[{"name":"wp","href":"https:\/\/api.w.org\/{rel}","templated":true}]}}