{"id":1149,"date":"2013-08-10T15:58:31","date_gmt":"2013-08-10T13:58:31","guid":{"rendered":"http:\/\/www.ramses.de\/?page_id=1149"},"modified":"2022-11-13T15:24:54","modified_gmt":"2022-11-13T13:24:54","slug":"word-aufbau","status":"publish","type":"page","link":"https:\/\/www.ramses.de\/?page_id=1149","title":{"rendered":"Word Aufbau"},"content":{"rendered":"<h3>Zielgruppe<\/h3>\n<p>Der Aufbaukurs wendet sich an alle, die gro\u00dfe und aufwendige Texte erstellen und bearbeiten m\u00fcssen sowie an Personen, die die vielf\u00e4ltigen M\u00f6glichkeiten von Word weit reichend ausnutzen wollen.<\/p>\n<h3>Kursziele<\/h3>\n<p>Die TeilnehmerInnen sollen die komplexen Werkzeuge von Word kennen lernen und diese effizient f\u00fcr ihre t\u00e4gliche Arbeit einsetzen k\u00f6nnen.<\/p>\n<h3>Kursinhalte<\/h3>\n<ul>\n<li>Serienbriefe<\/li>\n<li>Arbeiten mit Feldfunktionen<\/li>\n<li>Variable Textelemente \/ Autotexte<\/li>\n<li>Geschachtelte Funktionen<\/li>\n<li>Dokumentvorlagen<\/li>\n<li>Formatvorlagen<\/li>\n<li>Erstellung von Formularen<\/li>\n<li>Rechnen in Text und Tabellen<\/li>\n<li>Aufzeichnen einfacher Makros<\/li>\n<li>Arbeiten mit umfangreichen Dokumenten<\/li>\n<li>Gliederung<\/li>\n<li>Fu\u00dfnoten und Querverweise<\/li>\n<li>Grafiken<\/li>\n<li>Verzeichnisse und Indizes<\/li>\n<\/ul>\n<h3>Voraussetzungen<\/h3>\n<p>Mindestvoraussetzung ist der Word Grundkurs.<\/p>\n<h3>Dauer<\/h3>\n<p>Das Kurskonzept sieht eine Dauer von 2 Tagen voraus.<\/p>\n<p>Das Kurskonzept zum Download<\/p>\n<ul>\n<li><a href=\"https:\/\/www.ramses.de\/files\/RAMSES_WORD_AUFBAU.pdf\">Kurskonzept<\/a><\/li>\n<\/ul>\n","protected":false},"excerpt":{"rendered":"<p>Zielgruppe Der Aufbaukurs wendet sich an alle, die gro\u00dfe und aufwendige Texte erstellen und bearbeiten m\u00fcssen sowie an Personen, die die vielf\u00e4ltigen M\u00f6glichkeiten von Word &#8230; <a title=\"Word Aufbau\" class=\"read-more\" href=\"https:\/\/www.ramses.de\/?page_id=1149\" aria-label=\"Mehr Informationen \u00fcber Word Aufbau\">Weiterlesen &#8230;<\/a><\/p>\n","protected":false},"author":1,"featured_media":0,"parent":678,"menu_order":0,"comment_status":"closed","ping_status":"closed","template":"","meta":{"footnotes":""},"class_list":["post-1149","page","type-page","status-publish"],"_links":{"self":[{"href":"https:\/\/www.ramses.de\/index.php?rest_route=\/wp\/v2\/pages\/1149","targetHints":{"allow":["GET"]}}],"collection":[{"href":"https:\/\/www.ramses.de\/index.php?rest_route=\/wp\/v2\/pages"}],"about":[{"href":"https:\/\/www.ramses.de\/index.php?rest_route=\/wp\/v2\/types\/page"}],"author":[{"embeddable":true,"href":"https:\/\/www.ramses.de\/index.php?rest_route=\/wp\/v2\/users\/1"}],"replies":[{"embeddable":true,"href":"https:\/\/www.ramses.de\/index.php?rest_route=%2Fwp%2Fv2%2Fcomments&post=1149"}],"version-history":[{"count":4,"href":"https:\/\/www.ramses.de\/index.php?rest_route=\/wp\/v2\/pages\/1149\/revisions"}],"predecessor-version":[{"id":5902,"href":"https:\/\/www.ramses.de\/index.php?rest_route=\/wp\/v2\/pages\/1149\/revisions\/5902"}],"up":[{"embeddable":true,"href":"https:\/\/www.ramses.de\/index.php?rest_route=\/wp\/v2\/pages\/678"}],"wp:attachment":[{"href":"https:\/\/www.ramses.de\/index.php?rest_route=%2Fwp%2Fv2%2Fmedia&parent=1149"}],"curies":[{"name":"wp","href":"https:\/\/api.w.org\/{rel}","templated":true}]}}