{"id":1155,"date":"2013-08-12T11:14:50","date_gmt":"2013-08-12T09:14:50","guid":{"rendered":"http:\/\/www.ramses.de\/?page_id=1155"},"modified":"2022-07-26T08:02:56","modified_gmt":"2022-07-26T06:02:56","slug":"referenzen-landeshauptstadt-hannover-oe67","status":"publish","type":"page","link":"https:\/\/www.ramses.de\/?page_id=1155","title":{"rendered":"Referenzen &#8211; Landeshauptstadt Hannover OE67"},"content":{"rendered":"<p>&nbsp;<\/p>\n<div>\n<h1>Fachbereich Umwelt und Stadtgr\u00fcn<\/h1>\n<p>Mit fast 50 % Gr\u00fcnanteil im Stadtgebiet ist Hannover bekannt als \u201eStadt der G\u00e4rten\u201c. Rund 750 Mitarbeiterinnen und Mitarbeiter planen, bauen und pflegen die \u00f6ffentlichen Gr\u00fcnfl\u00e4chen, Spielpl\u00e4tze, W\u00e4lder, Parks und Stra\u00dfenb\u00e4ume im Stadtgebiet.<\/p>\n<p>Der <b>Bereich Friedh\u00f6fe<\/b> betreibt und betreut 19 Stadtfriedh\u00f6fe in Hannover. Dazu geh\u00f6ren vor allem die denkmalgesch\u00fctzten gro\u00dfen Anlagen in St\u00f6cken, Engesohde, Seelhorst, Ricklingen und Lahe, die wichtige Elemente im st\u00e4dtischen Gr\u00fcn darstellen.<\/p>\n<h3>Unser Projekt<\/h3>\n<ul>\n<li><a title=\"Fachbereich Umwelt und Stadtgr\u00fcn \u2013 Auftragsverwaltung\" href=\"https:\/\/www.ramses.de\/?page_id=1158\">Aufragsverwaltung<\/a><\/li>\n<li><a href=\"https:\/\/www.ramses.de\/?page_id=5420\">Baumschutzverordnung<\/a><\/li>\n<li><a title=\"Region Hannover \u2013 Schornsteinfegerverwaltung\" href=\"https:\/\/www.ramses.de\/?page_id=2183\">Schornsteinfegerverwaltung<\/a><\/li>\n<li><a title=\"Fachbereich Umwelt und Stadtgr\u00fcn \u2013 Seminarverwaltung\" href=\"https:\/\/www.ramses.de\/?page_id=2850\">Seminarverwaltung<\/a><\/li>\n<li><a title=\"Stadt Hannover \u2013 Umweltvertr\u00e4glichkeitspr\u00fcfungen\" href=\"https:\/\/www.ramses.de\/?page_id=2218\">UVP<\/a><\/li>\n<li><a title=\"Stadt Hannover \u2013 K2000\" href=\"https:\/\/www.ramses.de\/?page_id=2221\">K2000<\/a><\/li>\n<li>Inventarisierung<\/li>\n<li>Bankverwaltung<\/li>\n<\/ul>\n<p>Sie suchen auch nach Software f\u00fcr den kommunalen Einsatz? Dann senden Sie uns eine Mail&#8230;..<\/p>\n<\/div>\n","protected":false},"excerpt":{"rendered":"<p>&nbsp; Fachbereich Umwelt und Stadtgr\u00fcn Mit fast 50 % Gr\u00fcnanteil im Stadtgebiet ist Hannover bekannt als \u201eStadt der G\u00e4rten\u201c. Rund 750 Mitarbeiterinnen und Mitarbeiter planen, &#8230; <a title=\"Referenzen &#8211; Landeshauptstadt Hannover OE67\" class=\"read-more\" href=\"https:\/\/www.ramses.de\/?page_id=1155\" aria-label=\"Mehr Informationen \u00fcber Referenzen &#8211; Landeshauptstadt Hannover OE67\">Weiterlesen &#8230;<\/a><\/p>\n","protected":false},"author":1,"featured_media":0,"parent":749,"menu_order":0,"comment_status":"closed","ping_status":"closed","template":"template-full-width.php","meta":{"footnotes":""},"class_list":["post-1155","page","type-page","status-publish"],"_links":{"self":[{"href":"https:\/\/www.ramses.de\/index.php?rest_route=\/wp\/v2\/pages\/1155","targetHints":{"allow":["GET"]}}],"collection":[{"href":"https:\/\/www.ramses.de\/index.php?rest_route=\/wp\/v2\/pages"}],"about":[{"href":"https:\/\/www.ramses.de\/index.php?rest_route=\/wp\/v2\/types\/page"}],"author":[{"embeddable":true,"href":"https:\/\/www.ramses.de\/index.php?rest_route=\/wp\/v2\/users\/1"}],"replies":[{"embeddable":true,"href":"https:\/\/www.ramses.de\/index.php?rest_route=%2Fwp%2Fv2%2Fcomments&post=1155"}],"version-history":[{"count":11,"href":"https:\/\/www.ramses.de\/index.php?rest_route=\/wp\/v2\/pages\/1155\/revisions"}],"predecessor-version":[{"id":5871,"href":"https:\/\/www.ramses.de\/index.php?rest_route=\/wp\/v2\/pages\/1155\/revisions\/5871"}],"up":[{"embeddable":true,"href":"https:\/\/www.ramses.de\/index.php?rest_route=\/wp\/v2\/pages\/749"}],"wp:attachment":[{"href":"https:\/\/www.ramses.de\/index.php?rest_route=%2Fwp%2Fv2%2Fmedia&parent=1155"}],"curies":[{"name":"wp","href":"https:\/\/api.w.org\/{rel}","templated":true}]}}