{"id":1158,"date":"2013-08-12T11:16:14","date_gmt":"2013-08-12T09:16:14","guid":{"rendered":"http:\/\/www.ramses.de\/?page_id=1158"},"modified":"2018-07-11T11:24:23","modified_gmt":"2018-07-11T09:24:23","slug":"fachbereich-umwelt-und-stadtgrun-auftragsverwaltung","status":"publish","type":"page","link":"https:\/\/www.ramses.de\/?page_id=1158","title":{"rendered":"Fachbereich Umwelt und Stadtgr\u00fcn &#8211; Auftragsverwaltung"},"content":{"rendered":"<h1>Die Verwaltung von Auftr\u00e4gen<\/h1>\n<p>Im Rahmen der Pflege der Friedh\u00f6fe werden viele Materialien ben\u00f6tigt. Pflanzen, Kettens\u00e4gen und Zierkies, vielen wird beschafft.<br \/>\nUnsere Datenbank unterst\u00fctzt die Herrschaften bei der Abwicklung der Auftr\u00e4ge.<\/p>\n<ul>\n<li>Verwaltung der Auftr\u00e4ge<\/li>\n<li>Firmen und Ansprechpartner<\/li>\n<li>Artikel und Artikelgruppen<\/li>\n<li>Haushaltsstellen<\/li>\n<li>Bankverbindungen<\/li>\n<li>SAP Export<\/li>\n<\/ul>\n<p>Auftragsverwaltung ist ein Kernthema von Datenbanken, wir sind dabei!<\/p>\n<p>Sie ben\u00f6tigen ebenfalls ma\u00dfgeschneiderte Software f\u00fcr den Kommunalen Einsatz!? Dann mailen Sie uns, wir melden uns umgehend!<\/p>\n<p><img loading=\"lazy\" decoding=\"async\" class=\"alignnone size-medium wp-image-4767\" src=\"https:\/\/www.ramses.de\/wp-content\/uploads\/Friedhof01-300x204.jpg\" alt=\"\" width=\"300\" height=\"204\" srcset=\"https:\/\/www.ramses.de\/wp-content\/uploads\/Friedhof01-300x204.jpg 300w, https:\/\/www.ramses.de\/wp-content\/uploads\/Friedhof01-768x522.jpg 768w, https:\/\/www.ramses.de\/wp-content\/uploads\/Friedhof01-1024x695.jpg 1024w, https:\/\/www.ramses.de\/wp-content\/uploads\/Friedhof01.jpg 1555w\" sizes=\"auto, (max-width: 300px) 100vw, 300px\" \/><\/p>\n<p><img loading=\"lazy\" decoding=\"async\" class=\"alignnone size-medium wp-image-4768\" src=\"https:\/\/www.ramses.de\/wp-content\/uploads\/Friedhof02-300x204.jpg\" alt=\"\" width=\"300\" height=\"204\" srcset=\"https:\/\/www.ramses.de\/wp-content\/uploads\/Friedhof02-300x204.jpg 300w, https:\/\/www.ramses.de\/wp-content\/uploads\/Friedhof02-768x522.jpg 768w, https:\/\/www.ramses.de\/wp-content\/uploads\/Friedhof02-1024x695.jpg 1024w, https:\/\/www.ramses.de\/wp-content\/uploads\/Friedhof02.jpg 1549w\" sizes=\"auto, (max-width: 300px) 100vw, 300px\" \/><\/p>\n<p><img loading=\"lazy\" decoding=\"async\" class=\"alignnone size-medium wp-image-4769\" src=\"https:\/\/www.ramses.de\/wp-content\/uploads\/Friedhof03-300x204.jpg\" alt=\"\" width=\"300\" height=\"204\" srcset=\"https:\/\/www.ramses.de\/wp-content\/uploads\/Friedhof03-300x204.jpg 300w, https:\/\/www.ramses.de\/wp-content\/uploads\/Friedhof03-768x522.jpg 768w, https:\/\/www.ramses.de\/wp-content\/uploads\/Friedhof03-1024x697.jpg 1024w, https:\/\/www.ramses.de\/wp-content\/uploads\/Friedhof03.jpg 1554w\" sizes=\"auto, (max-width: 300px) 100vw, 300px\" \/><\/p>\n","protected":false},"excerpt":{"rendered":"<p>Die Verwaltung von Auftr\u00e4gen Im Rahmen der Pflege der Friedh\u00f6fe werden viele Materialien ben\u00f6tigt. Pflanzen, Kettens\u00e4gen und Zierkies, vielen wird beschafft. Unsere Datenbank unterst\u00fctzt die &#8230; <a title=\"Fachbereich Umwelt und Stadtgr\u00fcn &#8211; Auftragsverwaltung\" class=\"read-more\" href=\"https:\/\/www.ramses.de\/?page_id=1158\" aria-label=\"Mehr Informationen \u00fcber Fachbereich Umwelt und Stadtgr\u00fcn &#8211; Auftragsverwaltung\">Weiterlesen &#8230;<\/a><\/p>\n","protected":false},"author":1,"featured_media":4769,"parent":1155,"menu_order":0,"comment_status":"closed","ping_status":"closed","template":"template-full-width.php","meta":{"footnotes":""},"class_list":{"0":"post-1158","1":"page","2":"type-page","3":"status-publish","4":"has-post-thumbnail","6":"resize-featured-image"},"_links":{"self":[{"href":"https:\/\/www.ramses.de\/index.php?rest_route=\/wp\/v2\/pages\/1158","targetHints":{"allow":["GET"]}}],"collection":[{"href":"https:\/\/www.ramses.de\/index.php?rest_route=\/wp\/v2\/pages"}],"about":[{"href":"https:\/\/www.ramses.de\/index.php?rest_route=\/wp\/v2\/types\/page"}],"author":[{"embeddable":true,"href":"https:\/\/www.ramses.de\/index.php?rest_route=\/wp\/v2\/users\/1"}],"replies":[{"embeddable":true,"href":"https:\/\/www.ramses.de\/index.php?rest_route=%2Fwp%2Fv2%2Fcomments&post=1158"}],"version-history":[{"count":7,"href":"https:\/\/www.ramses.de\/index.php?rest_route=\/wp\/v2\/pages\/1158\/revisions"}],"predecessor-version":[{"id":4771,"href":"https:\/\/www.ramses.de\/index.php?rest_route=\/wp\/v2\/pages\/1158\/revisions\/4771"}],"up":[{"embeddable":true,"href":"https:\/\/www.ramses.de\/index.php?rest_route=\/wp\/v2\/pages\/1155"}],"wp:featuredmedia":[{"embeddable":true,"href":"https:\/\/www.ramses.de\/index.php?rest_route=\/wp\/v2\/media\/4769"}],"wp:attachment":[{"href":"https:\/\/www.ramses.de\/index.php?rest_route=%2Fwp%2Fv2%2Fmedia&parent=1158"}],"curies":[{"name":"wp","href":"https:\/\/api.w.org\/{rel}","templated":true}]}}