{"id":1166,"date":"2013-08-12T11:49:29","date_gmt":"2013-08-12T09:49:29","guid":{"rendered":"http:\/\/www.ramses.de\/?page_id=1166"},"modified":"2015-09-02T18:00:57","modified_gmt":"2015-09-02T16:00:57","slug":"referenzen-landeshauptstadt-hannover-oe61","status":"publish","type":"page","link":"https:\/\/www.ramses.de\/?page_id=1166","title":{"rendered":"Referenzen &#8211; Landeshauptstadt Hannover OE61"},"content":{"rendered":"<h1>Das Amt f\u00fcr Wohnungswesen<\/h1>\n<p>Im Rahmen Ihrer Arbeit besch\u00e4ftigt sich das Amt f\u00fcr Wohnungswesen unter anderem mit der F\u00f6rderung des Wohnraumes in der Stadt Hannover. Des weiteren sorgt sich das Fachamt um die Unterbringung der Obdachlosen, der Aussiedler und Asylbewerber. Wir d\u00fcrfen die Damen und Herren dabei mit folgenden Datenbanken unterst\u00fctzen.<\/p>\n<h3>Die Projekte<\/h3>\n<ul>\n<li><a title=\"Fachbereich Wohnungswesen \u2013 AZ Kataster\" href=\"https:\/\/www.ramses.de\/?page_id=2188\">AZ Kataster<\/a><\/li>\n<li><a title=\"Fachbereich Wohnungswesen \u2013 Unterbringungsverfahren\" href=\"https:\/\/www.ramses.de\/?page_id=2193\">Unterbringungsverfahren<\/a><\/li>\n<li><a title=\"Fachbereich Wohnungswesen \u2013 Wohngeldstatistik\" href=\"https:\/\/www.ramses.de\/?page_id=2274\">Wohngeld Statistik<\/a><\/li>\n<li><a title=\"Fachbereich Wohnungswesen \u2013 Technik Datenbank\" href=\"https:\/\/www.ramses.de\/?page_id=1169\">Wohnraum Unterhaltung<\/a><\/li>\n<li><a title=\"Fachbereich Wohnungswesen \u2013 Stadterneuerung\" href=\"https:\/\/www.ramses.de\/?page_id=2957\">Stadterneuerung<\/a><\/li>\n<\/ul>\n<p>Individuelle Datenbank L\u00f6sungen f\u00fcr den kommunalen Bereich. 20 Jahre Erfahrung garantieren auch f\u00fcr Sie ein eine effektive Datenbank L\u00f6sung<\/p>\n","protected":false},"excerpt":{"rendered":"<p>Das Amt f\u00fcr Wohnungswesen Im Rahmen Ihrer Arbeit besch\u00e4ftigt sich das Amt f\u00fcr Wohnungswesen unter anderem mit der F\u00f6rderung des Wohnraumes in der Stadt Hannover. &#8230; <a title=\"Referenzen &#8211; Landeshauptstadt Hannover OE61\" class=\"read-more\" href=\"https:\/\/www.ramses.de\/?page_id=1166\" aria-label=\"Mehr Informationen \u00fcber Referenzen &#8211; Landeshauptstadt Hannover OE61\">Weiterlesen &#8230;<\/a><\/p>\n","protected":false},"author":1,"featured_media":0,"parent":749,"menu_order":0,"comment_status":"closed","ping_status":"closed","template":"","meta":{"footnotes":""},"class_list":["post-1166","page","type-page","status-publish"],"_links":{"self":[{"href":"https:\/\/www.ramses.de\/index.php?rest_route=\/wp\/v2\/pages\/1166","targetHints":{"allow":["GET"]}}],"collection":[{"href":"https:\/\/www.ramses.de\/index.php?rest_route=\/wp\/v2\/pages"}],"about":[{"href":"https:\/\/www.ramses.de\/index.php?rest_route=\/wp\/v2\/types\/page"}],"author":[{"embeddable":true,"href":"https:\/\/www.ramses.de\/index.php?rest_route=\/wp\/v2\/users\/1"}],"replies":[{"embeddable":true,"href":"https:\/\/www.ramses.de\/index.php?rest_route=%2Fwp%2Fv2%2Fcomments&post=1166"}],"version-history":[{"count":9,"href":"https:\/\/www.ramses.de\/index.php?rest_route=\/wp\/v2\/pages\/1166\/revisions"}],"predecessor-version":[{"id":3514,"href":"https:\/\/www.ramses.de\/index.php?rest_route=\/wp\/v2\/pages\/1166\/revisions\/3514"}],"up":[{"embeddable":true,"href":"https:\/\/www.ramses.de\/index.php?rest_route=\/wp\/v2\/pages\/749"}],"wp:attachment":[{"href":"https:\/\/www.ramses.de\/index.php?rest_route=%2Fwp%2Fv2%2Fmedia&parent=1166"}],"curies":[{"name":"wp","href":"https:\/\/api.w.org\/{rel}","templated":true}]}}