{"id":1169,"date":"2013-08-12T11:51:51","date_gmt":"2013-08-12T09:51:51","guid":{"rendered":"http:\/\/www.ramses.de\/?page_id=1169"},"modified":"2022-12-30T08:40:04","modified_gmt":"2022-12-30T06:40:04","slug":"fachbereich-wohnungswesen-technik-datenbank","status":"publish","type":"page","link":"https:\/\/www.ramses.de\/?page_id=1169","title":{"rendered":"Fachbereich Wohnungswesen &#8211; Wohnraum Unterhaltung"},"content":{"rendered":"<h1>Der Unterhalt von Wohnraum<\/h1>\n<p>Im Rahmen des Betriebs der st\u00e4dtischen Wohnunterk\u00fcnfte spielt der Unterhalt der Wohnheime eine gro\u00dfe Rolle. Die baulichen Ver\u00e4nderungen, das Renovieren der Zimmer und H\u00e4user, all das ist eine immer wiederkehrende Aufgabe. Unsere Datenbank unterst\u00fctzt nun die Mitarbeiter des Fachbereiches 61 in der Aufgabe die Sanierung und Instandhaltung zu verwalten.<\/p>\n<ul>\n<li>Auftragserfassung, &#8211; Druck und Versand<\/li>\n<li>Verwaltung von Artikeln und Artikelgruppen<\/li>\n<li>Daten der Kunden und deren Abteilungen \/ Ansprechpartner<\/li>\n<li>Rechnungsstellung und Lieferscheine<\/li>\n<li>Zahlungs\u00fcberwachung<\/li>\n<li>Inventarisierung von Maschinen und Werkzeugen<\/li>\n<li>\u00dcberwachung der Haushaltsstellen<\/li>\n<li>Statistiken und Auswertungen der Daten<\/li>\n<li>Technische Ausstattung der Unterk\u00fcnfte<\/li>\n<li>Zimmer, Geschosse und Geb\u00e4udeverwaltung<\/li>\n<li>Wartungen<\/li>\n<\/ul>\n<p>Ein klassisches Datenbank Problem, das wir hier l\u00f6sen durften.<\/p>\n<p><a href=\"https:\/\/www.ramses.de\/wp-content\/uploads\/TechnikDB.jpg\"><img loading=\"lazy\" decoding=\"async\" class=\"alignnone size-large wp-image-5941\" src=\"https:\/\/www.ramses.de\/wp-content\/uploads\/TechnikDB-1024x608.jpg\" alt=\"\" width=\"900\" height=\"534\" srcset=\"https:\/\/www.ramses.de\/wp-content\/uploads\/TechnikDB-1024x608.jpg 1024w, https:\/\/www.ramses.de\/wp-content\/uploads\/TechnikDB-300x178.jpg 300w, https:\/\/www.ramses.de\/wp-content\/uploads\/TechnikDB-768x456.jpg 768w, https:\/\/www.ramses.de\/wp-content\/uploads\/TechnikDB-1536x911.jpg 1536w, https:\/\/www.ramses.de\/wp-content\/uploads\/TechnikDB-2048x1215.jpg 2048w\" sizes=\"auto, (max-width: 900px) 100vw, 900px\" \/><\/a><\/p>\n<p>&nbsp;<\/p>\n<p>&nbsp;<\/p>\n<p>&nbsp;<\/p>\n<p>&nbsp;<\/p>\n<p>Sie brauchen mehr Infos? Senden Sie mir eine Mail, gerne informiere ich Sie \u00fcber die M\u00f6glichkeiten dieser Softwarel\u00f6sung<\/p>\n<p>&nbsp;<\/p>\n<p>&nbsp;<\/p>\n<p>&nbsp;<\/p>\n<p>&nbsp;<\/p>\n<p>&nbsp;<\/p>\n","protected":false},"excerpt":{"rendered":"<p>Der Unterhalt von Wohnraum Im Rahmen des Betriebs der st\u00e4dtischen Wohnunterk\u00fcnfte spielt der Unterhalt der Wohnheime eine gro\u00dfe Rolle. Die baulichen Ver\u00e4nderungen, das Renovieren der &#8230; <a title=\"Fachbereich Wohnungswesen &#8211; Wohnraum Unterhaltung\" class=\"read-more\" href=\"https:\/\/www.ramses.de\/?page_id=1169\" aria-label=\"Mehr Informationen \u00fcber Fachbereich Wohnungswesen &#8211; Wohnraum Unterhaltung\">Weiterlesen &#8230;<\/a><\/p>\n","protected":false},"author":1,"featured_media":5941,"parent":1166,"menu_order":0,"comment_status":"closed","ping_status":"closed","template":"template-full-width.php","meta":{"footnotes":""},"class_list":{"0":"post-1169","1":"page","2":"type-page","3":"status-publish","4":"has-post-thumbnail","6":"resize-featured-image"},"_links":{"self":[{"href":"https:\/\/www.ramses.de\/index.php?rest_route=\/wp\/v2\/pages\/1169","targetHints":{"allow":["GET"]}}],"collection":[{"href":"https:\/\/www.ramses.de\/index.php?rest_route=\/wp\/v2\/pages"}],"about":[{"href":"https:\/\/www.ramses.de\/index.php?rest_route=\/wp\/v2\/types\/page"}],"author":[{"embeddable":true,"href":"https:\/\/www.ramses.de\/index.php?rest_route=\/wp\/v2\/users\/1"}],"replies":[{"embeddable":true,"href":"https:\/\/www.ramses.de\/index.php?rest_route=%2Fwp%2Fv2%2Fcomments&post=1169"}],"version-history":[{"count":9,"href":"https:\/\/www.ramses.de\/index.php?rest_route=\/wp\/v2\/pages\/1169\/revisions"}],"predecessor-version":[{"id":5942,"href":"https:\/\/www.ramses.de\/index.php?rest_route=\/wp\/v2\/pages\/1169\/revisions\/5942"}],"up":[{"embeddable":true,"href":"https:\/\/www.ramses.de\/index.php?rest_route=\/wp\/v2\/pages\/1166"}],"wp:featuredmedia":[{"embeddable":true,"href":"https:\/\/www.ramses.de\/index.php?rest_route=\/wp\/v2\/media\/5941"}],"wp:attachment":[{"href":"https:\/\/www.ramses.de\/index.php?rest_route=%2Fwp%2Fv2%2Fmedia&parent=1169"}],"curies":[{"name":"wp","href":"https:\/\/api.w.org\/{rel}","templated":true}]}}