{"id":1221,"date":"2013-08-20T20:36:30","date_gmt":"2013-08-20T18:36:30","guid":{"rendered":"http:\/\/www.ramses.de\/?page_id=1221"},"modified":"2014-01-24T08:44:09","modified_gmt":"2014-01-24T06:44:09","slug":"referenzen-staatstheater-hannover","status":"publish","type":"page","link":"https:\/\/www.ramses.de\/?page_id=1221","title":{"rendered":"Referenzen &#8211; Staatstheater Hannover"},"content":{"rendered":"<div>\n<h1>Staatstheater Hannover<\/h1>\n<\/div>\n<h3><strong>Oper, Schauspiel, Ballett und Orchester<\/strong><\/h3>\n<p>Das Staatstheater ist die kulturelle Gr\u00f6\u00dfe in der Region Hannover und dar\u00fcber hinaus. Jahr f\u00fcr Jahr begeistert das Haus in den Bereichen Oper, Schauspiel und Ballett nicht nur die Fachkritiker sondern auch das Publikum.<\/p>\n<p>Ob klassische Opern wie Carmen oder Turandot, provokante St\u00fccke im Schauspiel oder elegante Auff\u00fchrungen im Ballet. Die seit 1689 bestehende Oper schafft es immer wieder Bew\u00e4hrtes mit Neuem zu verbinden. Neben beratender T\u00e4tigkeiten im kaufm\u00e4nnischem Bereich durften wir die folgenden Datenbanken f\u00fcr das Staatstheater erstellen.<\/p>\n<ul>\n<li><a title=\"Staatstheater Hannover \u2013 G\u00e4steverwaltung\" href=\"https:\/\/www.ramses.de\/?page_id=2290\">G\u00e4steverwaltung<\/a><\/li>\n<li><a title=\"Staatstheater Hannover \u2013 Adressen Datenbank\" href=\"https:\/\/www.ramses.de\/?page_id=1225\">Adressendatenbank<\/a><\/li>\n<li><a title=\"Staatstheater Hannover \u2013 Stellenplan\" href=\"https:\/\/www.ramses.de\/?page_id=2285\">Stellenplan<\/a><\/li>\n<li><a title=\"Staatstheater Hannover \u2013 Orchester Datenbank\" href=\"https:\/\/www.ramses.de\/?page_id=1235\">Orchesterdatenbank<\/a><\/li>\n<\/ul>\n<p>Weitere Informationen finden Sie im Internet <a href=\"http:\/\/www.staatstheater-hannover.de\">hier&#8230;..<\/a><\/p>\n","protected":false},"excerpt":{"rendered":"<p>Staatstheater Hannover Oper, Schauspiel, Ballett und Orchester Das Staatstheater ist die kulturelle Gr\u00f6\u00dfe in der Region Hannover und dar\u00fcber hinaus. Jahr f\u00fcr Jahr begeistert das &#8230; <a title=\"Referenzen &#8211; Staatstheater Hannover\" class=\"read-more\" href=\"https:\/\/www.ramses.de\/?page_id=1221\" aria-label=\"Mehr Informationen \u00fcber Referenzen &#8211; Staatstheater Hannover\">Weiterlesen &#8230;<\/a><\/p>\n","protected":false},"author":1,"featured_media":0,"parent":745,"menu_order":0,"comment_status":"closed","ping_status":"closed","template":"template-full-width.php","meta":{"footnotes":""},"class_list":["post-1221","page","type-page","status-publish"],"_links":{"self":[{"href":"https:\/\/www.ramses.de\/index.php?rest_route=\/wp\/v2\/pages\/1221","targetHints":{"allow":["GET"]}}],"collection":[{"href":"https:\/\/www.ramses.de\/index.php?rest_route=\/wp\/v2\/pages"}],"about":[{"href":"https:\/\/www.ramses.de\/index.php?rest_route=\/wp\/v2\/types\/page"}],"author":[{"embeddable":true,"href":"https:\/\/www.ramses.de\/index.php?rest_route=\/wp\/v2\/users\/1"}],"replies":[{"embeddable":true,"href":"https:\/\/www.ramses.de\/index.php?rest_route=%2Fwp%2Fv2%2Fcomments&post=1221"}],"version-history":[{"count":7,"href":"https:\/\/www.ramses.de\/index.php?rest_route=\/wp\/v2\/pages\/1221\/revisions"}],"predecessor-version":[{"id":2293,"href":"https:\/\/www.ramses.de\/index.php?rest_route=\/wp\/v2\/pages\/1221\/revisions\/2293"}],"up":[{"embeddable":true,"href":"https:\/\/www.ramses.de\/index.php?rest_route=\/wp\/v2\/pages\/745"}],"wp:attachment":[{"href":"https:\/\/www.ramses.de\/index.php?rest_route=%2Fwp%2Fv2%2Fmedia&parent=1221"}],"curies":[{"name":"wp","href":"https:\/\/api.w.org\/{rel}","templated":true}]}}