{"id":1225,"date":"2013-08-20T20:43:33","date_gmt":"2013-08-20T18:43:33","guid":{"rendered":"http:\/\/www.ramses.de\/?page_id=1225"},"modified":"2013-08-20T20:48:42","modified_gmt":"2013-08-20T18:48:42","slug":"staatstheater-hannover-adressen-datenbank","status":"publish","type":"page","link":"https:\/\/www.ramses.de\/?page_id=1225","title":{"rendered":"Staatstheater Hannover &#8211; Adressen Datenbank"},"content":{"rendered":"<div>\n<h1>Die Adressen Datenbank<\/h1>\n<\/div>\n<p>Die Besucher und Besucher\/Innen der Staatstheater Hannover werden \u00fcber das \u00d6ffentlichkeitsreferat \u00fcber die neuesten Events im Theater und im Schauspiel informiert.<\/p>\n<p>\u00dcber Merkmalzuweisungen und Verteilerlisten werden die Zuschauer \/ Innen per Post oder Mail \u00fcber die kulturellen Highlights der Landeshauptstadt informiert.Den G\u00e4sten und Abonennten werden je nach Interessenlage die verschiedenen Flyer, Programme und Plakate ins Haus geschickt. Zielgruppenorientierte Informationen sind somit jederzeit und kurzfristig m\u00f6glich. Ein Zugriff auf die Daten aus Word Serienbriefe ist ebenso selbstverst\u00e4ndlich, wie ein Versenden von Mail&#8217;s an Einzelpersonen und Verteiler.<\/p>\n<ul>\n<li>Verwaltung von Adressen<\/li>\n<li>Zuweisung von Eigenschaften \/ Merkmalen<\/li>\n<li>Erstellung von Adresslisten<\/li>\n<li>Druck von Umschl\u00e4gen und Etiketten<\/li>\n<li>Mailling Listen und Mailversand<\/li>\n<li>Verwaltung von Vorstellungs- Vorbestellungen<\/li>\n<li>Statistiken und Auswertungen der Daten.<\/li>\n<\/ul>\n<p>Einer der Paradebeispiele f\u00fcr die Anwendung von Datenbanken ist die Adressverwaltung. Das Nieders\u00e4chsische Staatstheater verwaltet im Bereich der \u00d6ffentlichkeitsarbeit Tausende von Adressen. Die Kunden, Sponsoren, Mitarbeiter und Pressevertreter werden hier zielgruppengerecht verarbeitet. Ziel der Datenbank ist die effiziente und schnelle Versorgung der Ansprechpartner mit Informationen \u00fcber die Aktivit\u00e4ten des Theaters.<\/p>\n<p><a href=\"https:\/\/www.ramses.de\/wp-content\/uploads\/Adressen1.jpg\"><img loading=\"lazy\" decoding=\"async\" class=\"alignnone size-medium wp-image-1229\" alt=\"Adressen1\" src=\"https:\/\/www.ramses.de\/wp-content\/uploads\/Adressen1-300x234.jpg\" width=\"300\" height=\"234\" srcset=\"https:\/\/www.ramses.de\/wp-content\/uploads\/Adressen1-300x234.jpg 300w, https:\/\/www.ramses.de\/wp-content\/uploads\/Adressen1.jpg 922w\" sizes=\"auto, (max-width: 300px) 100vw, 300px\" \/><\/a><\/p>\n<p><a href=\"https:\/\/www.ramses.de\/wp-content\/uploads\/Adressen2.jpg\"><img loading=\"lazy\" decoding=\"async\" class=\"alignnone size-medium wp-image-1231\" alt=\"Adressen2\" src=\"https:\/\/www.ramses.de\/wp-content\/uploads\/Adressen2-300x192.jpg\" width=\"300\" height=\"192\" srcset=\"https:\/\/www.ramses.de\/wp-content\/uploads\/Adressen2-300x192.jpg 300w, https:\/\/www.ramses.de\/wp-content\/uploads\/Adressen2.jpg 961w\" sizes=\"auto, (max-width: 300px) 100vw, 300px\" \/><\/a><\/p>\n<p><a href=\"https:\/\/www.ramses.de\/wp-content\/uploads\/Adressen3.jpg\"><img loading=\"lazy\" decoding=\"async\" class=\"alignnone size-medium wp-image-1232\" alt=\"Adressen3\" src=\"https:\/\/www.ramses.de\/wp-content\/uploads\/Adressen3-300x215.jpg\" width=\"300\" height=\"215\" srcset=\"https:\/\/www.ramses.de\/wp-content\/uploads\/Adressen3-300x215.jpg 300w, https:\/\/www.ramses.de\/wp-content\/uploads\/Adressen3-270x194.jpg 270w, https:\/\/www.ramses.de\/wp-content\/uploads\/Adressen3.jpg 845w\" sizes=\"auto, (max-width: 300px) 100vw, 300px\" \/><\/a><\/p>\n<p><a href=\"https:\/\/www.ramses.de\/wp-content\/uploads\/Adressen4.jpg\"><img loading=\"lazy\" decoding=\"async\" class=\"alignnone size-medium wp-image-1233\" alt=\"Adressen4\" src=\"https:\/\/www.ramses.de\/wp-content\/uploads\/Adressen4-300x229.jpg\" width=\"300\" height=\"229\" srcset=\"https:\/\/www.ramses.de\/wp-content\/uploads\/Adressen4-300x229.jpg 300w, https:\/\/www.ramses.de\/wp-content\/uploads\/Adressen4.jpg 826w\" sizes=\"auto, (max-width: 300px) 100vw, 300px\" \/><\/a><\/p>\n","protected":false},"excerpt":{"rendered":"<p>Die Adressen Datenbank Die Besucher und Besucher\/Innen der Staatstheater Hannover werden \u00fcber das \u00d6ffentlichkeitsreferat \u00fcber die neuesten Events im Theater und im Schauspiel informiert. \u00dcber &#8230; <a title=\"Staatstheater Hannover &#8211; Adressen Datenbank\" class=\"read-more\" href=\"https:\/\/www.ramses.de\/?page_id=1225\" aria-label=\"Mehr Informationen \u00fcber Staatstheater Hannover &#8211; Adressen Datenbank\">Weiterlesen &#8230;<\/a><\/p>\n","protected":false},"author":1,"featured_media":0,"parent":1221,"menu_order":0,"comment_status":"closed","ping_status":"closed","template":"template-full-width.php","meta":{"footnotes":""},"class_list":["post-1225","page","type-page","status-publish"],"_links":{"self":[{"href":"https:\/\/www.ramses.de\/index.php?rest_route=\/wp\/v2\/pages\/1225","targetHints":{"allow":["GET"]}}],"collection":[{"href":"https:\/\/www.ramses.de\/index.php?rest_route=\/wp\/v2\/pages"}],"about":[{"href":"https:\/\/www.ramses.de\/index.php?rest_route=\/wp\/v2\/types\/page"}],"author":[{"embeddable":true,"href":"https:\/\/www.ramses.de\/index.php?rest_route=\/wp\/v2\/users\/1"}],"replies":[{"embeddable":true,"href":"https:\/\/www.ramses.de\/index.php?rest_route=%2Fwp%2Fv2%2Fcomments&post=1225"}],"version-history":[{"count":3,"href":"https:\/\/www.ramses.de\/index.php?rest_route=\/wp\/v2\/pages\/1225\/revisions"}],"predecessor-version":[{"id":1230,"href":"https:\/\/www.ramses.de\/index.php?rest_route=\/wp\/v2\/pages\/1225\/revisions\/1230"}],"up":[{"embeddable":true,"href":"https:\/\/www.ramses.de\/index.php?rest_route=\/wp\/v2\/pages\/1221"}],"wp:attachment":[{"href":"https:\/\/www.ramses.de\/index.php?rest_route=%2Fwp%2Fv2%2Fmedia&parent=1225"}],"curies":[{"name":"wp","href":"https:\/\/api.w.org\/{rel}","templated":true}]}}