{"id":1243,"date":"2013-08-21T06:55:01","date_gmt":"2013-08-21T04:55:01","guid":{"rendered":"http:\/\/www.ramses.de\/?page_id=1243"},"modified":"2014-10-21T13:45:48","modified_gmt":"2014-10-21T11:45:48","slug":"referenzen-landeshauptstadt-hannover-oe18","status":"publish","type":"page","link":"https:\/\/www.ramses.de\/?page_id=1243","title":{"rendered":"Referenzen &#8211; Landeshauptstadt Hannover OE18"},"content":{"rendered":"<h1>Der Fachbereich Zentrale Dienste<\/h1>\n<p>Als Dienstleister der Landeshauptstadt Hannover fungiert die OE 10 &#8211; Zentrale Dienste. Die Bereitstellung, Wartung und Pflege ist die zentrale Aufgabe dieser Abteilung. Von der Vernetzung der Fachbereiche \u00fcber die Wartung der Server und die Verwaltung der Telefone und Telefonanlagen; die Aufgaben sind vielf\u00e4ltig und breit gef\u00e4chert.<\/p>\n<p>Unsere T\u00e4tigkeit in diesem Umfeld ist die Entwicklung einer Datenbank zur Erstellung der Telekommunikationsrechnungen sowie ein System zur Verwaltung der Job Ticket&#8217;s.<\/p>\n<h3>Die Projekte<\/h3>\n<ul>\n<li><a title=\"Fachbereich Zentrale Dienste \u2013 Telefonabrechnung\" href=\"https:\/\/www.ramses.de\/?page_id=2203\">Telekommunikationsabrechnung<\/a><\/li>\n<li>Handyverwaltung<\/li>\n<li><a title=\"Fachbereich Zentrale Dienste \u2013 Jobticket\" href=\"https:\/\/www.ramses.de\/?page_id=1246\">Jobticket und Parkplatzverwaltung<\/a><\/li>\n<li><a title=\"Fachbereich Zentrale Dienste \u2013 Siegelverwaltung\" href=\"https:\/\/www.ramses.de\/?page_id=2857\">Siegelverwaltung<\/a><\/li>\n<\/ul>\n<p>Sie suchen auch nach Software f\u00fcr den kommunalen Einsatz? Dann senden Sie uns eine Mail&#8230;..<\/p>\n<p>&nbsp;<\/p>\n","protected":false},"excerpt":{"rendered":"<p>Der Fachbereich Zentrale Dienste Als Dienstleister der Landeshauptstadt Hannover fungiert die OE 10 &#8211; Zentrale Dienste. Die Bereitstellung, Wartung und Pflege ist die zentrale Aufgabe &#8230; <a title=\"Referenzen &#8211; Landeshauptstadt Hannover OE18\" class=\"read-more\" href=\"https:\/\/www.ramses.de\/?page_id=1243\" aria-label=\"Mehr Informationen \u00fcber Referenzen &#8211; Landeshauptstadt Hannover OE18\">Weiterlesen &#8230;<\/a><\/p>\n","protected":false},"author":1,"featured_media":0,"parent":749,"menu_order":0,"comment_status":"closed","ping_status":"closed","template":"template-full-width.php","meta":{"footnotes":""},"class_list":["post-1243","page","type-page","status-publish"],"_links":{"self":[{"href":"https:\/\/www.ramses.de\/index.php?rest_route=\/wp\/v2\/pages\/1243","targetHints":{"allow":["GET"]}}],"collection":[{"href":"https:\/\/www.ramses.de\/index.php?rest_route=\/wp\/v2\/pages"}],"about":[{"href":"https:\/\/www.ramses.de\/index.php?rest_route=\/wp\/v2\/types\/page"}],"author":[{"embeddable":true,"href":"https:\/\/www.ramses.de\/index.php?rest_route=\/wp\/v2\/users\/1"}],"replies":[{"embeddable":true,"href":"https:\/\/www.ramses.de\/index.php?rest_route=%2Fwp%2Fv2%2Fcomments&post=1243"}],"version-history":[{"count":6,"href":"https:\/\/www.ramses.de\/index.php?rest_route=\/wp\/v2\/pages\/1243\/revisions"}],"predecessor-version":[{"id":2862,"href":"https:\/\/www.ramses.de\/index.php?rest_route=\/wp\/v2\/pages\/1243\/revisions\/2862"}],"up":[{"embeddable":true,"href":"https:\/\/www.ramses.de\/index.php?rest_route=\/wp\/v2\/pages\/749"}],"wp:attachment":[{"href":"https:\/\/www.ramses.de\/index.php?rest_route=%2Fwp%2Fv2%2Fmedia&parent=1243"}],"curies":[{"name":"wp","href":"https:\/\/api.w.org\/{rel}","templated":true}]}}