{"id":1246,"date":"2013-08-21T07:02:20","date_gmt":"2013-08-21T05:02:20","guid":{"rendered":"http:\/\/www.ramses.de\/?page_id=1246"},"modified":"2013-08-21T07:03:52","modified_gmt":"2013-08-21T05:03:52","slug":"fachbereich-zentrale-dienste-jobticket","status":"publish","type":"page","link":"https:\/\/www.ramses.de\/?page_id=1246","title":{"rendered":"Fachbereich Zentrale Dienste &#8211; Jobticket"},"content":{"rendered":"<h1>Die Verwaltung von Parkpl\u00e4tzen und Jobtickets<\/h1>\n<p>Der Fachbereich zentrale Dienste verwaltet die Jobtickets f\u00fcr die st\u00e4dtischen Kollegen \/ Innen und bearbeitet<br \/>\ndie im st\u00e4dtischen Eigentum befindlichen Parkplatz sowie deren Vermietung.<\/p>\n<p>Die zentrale Planung und Verwaltung der Parkpl\u00e4te und der Jobtickets stehen hier im Vordergrund der Datenbank.<\/p>\n<ul>\n<li>Verwaltung von Personen und deren OE Zugeh\u00f6rigkeiten<\/li>\n<li>Pflege der Informationen \u00fcber die Einzugserm\u00e4chtigungen<\/li>\n<li>Parkpl\u00e4tze mit Merkmalen und deren Nutzung<\/li>\n<li>Jobtickets inklusive der Zonen und deren Preise<\/li>\n<li>Abrechnung mit der \u00dcstra<\/li>\n<li>Wiedervorlagen<\/li>\n<li>Auswertungen und Berichte<\/li>\n<\/ul>\n<p>Geb\u00fchren und deren Abrechnung, eine zentrale Aufgabe f\u00fcr Datenbanken. Wir sind dabei, Sie auch?<\/p>\n<p><a href=\"https:\/\/www.ramses.de\/wp-content\/uploads\/jobt1.jpg\"><img loading=\"lazy\" decoding=\"async\" class=\"alignnone size-medium wp-image-1247\" alt=\"jobt1\" src=\"https:\/\/www.ramses.de\/wp-content\/uploads\/jobt1-300x208.jpg\" width=\"300\" height=\"208\" srcset=\"https:\/\/www.ramses.de\/wp-content\/uploads\/jobt1-300x208.jpg 300w, https:\/\/www.ramses.de\/wp-content\/uploads\/jobt1-1024x712.jpg 1024w, https:\/\/www.ramses.de\/wp-content\/uploads\/jobt1.jpg 1259w\" sizes=\"auto, (max-width: 300px) 100vw, 300px\" \/><\/a><\/p>\n<p><a href=\"https:\/\/www.ramses.de\/wp-content\/uploads\/jobt2.jpg\"><img loading=\"lazy\" decoding=\"async\" class=\"alignnone size-medium wp-image-1248\" alt=\"jobt2\" src=\"https:\/\/www.ramses.de\/wp-content\/uploads\/jobt2-300x177.jpg\" width=\"300\" height=\"177\" srcset=\"https:\/\/www.ramses.de\/wp-content\/uploads\/jobt2-300x177.jpg 300w, https:\/\/www.ramses.de\/wp-content\/uploads\/jobt2-1024x605.jpg 1024w, https:\/\/www.ramses.de\/wp-content\/uploads\/jobt2.jpg 1277w\" sizes=\"auto, (max-width: 300px) 100vw, 300px\" \/><\/a><\/p>\n<p><a href=\"https:\/\/www.ramses.de\/wp-content\/uploads\/jobt3.jpg\"><img loading=\"lazy\" decoding=\"async\" class=\"alignnone size-medium wp-image-1249\" alt=\"jobt3\" src=\"https:\/\/www.ramses.de\/wp-content\/uploads\/jobt3-300x208.jpg\" width=\"300\" height=\"208\" srcset=\"https:\/\/www.ramses.de\/wp-content\/uploads\/jobt3-300x208.jpg 300w, https:\/\/www.ramses.de\/wp-content\/uploads\/jobt3-1024x712.jpg 1024w, https:\/\/www.ramses.de\/wp-content\/uploads\/jobt3.jpg 1259w\" sizes=\"auto, (max-width: 300px) 100vw, 300px\" \/><\/a><\/p>\n<p><a href=\"https:\/\/www.ramses.de\/wp-content\/uploads\/jobt4.jpg\"><img loading=\"lazy\" decoding=\"async\" class=\"alignnone size-medium wp-image-1250\" alt=\"jobt4\" src=\"https:\/\/www.ramses.de\/wp-content\/uploads\/jobt4-300x208.jpg\" width=\"300\" height=\"208\" srcset=\"https:\/\/www.ramses.de\/wp-content\/uploads\/jobt4-300x208.jpg 300w, https:\/\/www.ramses.de\/wp-content\/uploads\/jobt4-1024x712.jpg 1024w, https:\/\/www.ramses.de\/wp-content\/uploads\/jobt4.jpg 1259w\" sizes=\"auto, (max-width: 300px) 100vw, 300px\" \/><\/a><\/p>\n<p>&nbsp;<\/p>\n","protected":false},"excerpt":{"rendered":"<p>Die Verwaltung von Parkpl\u00e4tzen und Jobtickets Der Fachbereich zentrale Dienste verwaltet die Jobtickets f\u00fcr die st\u00e4dtischen Kollegen \/ Innen und bearbeitet die im st\u00e4dtischen Eigentum &#8230; <a title=\"Fachbereich Zentrale Dienste &#8211; Jobticket\" class=\"read-more\" href=\"https:\/\/www.ramses.de\/?page_id=1246\" aria-label=\"Mehr Informationen \u00fcber Fachbereich Zentrale Dienste &#8211; Jobticket\">Weiterlesen &#8230;<\/a><\/p>\n","protected":false},"author":1,"featured_media":1247,"parent":1243,"menu_order":0,"comment_status":"closed","ping_status":"closed","template":"template-full-width.php","meta":{"footnotes":""},"class_list":{"0":"post-1246","1":"page","2":"type-page","3":"status-publish","4":"has-post-thumbnail","6":"resize-featured-image"},"_links":{"self":[{"href":"https:\/\/www.ramses.de\/index.php?rest_route=\/wp\/v2\/pages\/1246","targetHints":{"allow":["GET"]}}],"collection":[{"href":"https:\/\/www.ramses.de\/index.php?rest_route=\/wp\/v2\/pages"}],"about":[{"href":"https:\/\/www.ramses.de\/index.php?rest_route=\/wp\/v2\/types\/page"}],"author":[{"embeddable":true,"href":"https:\/\/www.ramses.de\/index.php?rest_route=\/wp\/v2\/users\/1"}],"replies":[{"embeddable":true,"href":"https:\/\/www.ramses.de\/index.php?rest_route=%2Fwp%2Fv2%2Fcomments&post=1246"}],"version-history":[{"count":3,"href":"https:\/\/www.ramses.de\/index.php?rest_route=\/wp\/v2\/pages\/1246\/revisions"}],"predecessor-version":[{"id":1253,"href":"https:\/\/www.ramses.de\/index.php?rest_route=\/wp\/v2\/pages\/1246\/revisions\/1253"}],"up":[{"embeddable":true,"href":"https:\/\/www.ramses.de\/index.php?rest_route=\/wp\/v2\/pages\/1243"}],"wp:featuredmedia":[{"embeddable":true,"href":"https:\/\/www.ramses.de\/index.php?rest_route=\/wp\/v2\/media\/1247"}],"wp:attachment":[{"href":"https:\/\/www.ramses.de\/index.php?rest_route=%2Fwp%2Fv2%2Fmedia&parent=1246"}],"curies":[{"name":"wp","href":"https:\/\/api.w.org\/{rel}","templated":true}]}}