{"id":1263,"date":"2013-08-21T07:32:23","date_gmt":"2013-08-21T05:32:23","guid":{"rendered":"http:\/\/www.ramses.de\/?page_id=1263"},"modified":"2022-07-20T11:23:53","modified_gmt":"2022-07-20T09:23:53","slug":"referenzen-landeshauptstadt-hannover-oe68","status":"publish","type":"page","link":"https:\/\/www.ramses.de\/?page_id=1263","title":{"rendered":"Referenzen &#8211; Landeshauptstadt Hannover OE68"},"content":{"rendered":"<h1>Stadtentw\u00e4sserung Hannover<\/h1>\n<p>Die Stadtentw\u00e4sserung Hannover betreibt und unterh\u00e4lt das drittl\u00e4ngste Kanalnetz in Deutschland nach Berlin und Hamburg.<br \/>\nRund 460 Mitarbeiter sorgen rund um die Uhr daf\u00fcr, dass das Abwasser aus einem Gebiet von etwa 450 Quadratkilometern,<br \/>\nin dem rund 720.000 Menschen leben, gesammelt, gepumpt, transportiert und auf hohem Niveau gereinigt wird.<\/p>\n<p>Wir durften einen kleinen Beitrag dazu leisten<\/p>\n<h3>Die Projekte<\/h3>\n<ul>\n<li><a title=\"Fachbereich Stadtentw\u00e4sserung \u2013 Beitragsabrechnung\" href=\"https:\/\/www.ramses.de\/?page_id=1276\">Die Beitragsabrechnung<\/a><\/li>\n<li><a title=\"Fachbereich Stadtentw\u00e4sserung \u2013 Geb\u00fchrenabrechnung\" href=\"https:\/\/www.ramses.de\/?page_id=1267\">Die Geb\u00fchrenabrechnung<\/a><\/li>\n<li><a title=\"Fachbereich Stadtentw\u00e4sserung \u2013 Darlehnsverwaltung\" href=\"https:\/\/www.ramses.de\/?page_id=1284\">Die Darlehnsverwaltung<\/a><\/li>\n<li><a href=\"https:\/\/www.ramses.de\/?page_id=4142\">Die Projektdatenbank<\/a><\/li>\n<li>Die AKS Datenbank<\/li>\n<li>Die Einla\u00dfkontrolle<\/li>\n<li><a href=\"https:\/\/www.ramses.de\/?page_id=5860\">Das LIMS<\/a><\/li>\n<\/ul>\n<p>Sie suchen auch nach Software f\u00fcr den kommunalen Einsatz? Dann senden Sie uns eine Mail&#8230;..<\/p>\n<p>&nbsp;<\/p>\n","protected":false},"excerpt":{"rendered":"<p>Stadtentw\u00e4sserung Hannover Die Stadtentw\u00e4sserung Hannover betreibt und unterh\u00e4lt das drittl\u00e4ngste Kanalnetz in Deutschland nach Berlin und Hamburg. Rund 460 Mitarbeiter sorgen rund um die Uhr &#8230; <a title=\"Referenzen &#8211; Landeshauptstadt Hannover OE68\" class=\"read-more\" href=\"https:\/\/www.ramses.de\/?page_id=1263\" aria-label=\"Mehr Informationen \u00fcber Referenzen &#8211; Landeshauptstadt Hannover OE68\">Weiterlesen &#8230;<\/a><\/p>\n","protected":false},"author":1,"featured_media":0,"parent":749,"menu_order":0,"comment_status":"closed","ping_status":"closed","template":"template-full-width.php","meta":{"footnotes":""},"class_list":["post-1263","page","type-page","status-publish"],"_links":{"self":[{"href":"https:\/\/www.ramses.de\/index.php?rest_route=\/wp\/v2\/pages\/1263","targetHints":{"allow":["GET"]}}],"collection":[{"href":"https:\/\/www.ramses.de\/index.php?rest_route=\/wp\/v2\/pages"}],"about":[{"href":"https:\/\/www.ramses.de\/index.php?rest_route=\/wp\/v2\/types\/page"}],"author":[{"embeddable":true,"href":"https:\/\/www.ramses.de\/index.php?rest_route=\/wp\/v2\/users\/1"}],"replies":[{"embeddable":true,"href":"https:\/\/www.ramses.de\/index.php?rest_route=%2Fwp%2Fv2%2Fcomments&post=1263"}],"version-history":[{"count":8,"href":"https:\/\/www.ramses.de\/index.php?rest_route=\/wp\/v2\/pages\/1263\/revisions"}],"predecessor-version":[{"id":5863,"href":"https:\/\/www.ramses.de\/index.php?rest_route=\/wp\/v2\/pages\/1263\/revisions\/5863"}],"up":[{"embeddable":true,"href":"https:\/\/www.ramses.de\/index.php?rest_route=\/wp\/v2\/pages\/749"}],"wp:attachment":[{"href":"https:\/\/www.ramses.de\/index.php?rest_route=%2Fwp%2Fv2%2Fmedia&parent=1263"}],"curies":[{"name":"wp","href":"https:\/\/api.w.org\/{rel}","templated":true}]}}