{"id":1267,"date":"2013-08-21T07:51:27","date_gmt":"2013-08-21T05:51:27","guid":{"rendered":"http:\/\/www.ramses.de\/?page_id=1267"},"modified":"2025-09-17T10:23:23","modified_gmt":"2025-09-17T08:23:23","slug":"fachbereich-stadtentwasserung-gebuhrenabrechnung","status":"publish","type":"page","link":"https:\/\/www.ramses.de\/?page_id=1267","title":{"rendered":"Fachbereich Stadtentw\u00e4sserung &#8211; Geb\u00fchrenabrechnung"},"content":{"rendered":"\n<div class=\"gbp-section\">\n<div class=\"gbp-section__inner gb-element-7bfb55e4\">\n<div class=\"gb-element-b7a6c088\">\n<h1 class=\"gb-text gbp-section__headline\">Geb\u00fchren abrechnung f\u00fcr die StadtEntw\u00e4sserung<\/h1>\n\n\n\n<p class=\"gb-text gbp-section__text gb-text-12e2cc36\">Die Dienstleistungen der Stadtentw\u00e4sserung erfordern eine detaillierte Abrechnung. Die Erstellung der Abrechnungsbescheide, der Gutschriften und deren statistischen Auswertungen sind Inhalt der Datenbank.<br><br>Geb\u00fchren und deren Abrechnung, eine zentrale Aufgabe f\u00fcr Datenbanken. Wir sind dabei, Sie auch?<\/p>\n<\/div>\n\n\n\n<img loading=\"lazy\" decoding=\"async\" width=\"1850\" height=\"1347\" class=\"gb-media-0212c2a2\" src=\"https:\/\/www.ramses.de\/wp-content\/uploads\/DB00-1.jpg\" title=\"DB00\" alt=\"Startmen\u00fc der Geb\u00fchrenverwaltung\" srcset=\"https:\/\/www.ramses.de\/wp-content\/uploads\/DB00-1.jpg 1850w, https:\/\/www.ramses.de\/wp-content\/uploads\/DB00-1-300x218.jpg 300w, https:\/\/www.ramses.de\/wp-content\/uploads\/DB00-1-1024x746.jpg 1024w, https:\/\/www.ramses.de\/wp-content\/uploads\/DB00-1-768x559.jpg 768w, https:\/\/www.ramses.de\/wp-content\/uploads\/DB00-1-1536x1118.jpg 1536w\" sizes=\"auto, (max-width: 1850px) 100vw, 1850px\" \/>\n<\/div>\n<\/div>\n\n\n\n<div class=\"gbp-section\">\n<div class=\"gbp-section__inner\">\n<div class=\"gb-element-d15c38f4\">\n<p class=\"gb-text gbp-section__tagline\">Features<\/p>\n\n\n\n<h2 class=\"gb-text gbp-section__headline\">Was die Datenbank bietet<\/h2>\n<\/div>\n<\/div>\n\n\n\n<div class=\"gbp-section__inner gb-element-cafd52b4\">\n<div>\n<a href=\"https:\/\/www.ramses.de\/wp-content\/uploads\/DB01.jpg\"><img loading=\"lazy\" decoding=\"async\" width=\"1579\" height=\"994\" class=\"gb-media-42a8a3eb\" src=\"https:\/\/www.ramses.de\/wp-content\/uploads\/DB01.jpg\" title=\"DB01\" alt=\"Schmutzwassergeb\u00fchren\" srcset=\"https:\/\/www.ramses.de\/wp-content\/uploads\/DB01.jpg 1579w, https:\/\/www.ramses.de\/wp-content\/uploads\/DB01-300x189.jpg 300w, https:\/\/www.ramses.de\/wp-content\/uploads\/DB01-1024x645.jpg 1024w, https:\/\/www.ramses.de\/wp-content\/uploads\/DB01-768x483.jpg 768w, https:\/\/www.ramses.de\/wp-content\/uploads\/DB01-1536x967.jpg 1536w\" sizes=\"auto, (max-width: 1579px) 100vw, 1579px\" \/><\/a>\n\n\n\n<h3 class=\"gb-text gbp-section__headline\">Schmutzwasser Abrechnung<\/h3>\n\n\n\n<p class=\"gb-text gbp-section__text\">Zur Schmutzwasser Abrechnung geh\u00f6rt das Erfassen der Abrechnungs- und Geb\u00fchrendaten. <br><br>Eine digitale Dokumenten-ablage und ein Wiedervorlagesystem runden das System ab<\/p>\n<\/div>\n\n\n\n<div>\n<a href=\"https:\/\/www.ramses.de\/wp-content\/uploads\/DB02-1.jpg\"><img loading=\"lazy\" decoding=\"async\" width=\"1552\" height=\"1000\" class=\"gb-media-e5eab4fa\" src=\"https:\/\/www.ramses.de\/wp-content\/uploads\/DB02-1.jpg\" title=\"DB02\" alt=\"Regenwassernutzung\" srcset=\"https:\/\/www.ramses.de\/wp-content\/uploads\/DB02-1.jpg 1552w, https:\/\/www.ramses.de\/wp-content\/uploads\/DB02-1-300x193.jpg 300w, https:\/\/www.ramses.de\/wp-content\/uploads\/DB02-1-1024x660.jpg 1024w, https:\/\/www.ramses.de\/wp-content\/uploads\/DB02-1-768x495.jpg 768w, https:\/\/www.ramses.de\/wp-content\/uploads\/DB02-1-1536x990.jpg 1536w\" sizes=\"auto, (max-width: 1552px) 100vw, 1552px\" \/><\/a>\n\n\n\n<h3 class=\"gb-text gbp-section__headline\">Regenwasser-nutzungsanlagen<\/h3>\n\n\n\n<p class=\"gb-text gbp-section__text\">Auch bei der Nutzung von Regenwasser fallen Geb\u00fchren an, die es abzurechnen gilt.<br><br>Selbstverst\u00e4ndlich werden auch hier die Bescheide elektronisch erstellt.<\/p>\n<\/div>\n\n\n\n<div>\n<a href=\"https:\/\/www.ramses.de\/wp-content\/uploads\/DB03-1.jpg\"><img loading=\"lazy\" decoding=\"async\" width=\"1538\" height=\"992\" class=\"gb-media-bf74fcc9\" src=\"https:\/\/www.ramses.de\/wp-content\/uploads\/DB03-1.jpg\" title=\"DB03\" alt=\"Erstattungsbescheide\n\" srcset=\"https:\/\/www.ramses.de\/wp-content\/uploads\/DB03-1.jpg 1538w, https:\/\/www.ramses.de\/wp-content\/uploads\/DB03-1-300x193.jpg 300w, https:\/\/www.ramses.de\/wp-content\/uploads\/DB03-1-1024x660.jpg 1024w, https:\/\/www.ramses.de\/wp-content\/uploads\/DB03-1-768x495.jpg 768w, https:\/\/www.ramses.de\/wp-content\/uploads\/DB03-1-1536x991.jpg 1536w\" sizes=\"auto, (max-width: 1538px) 100vw, 1538px\" \/><\/a>\n\n\n\n<h3 class=\"gb-text gbp-section__headline\">Erstattungs-bescheide<\/h3>\n\n\n\n<p class=\"gb-text gbp-section__text\">Bei den Erstattungsbescheiden sind auch die Z\u00e4hlereinbauten und deren Z\u00e4hlerst\u00e4nde ein Thema. <br><br>Auch werden Dokumente und Wiedervorlagen elektronisch verwaltet.<\/p>\n<\/div>\n\n\n\n<div>\n<a href=\"https:\/\/www.ramses.de\/wp-content\/uploads\/DB04-1.jpg\"><img loading=\"lazy\" decoding=\"async\" width=\"1558\" height=\"988\" class=\"gb-media-315fad93\" src=\"https:\/\/www.ramses.de\/wp-content\/uploads\/DB04-1.jpg\" title=\"DB04\" alt=\"Nachveranlagung\" srcset=\"https:\/\/www.ramses.de\/wp-content\/uploads\/DB04-1.jpg 1558w, https:\/\/www.ramses.de\/wp-content\/uploads\/DB04-1-300x190.jpg 300w, https:\/\/www.ramses.de\/wp-content\/uploads\/DB04-1-1024x649.jpg 1024w, https:\/\/www.ramses.de\/wp-content\/uploads\/DB04-1-768x487.jpg 768w, https:\/\/www.ramses.de\/wp-content\/uploads\/DB04-1-1536x974.jpg 1536w\" sizes=\"auto, (max-width: 1558px) 100vw, 1558px\" \/><\/a>\n\n\n\n<h3 class=\"gb-text gbp-section__headline\">Nachveranlagungs-bescheide<\/h3>\n\n\n\n<p class=\"gb-text gbp-section__text\">Die vierte und letzte Geb\u00fchrenart stellen die Nachveranlagungsbescheide dar.<br><br>Auch hier werden alle Bescheide per Papier und \/ oder digital erstellt.<\/p>\n<\/div>\n<\/div>\n<\/div>\n\n\n\n<div class=\"gbp-section\">\n<div class=\"gbp-section__inner gb-element-30ce614b\">\n<div class=\"gb-element-fc4a8423\">\n<h2 class=\"gb-text gbp-section__headline\">Das Job Modul<\/h2>\n\n\n\n<div class=\"gb-text gbp-section__text\">Die Datenbank beinhaltet eine integrierte Jobverwaltung, hier wird ein internes Genehmigungsverfahren abgebildet. Bescheide werden erstellt, genehmigt und dann versendet.<\/div>\n<\/div>\n<\/div>\n\n\n\n<div class=\"gbp-section__inner gb-element-c39f635f\">\n<div class=\"gb-element-c4875496\">\n<a href=\"https:\/\/www.ramses.de\/wp-content\/uploads\/DB05-1.jpg\"><img loading=\"lazy\" decoding=\"async\" width=\"465\" height=\"261\" class=\"gb-media-065edec5\" src=\"https:\/\/www.ramses.de\/wp-content\/uploads\/DB05-1.jpg\" title=\"DB05\" alt=\"Zust\u00e4ndigkeiten\n\" srcset=\"https:\/\/www.ramses.de\/wp-content\/uploads\/DB05-1.jpg 465w, https:\/\/www.ramses.de\/wp-content\/uploads\/DB05-1-300x168.jpg 300w\" sizes=\"auto, (max-width: 465px) 100vw, 465px\" \/><\/a>\n\n\n\n<div>\n<div class=\"gb-text gb-text-39c3ceba\">Zust\u00e4ndigkeiten<\/div>\n\n\n\n<div class=\"gb-text gb-text-0aa7962f\">Wer macht was?<\/div>\n\n\n\n<div class=\"gb-text gbp-section__text gb-text-acae4bc5\">In den Zust\u00e4ndigkeiten wird geregelt wer welche Aktionen zu verantworten hat.<\/div>\n<\/div>\n<\/div>\n\n\n\n<div class=\"gb-element-5f40d1ad\">\n<a href=\"https:\/\/www.ramses.de\/wp-content\/uploads\/DB06.jpg\"><img loading=\"lazy\" decoding=\"async\" width=\"399\" height=\"227\" class=\"gb-media-9cb3cd5d\" src=\"https:\/\/www.ramses.de\/wp-content\/uploads\/DB06.jpg\" title=\"DB06\" alt=\"Aktionsgruppen\n\" srcset=\"https:\/\/www.ramses.de\/wp-content\/uploads\/DB06.jpg 399w, https:\/\/www.ramses.de\/wp-content\/uploads\/DB06-300x171.jpg 300w\" sizes=\"auto, (max-width: 399px) 100vw, 399px\" \/><\/a>\n\n\n\n<div>\n<div class=\"gb-text gb-text-0da9562f\">Aktionsgruppen<\/div>\n\n\n\n<div class=\"gb-text gb-text-468d8c98\">Die Bereiche<\/div>\n\n\n\n<div class=\"gb-text gbp-section__text gb-text-3c300bd7\">In der Datenbank werden die verschiedenen Bescheidarten verwaltet<\/div>\n<\/div>\n<\/div>\n\n\n\n<div class=\"gb-element-6a3c22d5\">\n<img loading=\"lazy\" decoding=\"async\" width=\"612\" height=\"280\" class=\"gb-media-e08a34d9\" src=\"https:\/\/www.ramses.de\/wp-content\/uploads\/DB07.jpg\" title=\"DB07\" alt=\"Aktionen\n\" srcset=\"https:\/\/www.ramses.de\/wp-content\/uploads\/DB07.jpg 612w, https:\/\/www.ramses.de\/wp-content\/uploads\/DB07-300x137.jpg 300w\" sizes=\"auto, (max-width: 612px) 100vw, 612px\" \/>\n\n\n\n<div>\n<div class=\"gb-text gb-text-670a809e\">Aktionen<\/div>\n\n\n\n<div class=\"gb-text gb-text-ba15352c\">Die T\u00e4tigkeiten<\/div>\n\n\n\n<div class=\"gb-text gbp-section__text gb-text-7e595a1e\">Im Arbeitsablauf k\u00f6nnen verschiedene T\u00e4tigkeiten anfallen<\/div>\n<\/div>\n<\/div>\n\n\n\n<div class=\"gb-element-192158d6\">\n<img loading=\"lazy\" decoding=\"async\" width=\"654\" height=\"196\" class=\"gb-media-8f9fa7ee\" src=\"https:\/\/www.ramses.de\/wp-content\/uploads\/DB08.jpg\" title=\"DB08\" alt=\"Job\u00fcbersicht\" srcset=\"https:\/\/www.ramses.de\/wp-content\/uploads\/DB08.jpg 654w, https:\/\/www.ramses.de\/wp-content\/uploads\/DB08-300x90.jpg 300w\" sizes=\"auto, (max-width: 654px) 100vw, 654px\" \/>\n\n\n\n<div>\n<div class=\"gb-text gb-text-20a72248\">Job\u00fcbersicht<\/div>\n\n\n\n<div class=\"gb-text gb-text-9e4a1b4e\">Die Ausf\u00fchrung<\/div>\n\n\n\n<div class=\"gb-text gbp-section__text gb-text-7195c926\">In der Jobliste werden alle f\u00e4lligen aufgaben gesammelt und bei Bedarf wird die Abarbeitung angesto\u00dfen.<\/div>\n<\/div>\n<\/div>\n<\/div>\n<\/div>\n\n\n\n<div class=\"gbp-section\">\n<div class=\"gbp-section__inner gb-element-3c224739\">\n<div class=\"gb-element-f83a6a9e\">\n<p class=\"gb-text gbp-section__tagline\">Zentrale Aufgaben<\/p>\n\n\n\n<h2 class=\"gb-text gbp-section__headline\">Integrierte Benutzerverwaltung <\/h2>\n\n\n\n<ul class=\"gb-element-bd01496d\">\n<li class=\"gb-element-03da21eb\">\n<div class=\"gb-text gb-text-8bfe08bc\">User<\/div>\n\n\n\n<p class=\"gb-text gb-text-7648ac6b\">Anwenderverwaltung<\/p>\n<\/li>\n\n\n\n<li class=\"gb-element-6276855e\">\n<div class=\"gb-text gb-text-c864ded9\">Usergruppen<\/div>\n\n\n\n<p class=\"gb-text gb-text-8a4a88ec\">Rechterollen <\/p>\n<\/li>\n\n\n\n<li class=\"gb-element-8c9c18bd\">\n<div class=\"gb-text gb-text-5c960fb9\">Wiedervorlagen<\/div>\n\n\n\n<p class=\"gb-text gb-text-02a38ea9\">ToDo Listen zur Aufgabenverwaltung.<\/p>\n<\/li>\n\n\n\n<li class=\"gb-element-4d4ea20b\">\n<div class=\"gb-text gb-text-3007957f\">Stammdaten<\/div>\n\n\n\n<p class=\"gb-text gb-text-4fa11e37\">Zentrale Verwaltung wichtiger Werte und Informationen<\/p>\n<\/li>\n<\/ul>\n<\/div>\n\n\n\n<a href=\"https:\/\/www.ramses.de\/wp-content\/uploads\/DB05.jpg\"><img loading=\"lazy\" decoding=\"async\" width=\"1609\" height=\"1275\" class=\"gb-media-2fb18992\" src=\"https:\/\/www.ramses.de\/wp-content\/uploads\/DB99.jpg\" title=\"DB99\" alt=\"Datenbank Verwaltung\" srcset=\"https:\/\/www.ramses.de\/wp-content\/uploads\/DB99.jpg 1609w, https:\/\/www.ramses.de\/wp-content\/uploads\/DB99-300x238.jpg 300w, https:\/\/www.ramses.de\/wp-content\/uploads\/DB99-1024x811.jpg 1024w, https:\/\/www.ramses.de\/wp-content\/uploads\/DB99-768x609.jpg 768w, https:\/\/www.ramses.de\/wp-content\/uploads\/DB99-1536x1217.jpg 1536w\" sizes=\"auto, (max-width: 1609px) 100vw, 1609px\" \/><\/a>\n<\/div>\n<\/div>\n","protected":false},"excerpt":{"rendered":"<p>Geb\u00fchren abrechnung f\u00fcr die StadtEntw\u00e4sserung Die Dienstleistungen der Stadtentw\u00e4sserung erfordern eine detaillierte Abrechnung. Die Erstellung der Abrechnungsbescheide, der Gutschriften und deren statistischen Auswertungen sind Inhalt &#8230; <a title=\"Fachbereich Stadtentw\u00e4sserung &#8211; Geb\u00fchrenabrechnung\" class=\"read-more\" href=\"https:\/\/www.ramses.de\/?page_id=1267\" aria-label=\"Mehr Informationen \u00fcber Fachbereich Stadtentw\u00e4sserung &#8211; Geb\u00fchrenabrechnung\">Weiterlesen &#8230;<\/a><\/p>\n","protected":false},"author":1,"featured_media":5921,"parent":1263,"menu_order":0,"comment_status":"closed","ping_status":"closed","template":"","meta":{"footnotes":""},"class_list":{"0":"post-1267","1":"page","2":"type-page","3":"status-publish","4":"has-post-thumbnail","6":"resize-featured-image"},"_links":{"self":[{"href":"https:\/\/www.ramses.de\/index.php?rest_route=\/wp\/v2\/pages\/1267","targetHints":{"allow":["GET"]}}],"collection":[{"href":"https:\/\/www.ramses.de\/index.php?rest_route=\/wp\/v2\/pages"}],"about":[{"href":"https:\/\/www.ramses.de\/index.php?rest_route=\/wp\/v2\/types\/page"}],"author":[{"embeddable":true,"href":"https:\/\/www.ramses.de\/index.php?rest_route=\/wp\/v2\/users\/1"}],"replies":[{"embeddable":true,"href":"https:\/\/www.ramses.de\/index.php?rest_route=%2Fwp%2Fv2%2Fcomments&post=1267"}],"version-history":[{"count":10,"href":"https:\/\/www.ramses.de\/index.php?rest_route=\/wp\/v2\/pages\/1267\/revisions"}],"predecessor-version":[{"id":7101,"href":"https:\/\/www.ramses.de\/index.php?rest_route=\/wp\/v2\/pages\/1267\/revisions\/7101"}],"up":[{"embeddable":true,"href":"https:\/\/www.ramses.de\/index.php?rest_route=\/wp\/v2\/pages\/1263"}],"wp:featuredmedia":[{"embeddable":true,"href":"https:\/\/www.ramses.de\/index.php?rest_route=\/wp\/v2\/media\/5921"}],"wp:attachment":[{"href":"https:\/\/www.ramses.de\/index.php?rest_route=%2Fwp%2Fv2%2Fmedia&parent=1267"}],"curies":[{"name":"wp","href":"https:\/\/api.w.org\/{rel}","templated":true}]}}