{"id":1276,"date":"2013-08-21T08:06:00","date_gmt":"2013-08-21T06:06:00","guid":{"rendered":"http:\/\/www.ramses.de\/?page_id=1276"},"modified":"2014-09-02T09:19:21","modified_gmt":"2014-09-02T07:19:21","slug":"fachbereich-stadtentwasserung-beitragsabrechnung","status":"publish","type":"page","link":"https:\/\/www.ramses.de\/?page_id=1276","title":{"rendered":"Fachbereich Stadtentw\u00e4sserung &#8211; Beitragsabrechnung"},"content":{"rendered":"<h1>Die Abrechnung der Installationen<\/h1>\n<p>Beim Anschlu\u00df der Grundst\u00fccke entstehen Kosten durch die Erstellung von Schmutz-, Regen- und Mischwasseranschl\u00fc\u00dfen.<br \/>\nEs m\u00fcssen sowohl Rohrmeisterstunden als auch Revisionssch\u00e4chten abgerechnet werden.<\/p>\n<ul>\n<li>Vornotierungen<\/li>\n<li>Herstellungsaufwand<\/li>\n<li>Abwasserbeitr\u00e4ge<\/li>\n<li>Bescheide und Erstattungen<\/li>\n<li>Firmen und Kundenverwaltung<\/li>\n<li>SAP Exporte<\/li>\n<li>Wiedervorlagen<\/li>\n<li>Auswertungen und Berichte<\/li>\n<\/ul>\n<p>Geb\u00fchren und deren Abrechnung, eine zentrale Aufgabe f\u00fcr Datenbanken. Wir sind dabei, Sie auch?<\/p>\n<p><a href=\"https:\/\/www.ramses.de\/wp-content\/uploads\/Beitrag12.jpg\"><img loading=\"lazy\" decoding=\"async\" class=\"alignnone size-medium wp-image-2648\" src=\"https:\/\/www.ramses.de\/wp-content\/uploads\/Beitrag12-300x182.jpg\" alt=\"Beitrag1\" width=\"300\" height=\"182\" srcset=\"https:\/\/www.ramses.de\/wp-content\/uploads\/Beitrag12-300x182.jpg 300w, https:\/\/www.ramses.de\/wp-content\/uploads\/Beitrag12-1024x622.jpg 1024w, https:\/\/www.ramses.de\/wp-content\/uploads\/Beitrag12.jpg 1406w\" sizes=\"auto, (max-width: 300px) 100vw, 300px\" \/><\/a><\/p>\n<p><a href=\"https:\/\/www.ramses.de\/wp-content\/uploads\/Beitrag2.jpg\"><img loading=\"lazy\" decoding=\"async\" class=\"alignnone size-medium wp-image-1278\" src=\"https:\/\/www.ramses.de\/wp-content\/uploads\/Beitrag2-300x151.jpg\" alt=\"Beitrag2\" width=\"300\" height=\"151\" srcset=\"https:\/\/www.ramses.de\/wp-content\/uploads\/Beitrag2-300x151.jpg 300w, https:\/\/www.ramses.de\/wp-content\/uploads\/Beitrag2-1024x517.jpg 1024w, https:\/\/www.ramses.de\/wp-content\/uploads\/Beitrag2.jpg 1220w\" sizes=\"auto, (max-width: 300px) 100vw, 300px\" \/><\/a><\/p>\n<p><a href=\"https:\/\/www.ramses.de\/wp-content\/uploads\/Beitrag3.jpg\"><img loading=\"lazy\" decoding=\"async\" class=\"alignnone size-medium wp-image-1279\" src=\"https:\/\/www.ramses.de\/wp-content\/uploads\/Beitrag3-300x151.jpg\" alt=\"Beitrag3\" width=\"300\" height=\"151\" srcset=\"https:\/\/www.ramses.de\/wp-content\/uploads\/Beitrag3-300x151.jpg 300w, https:\/\/www.ramses.de\/wp-content\/uploads\/Beitrag3-1024x517.jpg 1024w, https:\/\/www.ramses.de\/wp-content\/uploads\/Beitrag3.jpg 1223w\" sizes=\"auto, (max-width: 300px) 100vw, 300px\" \/><\/a><\/p>\n<p>&nbsp;<\/p>\n<p>&nbsp;<\/p>\n","protected":false},"excerpt":{"rendered":"<p>Die Abrechnung der Installationen Beim Anschlu\u00df der Grundst\u00fccke entstehen Kosten durch die Erstellung von Schmutz-, Regen- und Mischwasseranschl\u00fc\u00dfen. Es m\u00fcssen sowohl Rohrmeisterstunden als auch Revisionssch\u00e4chten &#8230; <a title=\"Fachbereich Stadtentw\u00e4sserung &#8211; Beitragsabrechnung\" class=\"read-more\" href=\"https:\/\/www.ramses.de\/?page_id=1276\" aria-label=\"Mehr Informationen \u00fcber Fachbereich Stadtentw\u00e4sserung &#8211; Beitragsabrechnung\">Weiterlesen &#8230;<\/a><\/p>\n","protected":false},"author":1,"featured_media":2648,"parent":1263,"menu_order":0,"comment_status":"closed","ping_status":"closed","template":"template-full-width.php","meta":{"footnotes":""},"class_list":{"0":"post-1276","1":"page","2":"type-page","3":"status-publish","4":"has-post-thumbnail","6":"resize-featured-image"},"_links":{"self":[{"href":"https:\/\/www.ramses.de\/index.php?rest_route=\/wp\/v2\/pages\/1276","targetHints":{"allow":["GET"]}}],"collection":[{"href":"https:\/\/www.ramses.de\/index.php?rest_route=\/wp\/v2\/pages"}],"about":[{"href":"https:\/\/www.ramses.de\/index.php?rest_route=\/wp\/v2\/types\/page"}],"author":[{"embeddable":true,"href":"https:\/\/www.ramses.de\/index.php?rest_route=\/wp\/v2\/users\/1"}],"replies":[{"embeddable":true,"href":"https:\/\/www.ramses.de\/index.php?rest_route=%2Fwp%2Fv2%2Fcomments&post=1276"}],"version-history":[{"count":4,"href":"https:\/\/www.ramses.de\/index.php?rest_route=\/wp\/v2\/pages\/1276\/revisions"}],"predecessor-version":[{"id":2649,"href":"https:\/\/www.ramses.de\/index.php?rest_route=\/wp\/v2\/pages\/1276\/revisions\/2649"}],"up":[{"embeddable":true,"href":"https:\/\/www.ramses.de\/index.php?rest_route=\/wp\/v2\/pages\/1263"}],"wp:featuredmedia":[{"embeddable":true,"href":"https:\/\/www.ramses.de\/index.php?rest_route=\/wp\/v2\/media\/2648"}],"wp:attachment":[{"href":"https:\/\/www.ramses.de\/index.php?rest_route=%2Fwp%2Fv2%2Fmedia&parent=1276"}],"curies":[{"name":"wp","href":"https:\/\/api.w.org\/{rel}","templated":true}]}}