{"id":1326,"date":"2013-08-21T10:14:45","date_gmt":"2013-08-21T08:14:45","guid":{"rendered":"http:\/\/www.ramses.de\/?page_id=1326"},"modified":"2014-10-04T11:48:36","modified_gmt":"2014-10-04T09:48:36","slug":"referenzen-exportverpackung-sehnde-gmbh","status":"publish","type":"page","link":"https:\/\/www.ramses.de\/?page_id=1326","title":{"rendered":"Referenzen &#8211; Exportverpackung Sehnde GmbH"},"content":{"rendered":"<h1>Exportverpackung Sehnde GmbH<\/h1>\n<p>Seit \u00fcber 150 Jahren steht der Name Scharnhorst f\u00fcr die professionelle Verpackung Ihrer Exportg\u00fcter. Seit der Gr\u00fcndung 1858 als reine Kistenfabrik hat sich viel getan: Heute stehen Ihnen die beiden Unternehmen HOLZVERPACKUNG Hannover GmbH und EXPORTVERPACKUNG Sehnde GmbH als kompetente Partner in allen Belangen der Exportverpackung zur Verf\u00fcgung.<\/p>\n<p>Wir durften f\u00fcr diesen Spezialisten eine Software zur Auftragsbearbeitung entwickeln<\/p>\n<ul>\n<li><a title=\"Export Verpackungen Sehnde GmbH \u2013 Verpackungsdatenbank\" href=\"https:\/\/www.ramses.de\/?page_id=1329\">Verpackungsdatenbank<\/a><\/li>\n<li><a title=\"Export Verpackungen Sehnde GmbH \u2013 Wareneingang\" href=\"https:\/\/www.ramses.de\/?page_id=1755\">Wareneingangsverwaltung<\/a><\/li>\n<li><a title=\"Export Verpackungen Sehnde GmbH \u2013 Getriebeb\u00f6cke\" href=\"https:\/\/www.ramses.de\/?page_id=2580\">Getriebeb\u00f6cke<\/a><\/li>\n<li><a title=\"Export Verpackungen Sehnde GmbH \u2013 Berichtswesen\" href=\"https:\/\/www.ramses.de\/?page_id=2774\">Berichtswesen<\/a><\/li>\n<li>Klinkerk\u00fchler<\/li>\n<\/ul>\n<p>Auch Sie ben\u00f6tigen eine Spezialsoftware, fragen Sie uns!<\/p>\n","protected":false},"excerpt":{"rendered":"<p>Exportverpackung Sehnde GmbH Seit \u00fcber 150 Jahren steht der Name Scharnhorst f\u00fcr die professionelle Verpackung Ihrer Exportg\u00fcter. Seit der Gr\u00fcndung 1858 als reine Kistenfabrik hat &#8230; <a title=\"Referenzen &#8211; Exportverpackung Sehnde GmbH\" class=\"read-more\" href=\"https:\/\/www.ramses.de\/?page_id=1326\" aria-label=\"Mehr Informationen \u00fcber Referenzen &#8211; Exportverpackung Sehnde GmbH\">Weiterlesen &#8230;<\/a><\/p>\n","protected":false},"author":1,"featured_media":1338,"parent":745,"menu_order":0,"comment_status":"closed","ping_status":"closed","template":"template-full-width.php","meta":{"footnotes":""},"class_list":{"0":"post-1326","1":"page","2":"type-page","3":"status-publish","4":"has-post-thumbnail","6":"resize-featured-image"},"_links":{"self":[{"href":"https:\/\/www.ramses.de\/index.php?rest_route=\/wp\/v2\/pages\/1326","targetHints":{"allow":["GET"]}}],"collection":[{"href":"https:\/\/www.ramses.de\/index.php?rest_route=\/wp\/v2\/pages"}],"about":[{"href":"https:\/\/www.ramses.de\/index.php?rest_route=\/wp\/v2\/types\/page"}],"author":[{"embeddable":true,"href":"https:\/\/www.ramses.de\/index.php?rest_route=\/wp\/v2\/users\/1"}],"replies":[{"embeddable":true,"href":"https:\/\/www.ramses.de\/index.php?rest_route=%2Fwp%2Fv2%2Fcomments&post=1326"}],"version-history":[{"count":8,"href":"https:\/\/www.ramses.de\/index.php?rest_route=\/wp\/v2\/pages\/1326\/revisions"}],"predecessor-version":[{"id":2780,"href":"https:\/\/www.ramses.de\/index.php?rest_route=\/wp\/v2\/pages\/1326\/revisions\/2780"}],"up":[{"embeddable":true,"href":"https:\/\/www.ramses.de\/index.php?rest_route=\/wp\/v2\/pages\/745"}],"wp:featuredmedia":[{"embeddable":true,"href":"https:\/\/www.ramses.de\/index.php?rest_route=\/wp\/v2\/media\/1338"}],"wp:attachment":[{"href":"https:\/\/www.ramses.de\/index.php?rest_route=%2Fwp%2Fv2%2Fmedia&parent=1326"}],"curies":[{"name":"wp","href":"https:\/\/api.w.org\/{rel}","templated":true}]}}