{"id":1329,"date":"2013-08-21T10:26:18","date_gmt":"2013-08-21T08:26:18","guid":{"rendered":"http:\/\/www.ramses.de\/?page_id=1329"},"modified":"2014-10-04T09:42:49","modified_gmt":"2014-10-04T07:42:49","slug":"export-verpackungen-sehnde-gmbh-verpackungsdatenbank","status":"publish","type":"page","link":"https:\/\/www.ramses.de\/?page_id=1329","title":{"rendered":"Export Verpackungen Sehnde GmbH &#8211; Verpackungsdatenbank"},"content":{"rendered":"<h1>Datenbank zur Verpackungsplanung<\/h1>\n<p>In dieser Datenbank protokollieren wir die Verpackung von industriellen Gro\u00dfmaschinen der Firma Conti. Neben den zu verpackenden Teilen werden sowohl die Empf\u00e4nger als auch die zur verf\u00fcgungstehnden Beh\u00e4ltnisse verwaltet.<\/p>\n<ul>\n<li>Empf\u00e4nger<\/li>\n<li>Auftragsdaten<\/li>\n<li>Maschinen, Baugruppen und St\u00fccklisten<\/li>\n<li>Warenein- und Ausgang<\/li>\n<li>Erzeugung von Berichten und Etiketten<\/li>\n<li>Auswertungen<\/li>\n<\/ul>\n<p>Auch Sie wollen einpacken? Dann wenden Sie sich an uns, wir helfen Ihnen mit einer individuellen Datenbank.<\/p>\n<p><a href=\"https:\/\/www.ramses.de\/wp-content\/uploads\/Export1.jpg\"><img loading=\"lazy\" decoding=\"async\" class=\"alignnone size-medium wp-image-1330\" src=\"https:\/\/www.ramses.de\/wp-content\/uploads\/Export1-300x157.jpg\" alt=\"Export1\" width=\"300\" height=\"157\" srcset=\"https:\/\/www.ramses.de\/wp-content\/uploads\/Export1-300x157.jpg 300w, https:\/\/www.ramses.de\/wp-content\/uploads\/Export1-1024x536.jpg 1024w, https:\/\/www.ramses.de\/wp-content\/uploads\/Export1.jpg 1380w\" sizes=\"auto, (max-width: 300px) 100vw, 300px\" \/><\/a><\/p>\n<p><a href=\"https:\/\/www.ramses.de\/wp-content\/uploads\/Export2.jpg\"><img loading=\"lazy\" decoding=\"async\" class=\"alignnone size-medium wp-image-1331\" src=\"https:\/\/www.ramses.de\/wp-content\/uploads\/Export2-300x158.jpg\" alt=\"Export2\" width=\"300\" height=\"158\" srcset=\"https:\/\/www.ramses.de\/wp-content\/uploads\/Export2-300x158.jpg 300w, https:\/\/www.ramses.de\/wp-content\/uploads\/Export2-1024x542.jpg 1024w, https:\/\/www.ramses.de\/wp-content\/uploads\/Export2.jpg 1327w\" sizes=\"auto, (max-width: 300px) 100vw, 300px\" \/><\/a><\/p>\n<p><a href=\"https:\/\/www.ramses.de\/wp-content\/uploads\/Export3.jpg\"><img loading=\"lazy\" decoding=\"async\" class=\"alignnone size-medium wp-image-1332\" src=\"https:\/\/www.ramses.de\/wp-content\/uploads\/Export3-300x213.jpg\" alt=\"Export3\" width=\"300\" height=\"213\" srcset=\"https:\/\/www.ramses.de\/wp-content\/uploads\/Export3-300x213.jpg 300w, https:\/\/www.ramses.de\/wp-content\/uploads\/Export3.jpg 907w\" sizes=\"auto, (max-width: 300px) 100vw, 300px\" \/><\/a><\/p>\n<p><a href=\"https:\/\/www.ramses.de\/wp-content\/uploads\/Export4.jpg\"><img loading=\"lazy\" decoding=\"async\" class=\"alignnone size-medium wp-image-1333\" src=\"https:\/\/www.ramses.de\/wp-content\/uploads\/Export4-300x155.jpg\" alt=\"Export4\" width=\"300\" height=\"155\" srcset=\"https:\/\/www.ramses.de\/wp-content\/uploads\/Export4-300x155.jpg 300w, https:\/\/www.ramses.de\/wp-content\/uploads\/Export4.jpg 1012w\" sizes=\"auto, (max-width: 300px) 100vw, 300px\" \/><\/a><\/p>\n","protected":false},"excerpt":{"rendered":"<p>Datenbank zur Verpackungsplanung In dieser Datenbank protokollieren wir die Verpackung von industriellen Gro\u00dfmaschinen der Firma Conti. Neben den zu verpackenden Teilen werden sowohl die Empf\u00e4nger &#8230; <a title=\"Export Verpackungen Sehnde GmbH &#8211; Verpackungsdatenbank\" class=\"read-more\" href=\"https:\/\/www.ramses.de\/?page_id=1329\" aria-label=\"Mehr Informationen \u00fcber Export Verpackungen Sehnde GmbH &#8211; Verpackungsdatenbank\">Weiterlesen &#8230;<\/a><\/p>\n","protected":false},"author":1,"featured_media":1330,"parent":1326,"menu_order":0,"comment_status":"closed","ping_status":"closed","template":"template-full-width.php","meta":{"footnotes":""},"class_list":{"0":"post-1329","1":"page","2":"type-page","3":"status-publish","4":"has-post-thumbnail","6":"resize-featured-image"},"_links":{"self":[{"href":"https:\/\/www.ramses.de\/index.php?rest_route=\/wp\/v2\/pages\/1329","targetHints":{"allow":["GET"]}}],"collection":[{"href":"https:\/\/www.ramses.de\/index.php?rest_route=\/wp\/v2\/pages"}],"about":[{"href":"https:\/\/www.ramses.de\/index.php?rest_route=\/wp\/v2\/types\/page"}],"author":[{"embeddable":true,"href":"https:\/\/www.ramses.de\/index.php?rest_route=\/wp\/v2\/users\/1"}],"replies":[{"embeddable":true,"href":"https:\/\/www.ramses.de\/index.php?rest_route=%2Fwp%2Fv2%2Fcomments&post=1329"}],"version-history":[{"count":4,"href":"https:\/\/www.ramses.de\/index.php?rest_route=\/wp\/v2\/pages\/1329\/revisions"}],"predecessor-version":[{"id":2771,"href":"https:\/\/www.ramses.de\/index.php?rest_route=\/wp\/v2\/pages\/1329\/revisions\/2771"}],"up":[{"embeddable":true,"href":"https:\/\/www.ramses.de\/index.php?rest_route=\/wp\/v2\/pages\/1326"}],"wp:featuredmedia":[{"embeddable":true,"href":"https:\/\/www.ramses.de\/index.php?rest_route=\/wp\/v2\/media\/1330"}],"wp:attachment":[{"href":"https:\/\/www.ramses.de\/index.php?rest_route=%2Fwp%2Fv2%2Fmedia&parent=1329"}],"curies":[{"name":"wp","href":"https:\/\/api.w.org\/{rel}","templated":true}]}}