{"id":1353,"date":"2013-08-23T10:37:07","date_gmt":"2013-08-23T08:37:07","guid":{"rendered":"http:\/\/www.ramses.de\/?page_id=1353"},"modified":"2013-08-23T10:44:13","modified_gmt":"2013-08-23T08:44:13","slug":"referenzen-mvs-banusch-gmbhx","status":"publish","type":"page","link":"https:\/\/www.ramses.de\/?page_id=1353","title":{"rendered":"Referenzen &#8211; BrainLAB AG"},"content":{"rendered":"<h1>Projekt Datenbank<\/h1>\n<p>Die BrainLAB AG entwickelt und vermarktet komplette Hardware und Softwaresysteme f\u00fcr das bildgesteuerte Operieren sowie die Strahlentherapie. In diesem Bereich geh\u00f6rt das Unternehmen zu den weltweiten Technologief\u00fchrern.<br \/>\nUnser bescheidener Beitrag ist hier ein System zur Bewertung der Projekte durch die beteiligten Mitarbeiter \/ Innen sowie der Aufzeichnung der technischen Merkmale der Projekte.<\/p>\n<p>Das Projekte<\/p>\n<ul>\n<li><a title=\"BrainLab AG \u2013 iOR Projektdatenbank\" href=\"https:\/\/www.ramses.de\/?page_id=962\">iPD Datenbank<\/a><\/li>\n<\/ul>\n<p>Weitere Informationen finden Sie im Internet <a href=\"http:\/\/www.brainlab.com\">hier&#8230;..<\/a><\/p>\n<p>&nbsp;<\/p>\n","protected":false},"excerpt":{"rendered":"<p>Projekt Datenbank Die BrainLAB AG entwickelt und vermarktet komplette Hardware und Softwaresysteme f\u00fcr das bildgesteuerte Operieren sowie die Strahlentherapie. In diesem Bereich geh\u00f6rt das Unternehmen &#8230; <a title=\"Referenzen &#8211; BrainLAB AG\" class=\"read-more\" href=\"https:\/\/www.ramses.de\/?page_id=1353\" aria-label=\"Mehr Informationen \u00fcber Referenzen &#8211; BrainLAB AG\">Weiterlesen &#8230;<\/a><\/p>\n","protected":false},"author":1,"featured_media":1343,"parent":745,"menu_order":0,"comment_status":"closed","ping_status":"closed","template":"template-full-width.php","meta":{"footnotes":""},"class_list":{"0":"post-1353","1":"page","2":"type-page","3":"status-publish","4":"has-post-thumbnail","6":"resize-featured-image"},"_links":{"self":[{"href":"https:\/\/www.ramses.de\/index.php?rest_route=\/wp\/v2\/pages\/1353","targetHints":{"allow":["GET"]}}],"collection":[{"href":"https:\/\/www.ramses.de\/index.php?rest_route=\/wp\/v2\/pages"}],"about":[{"href":"https:\/\/www.ramses.de\/index.php?rest_route=\/wp\/v2\/types\/page"}],"author":[{"embeddable":true,"href":"https:\/\/www.ramses.de\/index.php?rest_route=\/wp\/v2\/users\/1"}],"replies":[{"embeddable":true,"href":"https:\/\/www.ramses.de\/index.php?rest_route=%2Fwp%2Fv2%2Fcomments&post=1353"}],"version-history":[{"count":6,"href":"https:\/\/www.ramses.de\/index.php?rest_route=\/wp\/v2\/pages\/1353\/revisions"}],"predecessor-version":[{"id":1361,"href":"https:\/\/www.ramses.de\/index.php?rest_route=\/wp\/v2\/pages\/1353\/revisions\/1361"}],"up":[{"embeddable":true,"href":"https:\/\/www.ramses.de\/index.php?rest_route=\/wp\/v2\/pages\/745"}],"wp:featuredmedia":[{"embeddable":true,"href":"https:\/\/www.ramses.de\/index.php?rest_route=\/wp\/v2\/media\/1343"}],"wp:attachment":[{"href":"https:\/\/www.ramses.de\/index.php?rest_route=%2Fwp%2Fv2%2Fmedia&parent=1353"}],"curies":[{"name":"wp","href":"https:\/\/api.w.org\/{rel}","templated":true}]}}