{"id":1411,"date":"2013-08-25T13:55:18","date_gmt":"2013-08-25T11:55:18","guid":{"rendered":"http:\/\/www.ramses.de\/?page_id=1411"},"modified":"2013-08-25T13:58:52","modified_gmt":"2013-08-25T11:58:52","slug":"sonnenwerft-gmbh-warenwirtschaftssystem","status":"publish","type":"page","link":"https:\/\/www.ramses.de\/?page_id=1411","title":{"rendered":"Sonnenwerft GmbH &#8211; Warenwirtschaftssystem"},"content":{"rendered":"<h1>Bestellverwaltung<\/h1>\n<p>SunDock ist ein Gesch\u00e4ftsbereich der Sonnenwerft GmbH und international agierender Hersteller von Solarkollektoren. SunDock steht f\u00fcr weltweit schl\u00fcsselfertige Systeme im Bereich der Erneuerbaren Energien. Der Leitgedanke von SunDock ist es, mit hochmodernen Solar-Komponenten und Systeml\u00f6sungen \u201eMade in Germany\u201c nachhaltige Konzepte f\u00fcr eine Energieversorgung zu wirtschaftlich interessanten Konditionen zu liefern.<br \/>\nF\u00fcr die Abwicklung des t\u00e4glichen Gesch\u00e4ftsbetriebes d\u00fcrfen wir derzeit ein Warenwirtschaftssystem erstellen.<\/p>\n<ul>\n<li>Kundenmanagement<\/li>\n<li>Detailierte Auftragsverwaltung<\/li>\n<li>Drei stufige Artikelverwaltung<\/li>\n<li>Lager und Produktionsabbildung<\/li>\n<li>Lieferanten und Beschaffungsquellen<\/li>\n<li>Newsletterversand<\/li>\n<li>Wiedervorlagesystem<\/li>\n<li>Auswertung und Statistiken<\/li>\n<\/ul>\n<p>Vom Angebot bis zur Rechnung, von der Lagerhaltung bis zur Qualit\u00e4tskontrolle, eine Datenbank gest\u00fctzte Komplettl\u00f6sung .<\/p>\n<p><a href=\"https:\/\/www.ramses.de\/wp-content\/uploads\/wws1.jpg\"><img loading=\"lazy\" decoding=\"async\" class=\"alignnone size-medium wp-image-1414\" alt=\"wws1\" src=\"https:\/\/www.ramses.de\/wp-content\/uploads\/wws1-300x189.jpg\" width=\"300\" height=\"189\" srcset=\"https:\/\/www.ramses.de\/wp-content\/uploads\/wws1-300x189.jpg 300w, https:\/\/www.ramses.de\/wp-content\/uploads\/wws1-1024x646.jpg 1024w, https:\/\/www.ramses.de\/wp-content\/uploads\/wws1.jpg 1351w\" sizes=\"auto, (max-width: 300px) 100vw, 300px\" \/><\/a><\/p>\n<p><a href=\"https:\/\/www.ramses.de\/wp-content\/uploads\/wws2.jpg\"><img loading=\"lazy\" decoding=\"async\" class=\"alignnone size-medium wp-image-1415\" alt=\"wws2\" src=\"https:\/\/www.ramses.de\/wp-content\/uploads\/wws2-300x175.jpg\" width=\"300\" height=\"175\" srcset=\"https:\/\/www.ramses.de\/wp-content\/uploads\/wws2-300x175.jpg 300w, https:\/\/www.ramses.de\/wp-content\/uploads\/wws2-1024x599.jpg 1024w, https:\/\/www.ramses.de\/wp-content\/uploads\/wws2.jpg 1265w\" sizes=\"auto, (max-width: 300px) 100vw, 300px\" \/><\/a><\/p>\n<p><a href=\"https:\/\/www.ramses.de\/wp-content\/uploads\/wws3.jpg\"><img loading=\"lazy\" decoding=\"async\" class=\"alignnone size-medium wp-image-1416\" alt=\"wws3\" src=\"https:\/\/www.ramses.de\/wp-content\/uploads\/wws3-300x179.jpg\" width=\"300\" height=\"179\" srcset=\"https:\/\/www.ramses.de\/wp-content\/uploads\/wws3-300x179.jpg 300w, https:\/\/www.ramses.de\/wp-content\/uploads\/wws3-1024x611.jpg 1024w, https:\/\/www.ramses.de\/wp-content\/uploads\/wws3.jpg 1298w\" sizes=\"auto, (max-width: 300px) 100vw, 300px\" \/><\/a><\/p>\n<p><a href=\"https:\/\/www.ramses.de\/wp-content\/uploads\/wws4.jpg\"><img loading=\"lazy\" decoding=\"async\" class=\"alignnone size-medium wp-image-1417\" alt=\"wws4\" src=\"https:\/\/www.ramses.de\/wp-content\/uploads\/wws4-300x189.jpg\" width=\"300\" height=\"189\" srcset=\"https:\/\/www.ramses.de\/wp-content\/uploads\/wws4-300x189.jpg 300w, https:\/\/www.ramses.de\/wp-content\/uploads\/wws4-1024x646.jpg 1024w, https:\/\/www.ramses.de\/wp-content\/uploads\/wws4.jpg 1351w\" sizes=\"auto, (max-width: 300px) 100vw, 300px\" \/><\/a><\/p>\n","protected":false},"excerpt":{"rendered":"<p>Bestellverwaltung SunDock ist ein Gesch\u00e4ftsbereich der Sonnenwerft GmbH und international agierender Hersteller von Solarkollektoren. SunDock steht f\u00fcr weltweit schl\u00fcsselfertige Systeme im Bereich der Erneuerbaren Energien. &#8230; <a title=\"Sonnenwerft GmbH &#8211; Warenwirtschaftssystem\" class=\"read-more\" href=\"https:\/\/www.ramses.de\/?page_id=1411\" aria-label=\"Mehr Informationen \u00fcber Sonnenwerft GmbH &#8211; Warenwirtschaftssystem\">Weiterlesen &#8230;<\/a><\/p>\n","protected":false},"author":1,"featured_media":1414,"parent":1326,"menu_order":0,"comment_status":"closed","ping_status":"closed","template":"template-full-width.php","meta":{"footnotes":""},"class_list":{"0":"post-1411","1":"page","2":"type-page","3":"status-publish","4":"has-post-thumbnail","6":"resize-featured-image"},"_links":{"self":[{"href":"https:\/\/www.ramses.de\/index.php?rest_route=\/wp\/v2\/pages\/1411","targetHints":{"allow":["GET"]}}],"collection":[{"href":"https:\/\/www.ramses.de\/index.php?rest_route=\/wp\/v2\/pages"}],"about":[{"href":"https:\/\/www.ramses.de\/index.php?rest_route=\/wp\/v2\/types\/page"}],"author":[{"embeddable":true,"href":"https:\/\/www.ramses.de\/index.php?rest_route=\/wp\/v2\/users\/1"}],"replies":[{"embeddable":true,"href":"https:\/\/www.ramses.de\/index.php?rest_route=%2Fwp%2Fv2%2Fcomments&post=1411"}],"version-history":[{"count":3,"href":"https:\/\/www.ramses.de\/index.php?rest_route=\/wp\/v2\/pages\/1411\/revisions"}],"predecessor-version":[{"id":1413,"href":"https:\/\/www.ramses.de\/index.php?rest_route=\/wp\/v2\/pages\/1411\/revisions\/1413"}],"up":[{"embeddable":true,"href":"https:\/\/www.ramses.de\/index.php?rest_route=\/wp\/v2\/pages\/1326"}],"wp:featuredmedia":[{"embeddable":true,"href":"https:\/\/www.ramses.de\/index.php?rest_route=\/wp\/v2\/media\/1414"}],"wp:attachment":[{"href":"https:\/\/www.ramses.de\/index.php?rest_route=%2Fwp%2Fv2%2Fmedia&parent=1411"}],"curies":[{"name":"wp","href":"https:\/\/api.w.org\/{rel}","templated":true}]}}