{"id":1422,"date":"2013-08-25T14:11:22","date_gmt":"2013-08-25T12:11:22","guid":{"rendered":"http:\/\/www.ramses.de\/?page_id=1422"},"modified":"2013-08-25T14:23:43","modified_gmt":"2013-08-25T12:23:43","slug":"referenzen-universitat-hannover-ifa","status":"publish","type":"page","link":"https:\/\/www.ramses.de\/?page_id=1422","title":{"rendered":"Referenzen &#8211; Universit\u00e4t Hannover &#8211; IFA"},"content":{"rendered":"<h3>Das Institut f\u00fcr Fabrikanlagen<\/h3>\n<p>Das Institut stellte sich seit dem in Forschung und Lehre in zwei von Professor Wiendahl und Professor Schulze selbst\u00e4ndig gef\u00fchrten Bereichen dar, die das Gebiet der Fabrikplanung und -steuerung und ihre Einbettung in die logistische Produktions- und Versorgungskette weitgehend abdeckten. Seit dem 01.04.2003 hat Prof. Dr.-Ing. habil. Peter Nyhuis die Leitung des Instituts \u00fcbernommen. Nyhuis hat Maschinenbau an der Universit\u00e4t Hannover studiert, 1991 am Institut f\u00fcr Fabrikanlagen der Universit\u00e4t Hannover promoviert und 1999 im Fachgebiet Produktionslogistik habilitiert. Danach war er als Partner bei der Siemens AG, SPLS Supply Chain Consulting zust\u00e4ndig f\u00fcr die Themen Supply Chain Management und Supply Chain Design.<\/p>\n<p>Wir durften f\u00fcr das IFA eine Datenbank zum spannenden Thema Wandlung erstellen .<\/p>\n<p>Das Projekt<\/p>\n<ul>\n<li><a title=\"Universit\u00e4t Hannover IFA \u2013 Wandlung\" href=\"https:\/\/www.ramses.de\/?page_id=1425\">Wandlung<\/a><\/li>\n<\/ul>\n<p>Weitere Informationen finden Sie im Internet <a href=\"http:\/\/www.ifa.uni-hannover.de\/\">hier&#8230;..<\/a><\/p>\n<p>&nbsp;<\/p>\n","protected":false},"excerpt":{"rendered":"<p>Das Institut f\u00fcr Fabrikanlagen Das Institut stellte sich seit dem in Forschung und Lehre in zwei von Professor Wiendahl und Professor Schulze selbst\u00e4ndig gef\u00fchrten Bereichen &#8230; <a title=\"Referenzen &#8211; Universit\u00e4t Hannover &#8211; IFA\" class=\"read-more\" href=\"https:\/\/www.ramses.de\/?page_id=1422\" aria-label=\"Mehr Informationen \u00fcber Referenzen &#8211; Universit\u00e4t Hannover &#8211; IFA\">Weiterlesen &#8230;<\/a><\/p>\n","protected":false},"author":1,"featured_media":1429,"parent":745,"menu_order":0,"comment_status":"closed","ping_status":"closed","template":"template-full-width.php","meta":{"footnotes":""},"class_list":{"0":"post-1422","1":"page","2":"type-page","3":"status-publish","4":"has-post-thumbnail","6":"resize-featured-image"},"_links":{"self":[{"href":"https:\/\/www.ramses.de\/index.php?rest_route=\/wp\/v2\/pages\/1422","targetHints":{"allow":["GET"]}}],"collection":[{"href":"https:\/\/www.ramses.de\/index.php?rest_route=\/wp\/v2\/pages"}],"about":[{"href":"https:\/\/www.ramses.de\/index.php?rest_route=\/wp\/v2\/types\/page"}],"author":[{"embeddable":true,"href":"https:\/\/www.ramses.de\/index.php?rest_route=\/wp\/v2\/users\/1"}],"replies":[{"embeddable":true,"href":"https:\/\/www.ramses.de\/index.php?rest_route=%2Fwp%2Fv2%2Fcomments&post=1422"}],"version-history":[{"count":5,"href":"https:\/\/www.ramses.de\/index.php?rest_route=\/wp\/v2\/pages\/1422\/revisions"}],"predecessor-version":[{"id":1430,"href":"https:\/\/www.ramses.de\/index.php?rest_route=\/wp\/v2\/pages\/1422\/revisions\/1430"}],"up":[{"embeddable":true,"href":"https:\/\/www.ramses.de\/index.php?rest_route=\/wp\/v2\/pages\/745"}],"wp:featuredmedia":[{"embeddable":true,"href":"https:\/\/www.ramses.de\/index.php?rest_route=\/wp\/v2\/media\/1429"}],"wp:attachment":[{"href":"https:\/\/www.ramses.de\/index.php?rest_route=%2Fwp%2Fv2%2Fmedia&parent=1422"}],"curies":[{"name":"wp","href":"https:\/\/api.w.org\/{rel}","templated":true}]}}