{"id":1436,"date":"2013-08-25T14:31:03","date_gmt":"2013-08-25T12:31:03","guid":{"rendered":"http:\/\/www.ramses.de\/?page_id=1436"},"modified":"2013-08-25T14:31:03","modified_gmt":"2013-08-25T12:31:03","slug":"referenzen-klinikum-region-hannover-gmbh","status":"publish","type":"page","link":"https:\/\/www.ramses.de\/?page_id=1436","title":{"rendered":"Referenzen &#8211; Klinikum Region Hannover GmbH"},"content":{"rendered":"<h3>Region Hannover<\/h3>\n<p>Die Klinikum Region Hannover GmbH ist der Zusammenschluss der 13 Krankenh\u00e4user in der Tr\u00e4gerschaft der Region Hannover. 8.500 Mitarbeiter versorgen j\u00e4hrlich 130.000 Patienten station\u00e4r und zudem 180.000 Patienten ambulant, damit ist die Klinikum Region Hannover GmbH einer der gr\u00f6\u00dften \u00f6ffentlichen Krankenhaustr\u00e4ger. Die Krankenh\u00e4user liegen in einem Umkreis von ca. 30 km im Umland und im Zentrum von Hannover.<br \/>\nZur Betreuung der internationalen Patienten durften wir ein System beisteuern.<\/p>\n<h3>Das Projekt<\/h3>\n<ul>\n<li>Internationales Patientenmanagement<\/li>\n<\/ul>\n<p>Weitere Informationen finden Sie im Internet <a href=\"http:\/\/www.krh.eu\">hier&#8230;..<\/a><\/p>\n","protected":false},"excerpt":{"rendered":"<p>Region Hannover Die Klinikum Region Hannover GmbH ist der Zusammenschluss der 13 Krankenh\u00e4user in der Tr\u00e4gerschaft der Region Hannover. 8.500 Mitarbeiter versorgen j\u00e4hrlich 130.000 Patienten &#8230; <a title=\"Referenzen &#8211; Klinikum Region Hannover GmbH\" class=\"read-more\" href=\"https:\/\/www.ramses.de\/?page_id=1436\" aria-label=\"Mehr Informationen \u00fcber Referenzen &#8211; Klinikum Region Hannover GmbH\">Weiterlesen &#8230;<\/a><\/p>\n","protected":false},"author":1,"featured_media":0,"parent":745,"menu_order":0,"comment_status":"closed","ping_status":"closed","template":"template-full-width.php","meta":{"footnotes":""},"class_list":["post-1436","page","type-page","status-publish"],"_links":{"self":[{"href":"https:\/\/www.ramses.de\/index.php?rest_route=\/wp\/v2\/pages\/1436","targetHints":{"allow":["GET"]}}],"collection":[{"href":"https:\/\/www.ramses.de\/index.php?rest_route=\/wp\/v2\/pages"}],"about":[{"href":"https:\/\/www.ramses.de\/index.php?rest_route=\/wp\/v2\/types\/page"}],"author":[{"embeddable":true,"href":"https:\/\/www.ramses.de\/index.php?rest_route=\/wp\/v2\/users\/1"}],"replies":[{"embeddable":true,"href":"https:\/\/www.ramses.de\/index.php?rest_route=%2Fwp%2Fv2%2Fcomments&post=1436"}],"version-history":[{"count":1,"href":"https:\/\/www.ramses.de\/index.php?rest_route=\/wp\/v2\/pages\/1436\/revisions"}],"predecessor-version":[{"id":1437,"href":"https:\/\/www.ramses.de\/index.php?rest_route=\/wp\/v2\/pages\/1436\/revisions\/1437"}],"up":[{"embeddable":true,"href":"https:\/\/www.ramses.de\/index.php?rest_route=\/wp\/v2\/pages\/745"}],"wp:attachment":[{"href":"https:\/\/www.ramses.de\/index.php?rest_route=%2Fwp%2Fv2%2Fmedia&parent=1436"}],"curies":[{"name":"wp","href":"https:\/\/api.w.org\/{rel}","templated":true}]}}