{"id":1447,"date":"2013-08-28T06:34:14","date_gmt":"2013-08-28T04:34:14","guid":{"rendered":"http:\/\/www.ramses.de\/?page_id=1447"},"modified":"2014-09-21T11:10:06","modified_gmt":"2014-09-21T09:10:06","slug":"feuerwehr-hannover-taucherverwaltung","status":"publish","type":"page","link":"https:\/\/www.ramses.de\/?page_id=1447","title":{"rendered":"Feuerwehr Hannover &#8211; Taucherverwaltung"},"content":{"rendered":"<div>\n<h1>Die Tauch Datenbank<\/h1>\n<\/div>\n<div>Im Rahmen der Arbeit der Berufsfeuerwehr sind auch die Taucher im Einsatz f\u00fcr die B\u00fcrger Hannovers. In den rund um Hannover befindlichen Seen und Fl\u00fc\u00dfen kommen die Taucher der Berufsfeuerwehr Hannover zum Einsatz. Die Datenbank dient der Planung, Durchf\u00fchrung und Abrechnung der Tauchg\u00e4nge. Die Datenbankl\u00f6sung verwaltet neben den Tauchern auch die im Einsatz befindlichen Ger\u00e4te sowie deren Wartungen.<\/p>\n<ul>\n<li>Verwaltung der Taucher der Berufs- und Freiwilligen Feuerwehr<\/li>\n<li>Planung und Durchf\u00fchrung der Trainingstauchg\u00e4nge<\/li>\n<li>Verwaltung der Tauchger\u00e4te, der Ger\u00e4tekomponenten<\/li>\n<li>Koordinierung der Tauchuntersuchungen und Tauglichkeiten<\/li>\n<li>Abrechnung der Taucheins\u00e4tze inklusive Zulagen etc.<\/li>\n<li>Statistiken und Auswertungen der Tauchg\u00e4nge<\/li>\n<\/ul>\n<p>Wir freuen uns, die Berufsfeuerwehr auch in diesen Fall mit unserer Arbeit ein wenig unterst\u00fctzen zu k\u00f6nnen.<\/p>\n<\/div>\n<div><\/div>\n<div><a href=\"https:\/\/www.ramses.de\/wp-content\/uploads\/TauchDB11.jpg\"><img loading=\"lazy\" decoding=\"async\" class=\"alignnone size-medium wp-image-2743\" src=\"https:\/\/www.ramses.de\/wp-content\/uploads\/TauchDB11-300x195.jpg\" alt=\"TauchDB1\" width=\"300\" height=\"195\" srcset=\"https:\/\/www.ramses.de\/wp-content\/uploads\/TauchDB11-300x195.jpg 300w, https:\/\/www.ramses.de\/wp-content\/uploads\/TauchDB11-1024x665.jpg 1024w, https:\/\/www.ramses.de\/wp-content\/uploads\/TauchDB11.jpg 1526w\" sizes=\"auto, (max-width: 300px) 100vw, 300px\" \/><\/a><\/div>\n<div><a href=\"https:\/\/www.ramses.de\/wp-content\/uploads\/TauchDB2.jpg\"><img loading=\"lazy\" decoding=\"async\" class=\"alignnone size-medium wp-image-1450\" src=\"https:\/\/www.ramses.de\/wp-content\/uploads\/TauchDB2-300x152.jpg\" alt=\"TauchDB2\" width=\"300\" height=\"152\" srcset=\"https:\/\/www.ramses.de\/wp-content\/uploads\/TauchDB2-300x152.jpg 300w, https:\/\/www.ramses.de\/wp-content\/uploads\/TauchDB2-1024x520.jpg 1024w, https:\/\/www.ramses.de\/wp-content\/uploads\/TauchDB2.jpg 1225w\" sizes=\"auto, (max-width: 300px) 100vw, 300px\" \/><\/a><\/div>\n<div><a href=\"https:\/\/www.ramses.de\/wp-content\/uploads\/TauchDB3.jpg\"><img loading=\"lazy\" decoding=\"async\" class=\"alignnone size-medium wp-image-1451\" src=\"https:\/\/www.ramses.de\/wp-content\/uploads\/TauchDB3-300x151.jpg\" alt=\"TauchDB3\" width=\"300\" height=\"151\" srcset=\"https:\/\/www.ramses.de\/wp-content\/uploads\/TauchDB3-300x151.jpg 300w, https:\/\/www.ramses.de\/wp-content\/uploads\/TauchDB3-1024x517.jpg 1024w, https:\/\/www.ramses.de\/wp-content\/uploads\/TauchDB3.jpg 1223w\" sizes=\"auto, (max-width: 300px) 100vw, 300px\" \/><\/a><\/div>\n<div><a href=\"https:\/\/www.ramses.de\/wp-content\/uploads\/TauchDB4.jpg\"><img loading=\"lazy\" decoding=\"async\" class=\"alignnone size-medium wp-image-1452\" src=\"https:\/\/www.ramses.de\/wp-content\/uploads\/TauchDB4-300x210.jpg\" alt=\"TauchDB4\" width=\"300\" height=\"210\" srcset=\"https:\/\/www.ramses.de\/wp-content\/uploads\/TauchDB4-300x210.jpg 300w, https:\/\/www.ramses.de\/wp-content\/uploads\/TauchDB4-1024x717.jpg 1024w, https:\/\/www.ramses.de\/wp-content\/uploads\/TauchDB4.jpg 1323w\" sizes=\"auto, (max-width: 300px) 100vw, 300px\" \/><\/a><\/div>\n","protected":false},"excerpt":{"rendered":"<p>Die Tauch Datenbank Im Rahmen der Arbeit der Berufsfeuerwehr sind auch die Taucher im Einsatz f\u00fcr die B\u00fcrger Hannovers. In den rund um Hannover befindlichen &#8230; <a title=\"Feuerwehr Hannover &#8211; Taucherverwaltung\" class=\"read-more\" href=\"https:\/\/www.ramses.de\/?page_id=1447\" aria-label=\"Mehr Informationen \u00fcber Feuerwehr Hannover &#8211; Taucherverwaltung\">Weiterlesen &#8230;<\/a><\/p>\n","protected":false},"author":1,"featured_media":1448,"parent":736,"menu_order":0,"comment_status":"closed","ping_status":"closed","template":"template-full-width.php","meta":{"footnotes":""},"class_list":{"0":"post-1447","1":"page","2":"type-page","3":"status-publish","4":"has-post-thumbnail","6":"resize-featured-image"},"_links":{"self":[{"href":"https:\/\/www.ramses.de\/index.php?rest_route=\/wp\/v2\/pages\/1447","targetHints":{"allow":["GET"]}}],"collection":[{"href":"https:\/\/www.ramses.de\/index.php?rest_route=\/wp\/v2\/pages"}],"about":[{"href":"https:\/\/www.ramses.de\/index.php?rest_route=\/wp\/v2\/types\/page"}],"author":[{"embeddable":true,"href":"https:\/\/www.ramses.de\/index.php?rest_route=\/wp\/v2\/users\/1"}],"replies":[{"embeddable":true,"href":"https:\/\/www.ramses.de\/index.php?rest_route=%2Fwp%2Fv2%2Fcomments&post=1447"}],"version-history":[{"count":3,"href":"https:\/\/www.ramses.de\/index.php?rest_route=\/wp\/v2\/pages\/1447\/revisions"}],"predecessor-version":[{"id":2745,"href":"https:\/\/www.ramses.de\/index.php?rest_route=\/wp\/v2\/pages\/1447\/revisions\/2745"}],"up":[{"embeddable":true,"href":"https:\/\/www.ramses.de\/index.php?rest_route=\/wp\/v2\/pages\/736"}],"wp:featuredmedia":[{"embeddable":true,"href":"https:\/\/www.ramses.de\/index.php?rest_route=\/wp\/v2\/media\/1448"}],"wp:attachment":[{"href":"https:\/\/www.ramses.de\/index.php?rest_route=%2Fwp%2Fv2%2Fmedia&parent=1447"}],"curies":[{"name":"wp","href":"https:\/\/api.w.org\/{rel}","templated":true}]}}