{"id":1458,"date":"2013-08-28T06:53:06","date_gmt":"2013-08-28T04:53:06","guid":{"rendered":"http:\/\/www.ramses.de\/?page_id=1458"},"modified":"2015-09-08T10:32:16","modified_gmt":"2015-09-08T08:32:16","slug":"feuerwehr-hannover-brand-und-hilfeleistung","status":"publish","type":"page","link":"https:\/\/www.ramses.de\/?page_id=1458","title":{"rendered":"BOS &#8211; Feuerwehr Hannover &#8211; Brand- und Hilfeleistung"},"content":{"rendered":"<h1>Die Erstellung der Brand- und Hilfeleistungsberichte<\/h1>\n<p>Die Berufs- und freiwilligen Feuerwehren in der Region Hannover leisten jedes Jahr in tausenden von Eins\u00e4tzen ihren Dienst an den B\u00fcrgern in Hannover und deren Umland. Die Erstellung der Brand- und Hilfeleistungsberichte der Berufsfeuerwehr Hannover erfolgt in dieser Datenbank.<\/p>\n<p>Die Eins\u00e4tze werden in der Regionsleitstelle durchgef\u00fchrt und \u00fcber Nacht in der B&amp;H Datenbank importiert. Bei der nachfolgenden Bearbeitung werden die Einsatzmittel, die im Falle des Brand- bzw. Hilfeleistungseinsatzes eingesetzt wurden, aufgenommen. Erg\u00e4nzend werden zus\u00e4tzlich zu den Mitarbeitern und Fahrzeugen auch Sachmittel wie Binde- und Streumittel erfasst. Die Fahrzeugf\u00fchrer erg\u00e4nzen die Einsatzdaten und nach der Kontrolle durch die Wachabteilungsleiter werden die Eins\u00e4tze durch die Verwaltung kaufm\u00e4nnisch kontrolliert und abgerechnet.<\/p>\n<ul>\n<li>Eingabe der Einsatzdaten<\/li>\n<li>Verwaltung des Schl\u00fcsselkatalogs<\/li>\n<li>Erstellung und Druck der Brand- und Hilfeleistungsberichte<\/li>\n<li>Erstellung der Schl\u00fcsselberichte<\/li>\n<li>Import und Export von Einsatzdaten<\/li>\n<li>Statistiken und Auswertungen der Einsatzdaten<\/li>\n<li>Abrechnung der eingesetzten Rettungsmittel.<\/li>\n<\/ul>\n<p>Die Abrechnung erfolgt nach Begutachtung durch die Verwaltung \u00fcber Hausmitteilung oder Rechnung. Die statistischen Auswertungen der Eins\u00e4tze erfolgen einfach und simpel per Knopfdruck. Schl\u00fcsselberichte und statistische Auswertungen erg\u00e4nzen diese Datenbankl\u00f6sung aus unserem Haus.<\/p>\n<p>Auch Sie suchen eine individuelle Software f\u00fcr Ihre Einsatzkr\u00e4fte? Kontaktieren Sie uns per Mail und wir besprechen was wir f\u00fcr Sie tun k\u00f6nnen.<\/p>\n<p><a href=\"https:\/\/www.ramses.de\/wp-content\/uploads\/BUNDH11.jpg\"><img loading=\"lazy\" decoding=\"async\" class=\"alignnone size-medium wp-image-3560\" src=\"https:\/\/www.ramses.de\/wp-content\/uploads\/BUNDH11-300x208.jpg\" alt=\"BUNDH1\" width=\"300\" height=\"208\" srcset=\"https:\/\/www.ramses.de\/wp-content\/uploads\/BUNDH11-300x208.jpg 300w, https:\/\/www.ramses.de\/wp-content\/uploads\/BUNDH11-1024x711.jpg 1024w, https:\/\/www.ramses.de\/wp-content\/uploads\/BUNDH11.jpg 1497w\" sizes=\"auto, (max-width: 300px) 100vw, 300px\" \/><\/a><\/p>\n<p><a href=\"https:\/\/www.ramses.de\/wp-content\/uploads\/BUNDH21.jpg\"><img loading=\"lazy\" decoding=\"async\" class=\"alignnone size-medium wp-image-3561\" src=\"https:\/\/www.ramses.de\/wp-content\/uploads\/BUNDH21-300x208.jpg\" alt=\"BUNDH2\" width=\"300\" height=\"208\" srcset=\"https:\/\/www.ramses.de\/wp-content\/uploads\/BUNDH21-300x208.jpg 300w, https:\/\/www.ramses.de\/wp-content\/uploads\/BUNDH21-1024x709.jpg 1024w, https:\/\/www.ramses.de\/wp-content\/uploads\/BUNDH21.jpg 1496w\" sizes=\"auto, (max-width: 300px) 100vw, 300px\" \/><\/a><\/p>\n<p><a href=\"https:\/\/www.ramses.de\/wp-content\/uploads\/BUNDH41.jpg\"><img loading=\"lazy\" decoding=\"async\" class=\"alignnone size-medium wp-image-3562\" src=\"https:\/\/www.ramses.de\/wp-content\/uploads\/BUNDH41-300x229.jpg\" alt=\"BUNDH4\" width=\"300\" height=\"229\" srcset=\"https:\/\/www.ramses.de\/wp-content\/uploads\/BUNDH41-300x229.jpg 300w, https:\/\/www.ramses.de\/wp-content\/uploads\/BUNDH41-1024x780.jpg 1024w, https:\/\/www.ramses.de\/wp-content\/uploads\/BUNDH41.jpg 1265w\" sizes=\"auto, (max-width: 300px) 100vw, 300px\" \/><\/a><\/p>\n<p><a href=\"https:\/\/www.ramses.de\/wp-content\/uploads\/BUNDH5.jpg\"><img loading=\"lazy\" decoding=\"async\" class=\"alignnone size-medium wp-image-3563\" src=\"https:\/\/www.ramses.de\/wp-content\/uploads\/BUNDH5-300x216.jpg\" alt=\"BUNDH5\" width=\"300\" height=\"216\" srcset=\"https:\/\/www.ramses.de\/wp-content\/uploads\/BUNDH5-300x216.jpg 300w, https:\/\/www.ramses.de\/wp-content\/uploads\/BUNDH5-1024x736.jpg 1024w, https:\/\/www.ramses.de\/wp-content\/uploads\/BUNDH5-270x194.jpg 270w, https:\/\/www.ramses.de\/wp-content\/uploads\/BUNDH5.jpg 1577w\" sizes=\"auto, (max-width: 300px) 100vw, 300px\" \/><\/a><\/p>\n<p><a href=\"https:\/\/www.ramses.de\/wp-content\/uploads\/BUNDH6.jpg\"><img loading=\"lazy\" decoding=\"async\" class=\"alignnone size-medium wp-image-3564\" src=\"https:\/\/www.ramses.de\/wp-content\/uploads\/BUNDH6-300x216.jpg\" alt=\"BUNDH6\" width=\"300\" height=\"216\" srcset=\"https:\/\/www.ramses.de\/wp-content\/uploads\/BUNDH6-300x216.jpg 300w, https:\/\/www.ramses.de\/wp-content\/uploads\/BUNDH6-1024x738.jpg 1024w, https:\/\/www.ramses.de\/wp-content\/uploads\/BUNDH6-270x194.jpg 270w, https:\/\/www.ramses.de\/wp-content\/uploads\/BUNDH6.jpg 1566w\" sizes=\"auto, (max-width: 300px) 100vw, 300px\" \/><\/a><\/p>\n<p><a href=\"https:\/\/www.ramses.de\/wp-content\/uploads\/BUNDH31.jpg\"><img loading=\"lazy\" decoding=\"async\" class=\"alignnone size-medium wp-image-3565\" src=\"https:\/\/www.ramses.de\/wp-content\/uploads\/BUNDH31-300x227.jpg\" alt=\"BUNDH3\" width=\"300\" height=\"227\" srcset=\"https:\/\/www.ramses.de\/wp-content\/uploads\/BUNDH31-300x227.jpg 300w, https:\/\/www.ramses.de\/wp-content\/uploads\/BUNDH31-1024x776.jpg 1024w, https:\/\/www.ramses.de\/wp-content\/uploads\/BUNDH31.jpg 1273w\" sizes=\"auto, (max-width: 300px) 100vw, 300px\" \/><\/a><\/p>\n<p>&nbsp;<\/p>\n","protected":false},"excerpt":{"rendered":"<p>Die Erstellung der Brand- und Hilfeleistungsberichte Die Berufs- und freiwilligen Feuerwehren in der Region Hannover leisten jedes Jahr in tausenden von Eins\u00e4tzen ihren Dienst an &#8230; <a title=\"BOS &#8211; Feuerwehr Hannover &#8211; Brand- und Hilfeleistung\" class=\"read-more\" href=\"https:\/\/www.ramses.de\/?page_id=1458\" aria-label=\"Mehr Informationen \u00fcber BOS &#8211; Feuerwehr Hannover &#8211; Brand- und Hilfeleistung\">Weiterlesen &#8230;<\/a><\/p>\n","protected":false},"author":1,"featured_media":3560,"parent":736,"menu_order":0,"comment_status":"closed","ping_status":"closed","template":"template-full-width.php","meta":{"footnotes":""},"class_list":{"0":"post-1458","1":"page","2":"type-page","3":"status-publish","4":"has-post-thumbnail","6":"resize-featured-image"},"_links":{"self":[{"href":"https:\/\/www.ramses.de\/index.php?rest_route=\/wp\/v2\/pages\/1458","targetHints":{"allow":["GET"]}}],"collection":[{"href":"https:\/\/www.ramses.de\/index.php?rest_route=\/wp\/v2\/pages"}],"about":[{"href":"https:\/\/www.ramses.de\/index.php?rest_route=\/wp\/v2\/types\/page"}],"author":[{"embeddable":true,"href":"https:\/\/www.ramses.de\/index.php?rest_route=\/wp\/v2\/users\/1"}],"replies":[{"embeddable":true,"href":"https:\/\/www.ramses.de\/index.php?rest_route=%2Fwp%2Fv2%2Fcomments&post=1458"}],"version-history":[{"count":6,"href":"https:\/\/www.ramses.de\/index.php?rest_route=\/wp\/v2\/pages\/1458\/revisions"}],"predecessor-version":[{"id":3566,"href":"https:\/\/www.ramses.de\/index.php?rest_route=\/wp\/v2\/pages\/1458\/revisions\/3566"}],"up":[{"embeddable":true,"href":"https:\/\/www.ramses.de\/index.php?rest_route=\/wp\/v2\/pages\/736"}],"wp:featuredmedia":[{"embeddable":true,"href":"https:\/\/www.ramses.de\/index.php?rest_route=\/wp\/v2\/media\/3560"}],"wp:attachment":[{"href":"https:\/\/www.ramses.de\/index.php?rest_route=%2Fwp%2Fv2%2Fmedia&parent=1458"}],"curies":[{"name":"wp","href":"https:\/\/api.w.org\/{rel}","templated":true}]}}