{"id":1467,"date":"2013-08-28T07:01:28","date_gmt":"2013-08-28T05:01:28","guid":{"rendered":"http:\/\/www.ramses.de\/?page_id=1467"},"modified":"2013-08-28T07:01:28","modified_gmt":"2013-08-28T05:01:28","slug":"feuerwehr-hannover-transferdatenbank","status":"publish","type":"page","link":"https:\/\/www.ramses.de\/?page_id=1467","title":{"rendered":"Feuerwehr Hannover &#8211; Transferdatenbank"},"content":{"rendered":"<div>\n<h1>Die externe Datenversorgung<\/h1>\n<\/div>\n<p>Die Berufsfeuerwehr Hannover ist im Rahmen einer Neuordnung nun in einer Einsatzleitzentrale mit den Einsatzkr\u00e4ften der Region Hannover vereinigt.<\/p>\n<p>Um die Eins\u00e4tze in der Stadt und in der Region Hannover optimal einzusetzten, wurden die Leitstellen der Region und der Stadt Hannover vereinigt.<br \/>\nIm Rahmen dieser Zusammenf\u00fchrung obliegt es der gemeinsamen Leitstelle nun auch die Eins\u00e4tze in der gro\u00dffl\u00e4chigen Region Hannover zu steuern.<br \/>\nBedingt durch die Tatsache, dass \u00f6rtlich unterschiedliche Einsatzkr\u00e4fte im Rahmen der Freiwilligen Feuerwehr vorhanden sind, ist eine zentrale Planung der Alarm- und Ausr\u00fcckeordnung nur bedingt m\u00f6glich. In der Vergangenheit wurden die Planungen in den Ortsfeuerwehren auf unterschiedlichster Art und Weise durchgef\u00fchrt. Die per Papier, Mail oder Telefon gemeldeten Planungen mussten durch die Zentrale erst wieder m\u00fchsam erfa\u00dft werden. Die transfer Datenbank gibt den Ortsfeuerwehren nun ein einheitliches Werkzeug zur Erfassung und \u00dcbermittlung der Einsatzplanung an die Hand.<\/p>\n<ul>\n<li>Erfassung der gebietsabh\u00e4ngigen Einsatzplanung<\/li>\n<li>Plausibilit\u00e4tskontrollen<\/li>\n<li>Szenarios und Ger\u00e4te<\/li>\n<li>Ansprechpartner und nachts erreichbare Personen<\/li>\n<li>Alarm- und Ausr\u00fcckeordnung<\/li>\n<li>Statistiken und Auswertungen der Daten<\/li>\n<\/ul>\n<p>Nach Erfassung der Einsatzplanung wirde diese per Mail schnell und einfach an die Leitstelle gesandt und dort in die Objektdatenbank importiert.<\/p>\n<p><a href=\"https:\/\/www.ramses.de\/wp-content\/uploads\/transfer1.jpg\"><img loading=\"lazy\" decoding=\"async\" class=\"alignnone size-medium wp-image-1469\" alt=\"transfer1\" src=\"https:\/\/www.ramses.de\/wp-content\/uploads\/transfer1-300x227.jpg\" width=\"300\" height=\"227\" srcset=\"https:\/\/www.ramses.de\/wp-content\/uploads\/transfer1-300x227.jpg 300w, https:\/\/www.ramses.de\/wp-content\/uploads\/transfer1.jpg 880w\" sizes=\"auto, (max-width: 300px) 100vw, 300px\" \/><\/a><\/p>\n<p><a href=\"https:\/\/www.ramses.de\/wp-content\/uploads\/transfer2.jpg\"><img loading=\"lazy\" decoding=\"async\" class=\"alignnone size-medium wp-image-1470\" alt=\"transfer2\" src=\"https:\/\/www.ramses.de\/wp-content\/uploads\/transfer2-300x219.jpg\" width=\"300\" height=\"219\" srcset=\"https:\/\/www.ramses.de\/wp-content\/uploads\/transfer2-300x219.jpg 300w, https:\/\/www.ramses.de\/wp-content\/uploads\/transfer2-610x445.jpg 610w, https:\/\/www.ramses.de\/wp-content\/uploads\/transfer2.jpg 880w\" sizes=\"auto, (max-width: 300px) 100vw, 300px\" \/><\/a><\/p>\n<p><a href=\"https:\/\/www.ramses.de\/wp-content\/uploads\/transfer5.jpg\"><img loading=\"lazy\" decoding=\"async\" class=\"alignnone size-medium wp-image-1471\" alt=\"transfer5\" src=\"https:\/\/www.ramses.de\/wp-content\/uploads\/transfer5-300x274.jpg\" width=\"300\" height=\"274\" srcset=\"https:\/\/www.ramses.de\/wp-content\/uploads\/transfer5-300x274.jpg 300w, https:\/\/www.ramses.de\/wp-content\/uploads\/transfer5.jpg 830w\" sizes=\"auto, (max-width: 300px) 100vw, 300px\" \/><\/a><\/p>\n<p><a href=\"https:\/\/www.ramses.de\/wp-content\/uploads\/transfer4.jpg\"><img loading=\"lazy\" decoding=\"async\" class=\"alignnone size-medium wp-image-1472\" alt=\"transfer4\" src=\"https:\/\/www.ramses.de\/wp-content\/uploads\/transfer4-300x219.jpg\" width=\"300\" height=\"219\" srcset=\"https:\/\/www.ramses.de\/wp-content\/uploads\/transfer4-300x219.jpg 300w, https:\/\/www.ramses.de\/wp-content\/uploads\/transfer4-610x445.jpg 610w, https:\/\/www.ramses.de\/wp-content\/uploads\/transfer4.jpg 880w\" sizes=\"auto, (max-width: 300px) 100vw, 300px\" \/><\/a><\/p>\n<p>&nbsp;<\/p>\n","protected":false},"excerpt":{"rendered":"<p>Die externe Datenversorgung Die Berufsfeuerwehr Hannover ist im Rahmen einer Neuordnung nun in einer Einsatzleitzentrale mit den Einsatzkr\u00e4ften der Region Hannover vereinigt. Um die Eins\u00e4tze &#8230; <a title=\"Feuerwehr Hannover &#8211; Transferdatenbank\" class=\"read-more\" href=\"https:\/\/www.ramses.de\/?page_id=1467\" aria-label=\"Mehr Informationen \u00fcber Feuerwehr Hannover &#8211; Transferdatenbank\">Weiterlesen &#8230;<\/a><\/p>\n","protected":false},"author":1,"featured_media":1468,"parent":736,"menu_order":0,"comment_status":"closed","ping_status":"closed","template":"template-full-width.php","meta":{"footnotes":""},"class_list":{"0":"post-1467","1":"page","2":"type-page","3":"status-publish","4":"has-post-thumbnail","6":"resize-featured-image"},"_links":{"self":[{"href":"https:\/\/www.ramses.de\/index.php?rest_route=\/wp\/v2\/pages\/1467","targetHints":{"allow":["GET"]}}],"collection":[{"href":"https:\/\/www.ramses.de\/index.php?rest_route=\/wp\/v2\/pages"}],"about":[{"href":"https:\/\/www.ramses.de\/index.php?rest_route=\/wp\/v2\/types\/page"}],"author":[{"embeddable":true,"href":"https:\/\/www.ramses.de\/index.php?rest_route=\/wp\/v2\/users\/1"}],"replies":[{"embeddable":true,"href":"https:\/\/www.ramses.de\/index.php?rest_route=%2Fwp%2Fv2%2Fcomments&post=1467"}],"version-history":[{"count":1,"href":"https:\/\/www.ramses.de\/index.php?rest_route=\/wp\/v2\/pages\/1467\/revisions"}],"predecessor-version":[{"id":1473,"href":"https:\/\/www.ramses.de\/index.php?rest_route=\/wp\/v2\/pages\/1467\/revisions\/1473"}],"up":[{"embeddable":true,"href":"https:\/\/www.ramses.de\/index.php?rest_route=\/wp\/v2\/pages\/736"}],"wp:featuredmedia":[{"embeddable":true,"href":"https:\/\/www.ramses.de\/index.php?rest_route=\/wp\/v2\/media\/1468"}],"wp:attachment":[{"href":"https:\/\/www.ramses.de\/index.php?rest_route=%2Fwp%2Fv2%2Fmedia&parent=1467"}],"curies":[{"name":"wp","href":"https:\/\/api.w.org\/{rel}","templated":true}]}}