{"id":1476,"date":"2013-08-28T07:14:07","date_gmt":"2013-08-28T05:14:07","guid":{"rendered":"http:\/\/www.ramses.de\/?page_id=1476"},"modified":"2013-08-28T07:27:36","modified_gmt":"2013-08-28T05:27:36","slug":"referenzen-b-i-f-gmbh","status":"publish","type":"page","link":"https:\/\/www.ramses.de\/?page_id=1476","title":{"rendered":"Referenzen &#8211; b.i.f GmbH"},"content":{"rendered":"<h1>Bockholt innovative F\u00f6rdertechnik<\/h1>\n<p>Die b i f GmbH ist ein junges innovatives Unternehmen f\u00fcr die Modernisierung von Kranen und F\u00f6rderanlagen. Als Systemlieferant f\u00fcr Kransteuerungen und Antriebstechnik f\u00fcr Krane und F\u00f6rderanlagen arbeitet die b i f GmbH mit namhaften Herstellern spezieller\u00a0 Komponenten f\u00fcr Hebezeuge wie auch mit spezialisierten Herstellern von Sicherheits-, Steuerungs- und Antriebstechnik eng zusammen. Diese Kooperationen sind Garant f\u00fcr innovative L\u00f6sungen unter Einhaltung aktueller Normen.<\/p>\n<h3>Das Projekt<\/h3>\n<ul>\n<li><a title=\"bif GmbH \u2013 Auftragsverwaltung\" href=\"https:\/\/www.ramses.de\/?page_id=1481\">Auftragsverwaltung<\/a><\/li>\n<\/ul>\n<p>Wir freuen uns, mit unserer Datenbank einen kleinen Beitrag geleistet zu haben.<\/p>\n","protected":false},"excerpt":{"rendered":"<p>Bockholt innovative F\u00f6rdertechnik Die b i f GmbH ist ein junges innovatives Unternehmen f\u00fcr die Modernisierung von Kranen und F\u00f6rderanlagen. Als Systemlieferant f\u00fcr Kransteuerungen und &#8230; <a title=\"Referenzen &#8211; b.i.f GmbH\" class=\"read-more\" href=\"https:\/\/www.ramses.de\/?page_id=1476\" aria-label=\"Mehr Informationen \u00fcber Referenzen &#8211; b.i.f GmbH\">Weiterlesen &#8230;<\/a><\/p>\n","protected":false},"author":1,"featured_media":1479,"parent":745,"menu_order":0,"comment_status":"closed","ping_status":"closed","template":"template-full-width.php","meta":{"footnotes":""},"class_list":{"0":"post-1476","1":"page","2":"type-page","3":"status-publish","4":"has-post-thumbnail","6":"resize-featured-image"},"_links":{"self":[{"href":"https:\/\/www.ramses.de\/index.php?rest_route=\/wp\/v2\/pages\/1476","targetHints":{"allow":["GET"]}}],"collection":[{"href":"https:\/\/www.ramses.de\/index.php?rest_route=\/wp\/v2\/pages"}],"about":[{"href":"https:\/\/www.ramses.de\/index.php?rest_route=\/wp\/v2\/types\/page"}],"author":[{"embeddable":true,"href":"https:\/\/www.ramses.de\/index.php?rest_route=\/wp\/v2\/users\/1"}],"replies":[{"embeddable":true,"href":"https:\/\/www.ramses.de\/index.php?rest_route=%2Fwp%2Fv2%2Fcomments&post=1476"}],"version-history":[{"count":4,"href":"https:\/\/www.ramses.de\/index.php?rest_route=\/wp\/v2\/pages\/1476\/revisions"}],"predecessor-version":[{"id":2439,"href":"https:\/\/www.ramses.de\/index.php?rest_route=\/wp\/v2\/pages\/1476\/revisions\/2439"}],"up":[{"embeddable":true,"href":"https:\/\/www.ramses.de\/index.php?rest_route=\/wp\/v2\/pages\/745"}],"wp:featuredmedia":[{"embeddable":true,"href":"https:\/\/www.ramses.de\/index.php?rest_route=\/wp\/v2\/media\/1479"}],"wp:attachment":[{"href":"https:\/\/www.ramses.de\/index.php?rest_route=%2Fwp%2Fv2%2Fmedia&parent=1476"}],"curies":[{"name":"wp","href":"https:\/\/api.w.org\/{rel}","templated":true}]}}