{"id":1589,"date":"2013-09-03T18:45:49","date_gmt":"2013-09-03T16:45:49","guid":{"rendered":"http:\/\/www.ramses.de\/?page_id=1589"},"modified":"2025-12-22T12:16:17","modified_gmt":"2025-12-22T10:16:17","slug":"fernwartung","status":"publish","type":"page","link":"https:\/\/www.ramses.de\/?page_id=1589","title":{"rendered":"Fernwartung"},"content":{"rendered":"\n<div class=\"gbp-section\">\n<div class=\"gbp-section__inner gb-element-bb4d2fa4\">\n<div class=\"gb-element-18b1015d\">\n<p class=\"gb-text gbp-section__tagline\">Teamviewer<\/p>\n\n\n\n<h1 class=\"gb-text gbp-section__headline\">Fernwartung<\/h1>\n\n\n\n<p class=\"gb-text gbp-section__text\">Um Sie bei Ihrer t\u00e4glichen Arbeit zu unterst\u00fctzen k\u00f6nnen wir und mit Ihrem Rechner \u00fcber das Internet verbinden. Wir setzten hierbei auf das Programm Teamviewer, welches seit Jahren gute Dienste leistet.<\/p>\n<\/div>\n\n\n\n<img loading=\"lazy\" decoding=\"async\" width=\"272\" height=\"438\" class=\"gb-media-6f988949\" src=\"https:\/\/www.ramses.de\/wp-content\/uploads\/Teamviewer-2.jpg\" title=\"Teamviewer\" alt=\"Teamviewer\" srcset=\"https:\/\/www.ramses.de\/wp-content\/uploads\/Teamviewer-2.jpg 272w, https:\/\/www.ramses.de\/wp-content\/uploads\/Teamviewer-2-186x300.jpg 186w\" sizes=\"auto, (max-width: 272px) 100vw, 272px\" \/>\n<\/div>\n<\/div>\n\n\n\n<div class=\"gbp-section\">\n<div class=\"gbp-section__inner\">\n<div class=\"gb-element-5fa3dfea\">\n<h2 class=\"gb-text gbp-section__headline\">Die Idee<\/h2>\n\n\n\n<p class=\"gb-text gbp-section__text\">Sie laden sich eine kostenlose kleine Software auf Ihren Rechner. Diese Software starten Sie einfach per Doppelklick. Nach dem Starten k\u00f6nnen wir uns per mit Ihrem Rechner verbinden.<\/p>\n\n\n\n<p class=\"gb-text gbp-section__text\">Ohne Ihre Startaktion ist ein Verbinden mit Ihrem PC nicht m\u00f6glich.<br>Das bedeutet, das wir uns nicht ohne Ihr Wissen mit Ihrem Rechner verbinden k\u00f6nnen<\/p>\n<\/div>\n<\/div>\n\n\n\n<div class=\"gbp-section__inner gb-element-fe668b78\">\n<div>\n<h3 class=\"gb-text gbp-section__headline\">Die Vorteile<\/h3>\n\n\n\n<p class=\"gb-text gbp-section__text\">Manchmal ist ein Problem auf lokale Einstellungen zur\u00fcckzuf\u00fchren, die bei uns problemlos funktionieren, bei Ihnen aber Probleme verursachen.<br><br>\u00dcber die Fernwartung k\u00f6nnen wir hierbei schnell und unkompliziert helfen.<\/p>\n<\/div>\n\n\n\n<div>\n<h3 class=\"gb-text gbp-section__headline\">Der Download<\/h3>\n\n\n\n<p class=\"gb-text gbp-section__text\">Wenn wir Ihnen per Fernwartung helfen sollen, dann laden sie nun bitte das folgende Programm herunter.<br><br>Alles weitere kl\u00e4ren wir dann per Telefon \/ Mail.<\/p>\n<\/div>\n\n\n\n<div>\n<h3 class=\"gb-text gbp-section__headline\">Die Dateien<\/h3>\n\n\n\n<p class=\"gb-text gbp-section__text\"><span style=\"color: #ff0000;\">ACHTUNG: Die Datei darf nach dem Download nicht umbenannt werden.<br>&#8222;Mein&#8220; Teamviewer ist nach dem Start eindeutig am RAMSES Logo erkennbar<\/span><\/p>\n\n\n\n<ul class=\"wp-block-list\">\n<li><a title=\"Fernwartung\" href=\"https:\/\/www.ramses.de\/service\/files\/TeamViewerQS.exe\">Die Support Datei <\/a><\/li>\n\n\n\n<li><a href=\"https:\/\/www.ramses.de\/service\/files\/TeamViewerQS.zip\">Die Support Datei als zip<\/a><\/li>\n<\/ul>\n<\/div>\n<\/div>\n<\/div>\n","protected":false},"excerpt":{"rendered":"<p>Teamviewer Fernwartung Um Sie bei Ihrer t\u00e4glichen Arbeit zu unterst\u00fctzen k\u00f6nnen wir und mit Ihrem Rechner \u00fcber das Internet verbinden. Wir setzten hierbei auf das &#8230; <a title=\"Fernwartung\" class=\"read-more\" href=\"https:\/\/www.ramses.de\/?page_id=1589\" aria-label=\"Mehr Informationen \u00fcber Fernwartung\">Weiterlesen &#8230;<\/a><\/p>\n","protected":false},"author":1,"featured_media":5585,"parent":702,"menu_order":0,"comment_status":"closed","ping_status":"closed","template":"","meta":{"footnotes":""},"class_list":{"0":"post-1589","1":"page","2":"type-page","3":"status-publish","4":"has-post-thumbnail","6":"resize-featured-image"},"_links":{"self":[{"href":"https:\/\/www.ramses.de\/index.php?rest_route=\/wp\/v2\/pages\/1589","targetHints":{"allow":["GET"]}}],"collection":[{"href":"https:\/\/www.ramses.de\/index.php?rest_route=\/wp\/v2\/pages"}],"about":[{"href":"https:\/\/www.ramses.de\/index.php?rest_route=\/wp\/v2\/types\/page"}],"author":[{"embeddable":true,"href":"https:\/\/www.ramses.de\/index.php?rest_route=\/wp\/v2\/users\/1"}],"replies":[{"embeddable":true,"href":"https:\/\/www.ramses.de\/index.php?rest_route=%2Fwp%2Fv2%2Fcomments&post=1589"}],"version-history":[{"count":11,"href":"https:\/\/www.ramses.de\/index.php?rest_route=\/wp\/v2\/pages\/1589\/revisions"}],"predecessor-version":[{"id":7014,"href":"https:\/\/www.ramses.de\/index.php?rest_route=\/wp\/v2\/pages\/1589\/revisions\/7014"}],"up":[{"embeddable":true,"href":"https:\/\/www.ramses.de\/index.php?rest_route=\/wp\/v2\/pages\/702"}],"wp:featuredmedia":[{"embeddable":true,"href":"https:\/\/www.ramses.de\/index.php?rest_route=\/wp\/v2\/media\/5585"}],"wp:attachment":[{"href":"https:\/\/www.ramses.de\/index.php?rest_route=%2Fwp%2Fv2%2Fmedia&parent=1589"}],"curies":[{"name":"wp","href":"https:\/\/api.w.org\/{rel}","templated":true}]}}