{"id":1644,"date":"2013-09-05T17:23:29","date_gmt":"2013-09-05T15:23:29","guid":{"rendered":"http:\/\/www.ramses.de\/?page_id=1644"},"modified":"2013-09-05T17:41:55","modified_gmt":"2013-09-05T15:41:55","slug":"referenzen-landeshauptstadt-hannover-oe51","status":"publish","type":"page","link":"https:\/\/www.ramses.de\/?page_id=1644","title":{"rendered":"Referenzen &#8211; Landeshauptstadt Hannover OE51"},"content":{"rendered":"<h1>Das Amt f\u00fcr Jugend und Familie<\/h1>\n<p>Die Aufgaben des Jugendamtes drehen sich um eines der wichtigsten Themen in unserer Gesellschaft, unsere Kinder.<br \/>\nDie Arbeit der Damen und Herren des Jugendamtes befasst sich mit der Verwaltung der st\u00e4dtischen Kinder- und Tagesst\u00e4tten wie auch die Unterst\u00fctzung der Kinder, die im h\u00e4uslichen Umfeld Probleme mit sich oder Ihren Familien haben. Folgenden Datenbanken durften wir hier erstellen.<\/p>\n<h3>Die Projekte<\/h3>\n<ul>\n<li><a title=\"Fachbereich Jugend und Familie \u2013 Kommunaler Sozialer Dienst\" href=\"https:\/\/www.ramses.de\/?page_id=1656\">KSD Kommunaler sozialer Dienst<\/a><\/li>\n<li><a title=\"Fachbereich Umwelt und Stadtgr\u00fcn \u2013 Auftragsverwaltung\" href=\"https:\/\/www.ramses.de\/?page_id=1648\">KINDA Kindertagesst\u00e4tten<\/a><\/li>\n<\/ul>\n<p>Individuelle Datenbank L\u00f6sungen f\u00fcr den kommunalen Bereich. 20 Jahre Erfahrung garantieren auch f\u00fcr Sie ein eine effektive Datenbank L\u00f6sung<\/p>\n","protected":false},"excerpt":{"rendered":"<p>Das Amt f\u00fcr Jugend und Familie Die Aufgaben des Jugendamtes drehen sich um eines der wichtigsten Themen in unserer Gesellschaft, unsere Kinder. Die Arbeit der &#8230; <a title=\"Referenzen &#8211; Landeshauptstadt Hannover OE51\" class=\"read-more\" href=\"https:\/\/www.ramses.de\/?page_id=1644\" aria-label=\"Mehr Informationen \u00fcber Referenzen &#8211; Landeshauptstadt Hannover OE51\">Weiterlesen &#8230;<\/a><\/p>\n","protected":false},"author":1,"featured_media":0,"parent":749,"menu_order":0,"comment_status":"closed","ping_status":"closed","template":"","meta":{"footnotes":""},"class_list":["post-1644","page","type-page","status-publish"],"_links":{"self":[{"href":"https:\/\/www.ramses.de\/index.php?rest_route=\/wp\/v2\/pages\/1644","targetHints":{"allow":["GET"]}}],"collection":[{"href":"https:\/\/www.ramses.de\/index.php?rest_route=\/wp\/v2\/pages"}],"about":[{"href":"https:\/\/www.ramses.de\/index.php?rest_route=\/wp\/v2\/types\/page"}],"author":[{"embeddable":true,"href":"https:\/\/www.ramses.de\/index.php?rest_route=\/wp\/v2\/users\/1"}],"replies":[{"embeddable":true,"href":"https:\/\/www.ramses.de\/index.php?rest_route=%2Fwp%2Fv2%2Fcomments&post=1644"}],"version-history":[{"count":4,"href":"https:\/\/www.ramses.de\/index.php?rest_route=\/wp\/v2\/pages\/1644\/revisions"}],"predecessor-version":[{"id":1662,"href":"https:\/\/www.ramses.de\/index.php?rest_route=\/wp\/v2\/pages\/1644\/revisions\/1662"}],"up":[{"embeddable":true,"href":"https:\/\/www.ramses.de\/index.php?rest_route=\/wp\/v2\/pages\/749"}],"wp:attachment":[{"href":"https:\/\/www.ramses.de\/index.php?rest_route=%2Fwp%2Fv2%2Fmedia&parent=1644"}],"curies":[{"name":"wp","href":"https:\/\/api.w.org\/{rel}","templated":true}]}}