{"id":1648,"date":"2013-09-05T17:29:39","date_gmt":"2013-09-05T15:29:39","guid":{"rendered":"http:\/\/www.ramses.de\/?page_id=1648"},"modified":"2015-09-08T09:54:20","modified_gmt":"2015-09-08T07:54:20","slug":"fachbereich-umwelt-und-stadtgrun-auftragsverwaltung-2","status":"publish","type":"page","link":"https:\/\/www.ramses.de\/?page_id=1648","title":{"rendered":"Fachbereich Jugend und Familie &#8211; KINDA"},"content":{"rendered":"<h1>Die Verwaltung von Kindertagesst\u00e4tten<\/h1>\n<p>Das Jugendamt &#8211; LH Hannover befasst sich unter anderem mit der Verwaltung der Kinder- und Tagesst\u00e4tten in der Landeshauptstadt Hannover. Zu den Aufgaben dieses Programms geh\u00f6rt die Verwaltung der Einrichtungen mit den entsprechenden Pl\u00e4tzen. Es werden hier sowohl die bewilligten, die finanzierten und die tats\u00e4chlichen belegten Pl\u00e4tze in den verschiedenen Einrichtungen verwaltet.<\/p>\n<ul>\n<li>Tr\u00e4ger der Einrichtungen<\/li>\n<li>Einrichtungen sowie deren Pl\u00e4tze<\/li>\n<li>Bewilligungen und Finanzierung der Pl\u00e4tze<\/li>\n<li>Ansprechpartner in den Einrichtungen<\/li>\n<li>Historie der demographischen Entwicklung<\/li>\n<li>Statistiken und Auswertungen der Daten<\/li>\n<\/ul>\n<p>J\u00e4hrlich werden die Belegungszahlen der Einrichtungen per Mail erfragt und zentral ausgewertet. Somit werden die Planungen f\u00fcr das folgende KITA Jahr schnell und effektiv ausgef\u00fchrt<\/p>\n<p>Sie ben\u00f6tigen ebenfalls ma\u00dfgeschneiderte Software f\u00fcr den Kommunalen Einsatz!? Dann mailen Sie uns, wir melden uns umgehend.<\/p>\n<p>&nbsp;<\/p>\n<p><a href=\"https:\/\/www.ramses.de\/wp-content\/uploads\/KINDA01.jpg\"><img loading=\"lazy\" decoding=\"async\" class=\"alignnone size-medium wp-image-3555\" src=\"https:\/\/www.ramses.de\/wp-content\/uploads\/KINDA01-300x205.jpg\" alt=\"KINDA01\" width=\"300\" height=\"205\" srcset=\"https:\/\/www.ramses.de\/wp-content\/uploads\/KINDA01-300x205.jpg 300w, https:\/\/www.ramses.de\/wp-content\/uploads\/KINDA01-1024x698.jpg 1024w, https:\/\/www.ramses.de\/wp-content\/uploads\/KINDA01.jpg 1395w\" sizes=\"auto, (max-width: 300px) 100vw, 300px\" \/><\/a><\/p>\n<p><a href=\"https:\/\/www.ramses.de\/wp-content\/uploads\/KINDA02.jpg\"><img loading=\"lazy\" decoding=\"async\" class=\"alignnone size-medium wp-image-3556\" src=\"https:\/\/www.ramses.de\/wp-content\/uploads\/KINDA02-300x201.jpg\" alt=\"KINDA02\" width=\"300\" height=\"201\" srcset=\"https:\/\/www.ramses.de\/wp-content\/uploads\/KINDA02-300x201.jpg 300w, https:\/\/www.ramses.de\/wp-content\/uploads\/KINDA02-1024x687.jpg 1024w, https:\/\/www.ramses.de\/wp-content\/uploads\/KINDA02.jpg 1277w\" sizes=\"auto, (max-width: 300px) 100vw, 300px\" \/><\/a><\/p>\n<p><a href=\"https:\/\/www.ramses.de\/wp-content\/uploads\/KINDA03.jpg\"><img loading=\"lazy\" decoding=\"async\" class=\"alignnone size-medium wp-image-3553\" src=\"https:\/\/www.ramses.de\/wp-content\/uploads\/KINDA03-300x202.jpg\" alt=\"KINDA03\" width=\"300\" height=\"202\" srcset=\"https:\/\/www.ramses.de\/wp-content\/uploads\/KINDA03-300x202.jpg 300w, https:\/\/www.ramses.de\/wp-content\/uploads\/KINDA03-1024x691.jpg 1024w, https:\/\/www.ramses.de\/wp-content\/uploads\/KINDA03.jpg 1398w\" sizes=\"auto, (max-width: 300px) 100vw, 300px\" \/><\/a><\/p>\n<p><a href=\"https:\/\/www.ramses.de\/wp-content\/uploads\/KINDA04.jpg\"><img loading=\"lazy\" decoding=\"async\" class=\"alignnone size-medium wp-image-3554\" src=\"https:\/\/www.ramses.de\/wp-content\/uploads\/KINDA04-300x201.jpg\" alt=\"KINDA04\" width=\"300\" height=\"201\" srcset=\"https:\/\/www.ramses.de\/wp-content\/uploads\/KINDA04-300x201.jpg 300w, https:\/\/www.ramses.de\/wp-content\/uploads\/KINDA04-1024x686.jpg 1024w, https:\/\/www.ramses.de\/wp-content\/uploads\/KINDA04.jpg 1262w\" sizes=\"auto, (max-width: 300px) 100vw, 300px\" \/><\/a><\/p>\n<p>&nbsp;<\/p>\n<p>&nbsp;<\/p>\n","protected":false},"excerpt":{"rendered":"<p>Die Verwaltung von Kindertagesst\u00e4tten Das Jugendamt &#8211; LH Hannover befasst sich unter anderem mit der Verwaltung der Kinder- und Tagesst\u00e4tten in der Landeshauptstadt Hannover. Zu &#8230; <a title=\"Fachbereich Jugend und Familie &#8211; KINDA\" class=\"read-more\" href=\"https:\/\/www.ramses.de\/?page_id=1648\" aria-label=\"Mehr Informationen \u00fcber Fachbereich Jugend und Familie &#8211; KINDA\">Weiterlesen &#8230;<\/a><\/p>\n","protected":false},"author":1,"featured_media":3555,"parent":1644,"menu_order":0,"comment_status":"closed","ping_status":"closed","template":"template-full-width.php","meta":{"footnotes":""},"class_list":{"0":"post-1648","1":"page","2":"type-page","3":"status-publish","4":"has-post-thumbnail","6":"resize-featured-image"},"_links":{"self":[{"href":"https:\/\/www.ramses.de\/index.php?rest_route=\/wp\/v2\/pages\/1648","targetHints":{"allow":["GET"]}}],"collection":[{"href":"https:\/\/www.ramses.de\/index.php?rest_route=\/wp\/v2\/pages"}],"about":[{"href":"https:\/\/www.ramses.de\/index.php?rest_route=\/wp\/v2\/types\/page"}],"author":[{"embeddable":true,"href":"https:\/\/www.ramses.de\/index.php?rest_route=\/wp\/v2\/users\/1"}],"replies":[{"embeddable":true,"href":"https:\/\/www.ramses.de\/index.php?rest_route=%2Fwp%2Fv2%2Fcomments&post=1648"}],"version-history":[{"count":5,"href":"https:\/\/www.ramses.de\/index.php?rest_route=\/wp\/v2\/pages\/1648\/revisions"}],"predecessor-version":[{"id":3557,"href":"https:\/\/www.ramses.de\/index.php?rest_route=\/wp\/v2\/pages\/1648\/revisions\/3557"}],"up":[{"embeddable":true,"href":"https:\/\/www.ramses.de\/index.php?rest_route=\/wp\/v2\/pages\/1644"}],"wp:featuredmedia":[{"embeddable":true,"href":"https:\/\/www.ramses.de\/index.php?rest_route=\/wp\/v2\/media\/3555"}],"wp:attachment":[{"href":"https:\/\/www.ramses.de\/index.php?rest_route=%2Fwp%2Fv2%2Fmedia&parent=1648"}],"curies":[{"name":"wp","href":"https:\/\/api.w.org\/{rel}","templated":true}]}}