{"id":1656,"date":"2013-09-05T17:40:07","date_gmt":"2013-09-05T15:40:07","guid":{"rendered":"http:\/\/www.ramses.de\/?page_id=1656"},"modified":"2021-01-27T11:01:41","modified_gmt":"2021-01-27T09:01:41","slug":"fachbereich-jugend-und-familie-kommunaler-sozialer-dienst","status":"publish","type":"page","link":"https:\/\/www.ramses.de\/?page_id=1656","title":{"rendered":"Fachbereich Jugend und Familie &#8211; Kommunaler Sozialer Dienst"},"content":{"rendered":"<h1>Kommunaler Sozialer Dienst<\/h1>\n<p>Das Jugendamt &#8211; LH Hannover Kinder und Jugendliche, die eine staatliche Betreuung ben\u00f6tigen werden in diversen Ma\u00dfnahmen unterst\u00fctzt. Von der ambulanten Betreuung bis hin zur Pflegefamilie reichen die unterst\u00fctzenden Ma\u00dfnahmen.<br \/>\nZu den Aufgaben dieses Programms geh\u00f6rt die Verwaltung der Einrichtungen mit den entsprechenden Pl\u00e4tzen. Die zu unterst\u00fctzenden Kinder werden ebenso verwaltet, wie die Zuweisung der Kinder zu den unterst\u00fctzenden Ma\u00dfnahmen.<\/p>\n<ul>\n<li>Tr\u00e4ger der Einrichtungen<\/li>\n<li>Einrichtungen sowie deren Leitungen<\/li>\n<li>Ansprechpartner in den Einrichtungen<\/li>\n<li>Kinder und Jugendliche mit deren Daten<\/li>\n<li>Preisverwaltung und Rahmenvertr\u00e4ge<\/li>\n<li>Statistiken und Auswertungen der Daten<\/li>\n<\/ul>\n<p>Ein Herzst\u00fcck des Programms ist die ausf\u00fchrliche Statistik, die eine optimale Planung der Ma\u00dfnahmen erm\u00f6glicht. In Zeiten knapper Mittel eine Werkzeug zur gerechten Verwendung der Steuermittel.<\/p>\n<p>Sie ben\u00f6tigen ebenfalls ma\u00dfgeschneiderte Software f\u00fcr den Kommunalen Einsatz!? Dann mailen Sie uns, wir melden uns umgehend!<\/p>\n<p><a href=\"https:\/\/www.ramses.de\/wp-content\/uploads\/ksd1.jpg\"><img loading=\"lazy\" decoding=\"async\" class=\"alignnone size-medium wp-image-1657\" src=\"https:\/\/www.ramses.de\/wp-content\/uploads\/ksd1-300x200.jpg\" alt=\"ksd1\" width=\"300\" height=\"200\" srcset=\"https:\/\/www.ramses.de\/wp-content\/uploads\/ksd1-300x200.jpg 300w, https:\/\/www.ramses.de\/wp-content\/uploads\/ksd1-1024x683.jpg 1024w, https:\/\/www.ramses.de\/wp-content\/uploads\/ksd1.jpg 1291w\" sizes=\"auto, (max-width: 300px) 100vw, 300px\" \/><\/a><\/p>\n<p>&nbsp;<\/p>\n<p>&nbsp;<\/p>\n<p>&nbsp;<\/p>\n","protected":false},"excerpt":{"rendered":"<p>Kommunaler Sozialer Dienst Das Jugendamt &#8211; LH Hannover Kinder und Jugendliche, die eine staatliche Betreuung ben\u00f6tigen werden in diversen Ma\u00dfnahmen unterst\u00fctzt. Von der ambulanten Betreuung &#8230; <a title=\"Fachbereich Jugend und Familie &#8211; Kommunaler Sozialer Dienst\" class=\"read-more\" href=\"https:\/\/www.ramses.de\/?page_id=1656\" aria-label=\"Mehr Informationen \u00fcber Fachbereich Jugend und Familie &#8211; Kommunaler Sozialer Dienst\">Weiterlesen &#8230;<\/a><\/p>\n","protected":false},"author":1,"featured_media":1657,"parent":1155,"menu_order":0,"comment_status":"closed","ping_status":"closed","template":"template-full-width.php","meta":{"footnotes":""},"class_list":{"0":"post-1656","1":"page","2":"type-page","3":"status-publish","4":"has-post-thumbnail","6":"resize-featured-image"},"_links":{"self":[{"href":"https:\/\/www.ramses.de\/index.php?rest_route=\/wp\/v2\/pages\/1656","targetHints":{"allow":["GET"]}}],"collection":[{"href":"https:\/\/www.ramses.de\/index.php?rest_route=\/wp\/v2\/pages"}],"about":[{"href":"https:\/\/www.ramses.de\/index.php?rest_route=\/wp\/v2\/types\/page"}],"author":[{"embeddable":true,"href":"https:\/\/www.ramses.de\/index.php?rest_route=\/wp\/v2\/users\/1"}],"replies":[{"embeddable":true,"href":"https:\/\/www.ramses.de\/index.php?rest_route=%2Fwp%2Fv2%2Fcomments&post=1656"}],"version-history":[{"count":3,"href":"https:\/\/www.ramses.de\/index.php?rest_route=\/wp\/v2\/pages\/1656\/revisions"}],"predecessor-version":[{"id":5549,"href":"https:\/\/www.ramses.de\/index.php?rest_route=\/wp\/v2\/pages\/1656\/revisions\/5549"}],"up":[{"embeddable":true,"href":"https:\/\/www.ramses.de\/index.php?rest_route=\/wp\/v2\/pages\/1155"}],"wp:featuredmedia":[{"embeddable":true,"href":"https:\/\/www.ramses.de\/index.php?rest_route=\/wp\/v2\/media\/1657"}],"wp:attachment":[{"href":"https:\/\/www.ramses.de\/index.php?rest_route=%2Fwp%2Fv2%2Fmedia&parent=1656"}],"curies":[{"name":"wp","href":"https:\/\/api.w.org\/{rel}","templated":true}]}}