{"id":1667,"date":"2013-09-05T17:52:42","date_gmt":"2013-09-05T15:52:42","guid":{"rendered":"http:\/\/www.ramses.de\/?page_id=1667"},"modified":"2025-11-19T08:29:18","modified_gmt":"2025-11-19T06:29:18","slug":"referenzen-landeshauptstadt-hannover-oe50","status":"publish","type":"page","link":"https:\/\/www.ramses.de\/?page_id=1667","title":{"rendered":"Referenzen &#8211; Landeshauptstadt Hannover OE50"},"content":{"rendered":"\n<div class=\"gbp-section gb-element-82478272\" style=\"--inline-bg-image: url(https:\/\/www.ramses.de\/wp-content\/uploads\/Menschen01.jpg)\">\n<div class=\"gbp-section__inner gb-element-340bfb03\">\n<div>\n<h1 class=\"gb-text gbp-section__headline gb-text-acac7f4c\">Landeshauptstadt Hannover &#8211; Fachbereich Soziales<\/h1>\n\n\n\n<p class=\"gb-text gbp-section__text gb-text-00aafe6a\">Die OE 50 Die Aufgaben des Sozialamtes befassen sich mit den schwachen in unserer Gesellschaft. Die Besch\u00e4ftigten haben zahlreiche Kontakte mit Menschen, die sich in wirtschaftlichen und pers\u00f6nlichen Notlagen befinden und deshalb auf individuelle pers\u00f6nliche und\/oder finanzielle Hilfen angewiesen sind. Das Amt hat den gesetzlichen Auftrag, die Existenz bed\u00fcrftiger, nicht erwerbsf\u00e4higer Menschen und anderer bed\u00fcrftiger Personengruppen zu sichern.<\/p>\n<\/div>\n<\/div>\n<\/div>\n\n\n\n<div class=\"gbp-section\">\n<div class=\"gbp-section__inner gb-element-0f81dac9\">\n<div class=\"gb-element-ed6a1b3c\">\n<p class=\"gb-text gbp-section__tagline\">\u00dcber mich<\/p>\n\n\n\n<h2 class=\"gb-text gbp-section__headline\">Warum sollten Sie eine Datenbank von mir nutzen?<\/h2>\n\n\n\n<p class=\"gb-text gbp-section__text\">Ich bin seit 1990 selbst\u00e4ndig im Bereich Datenbank Entwicklung und mein Ziel ist es Ihnen bei Ihrer Arbeit zu helfen.<\/p>\n\n\n\n<ul class=\"gb-element-ae82ccdd\">\n<li class=\"gb-text-d62659a8\"><span class=\"gb-shape\"><svg aria-hidden=\"true\" role=\"img\" height=\"1em\" width=\"1em\" viewBox=\"0 0 512 512\" xmlns=\"http:\/\/www.w3.org\/2000\/svg\"><path fill=\"currentColor\" d=\"M256 8C119 8 8 119 8 256s111 248 248 248 248-111 248-248S393 8 256 8zm0 448c-110.5 0-200-89.5-200-200S145.5 56 256 56s200 89.5 200 200-89.5 200-200 200z\"><\/path><\/svg><\/span><span class=\"gb-text\">Industriekaufmann und Diplom \u00d6konom<\/span><\/li>\n\n\n\n<li class=\"gb-text-1715158e\"><span class=\"gb-shape\"><svg aria-hidden=\"true\" role=\"img\" height=\"1em\" width=\"1em\" viewBox=\"0 0 512 512\" xmlns=\"http:\/\/www.w3.org\/2000\/svg\"><path fill=\"currentColor\" d=\"M256 8C119 8 8 119 8 256s111 248 248 248 248-111 248-248S393 8 256 8zm0 448c-110.5 0-200-89.5-200-200S145.5 56 256 56s200 89.5 200 200-89.5 200-200 200z\"><\/path><\/svg><\/span><span class=\"gb-text\">Mehr als 250 Datenbanken<\/span><\/li>\n\n\n\n<li class=\"gb-text-fd7d87c9\"><span class=\"gb-shape\"><svg aria-hidden=\"true\" role=\"img\" height=\"1em\" width=\"1em\" viewBox=\"0 0 512 512\" xmlns=\"http:\/\/www.w3.org\/2000\/svg\"><path fill=\"currentColor\" d=\"M256 8C119 8 8 119 8 256s111 248 248 248 248-111 248-248S393 8 256 8zm0 448c-110.5 0-200-89.5-200-200S145.5 56 256 56s200 89.5 200 200-89.5 200-200 200z\"><\/path><\/svg><\/span><span class=\"gb-text\">Erfahrung in der Verwaltung und in der Wirtschaft<\/span><\/li>\n<\/ul>\n\n\n\n<div class=\"gb-element-0a60f26c\">\n<a class=\"gb-text gbp-button--secondary\" href=\"https:\/\/www.ramses.de\/?page_id=651\">\u00dcber mich<\/a>\n<\/div>\n<\/div>\n\n\n\n<img loading=\"lazy\" decoding=\"async\" width=\"1000\" height=\"1000\" class=\"gb-media-0caa963f\" src=\"https:\/\/www.ramses.de\/wp-content\/uploads\/Maik01-1.jpg\" title=\"Maik01\" alt=\"Maik Ramftel\" srcset=\"https:\/\/www.ramses.de\/wp-content\/uploads\/Maik01-1.jpg 1000w, https:\/\/www.ramses.de\/wp-content\/uploads\/Maik01-1-300x300.jpg 300w, https:\/\/www.ramses.de\/wp-content\/uploads\/Maik01-1-150x150.jpg 150w, https:\/\/www.ramses.de\/wp-content\/uploads\/Maik01-1-768x768.jpg 768w\" sizes=\"auto, (max-width: 1000px) 100vw, 1000px\" \/>\n<\/div>\n<\/div>\n\n\n\n<div class=\"gbp-section gb-element-c91ca5f5\">\n<div class=\"gbp-section__inner gb-element-93826f5d\">\n<div>\n<p class=\"gb-text gbp-section__tagline\">Unsere Projekte<\/p>\n\n\n\n<h2 class=\"gb-text gbp-section__headline\">Die Projekte f\u00fcr den St\u00fctzpunkt H\u00f6lderlinstra\u00dfe&nbsp;<\/h2>\n<\/div>\n\n\n\n<div>\n<p class=\"gb-text gbp-section__text\">Die Verwaltung von \u00f6ffentlichen Leistungen geh\u00f6rt zu den klassischen Aufgaben die wir in Datenbanken verwalten k\u00f6nnen. Sie haben auch Bedarf an einer Datenbank? Dann nichts wie los, senden Sie mir eine Mail!<\/p>\n<\/div>\n<\/div>\n\n\n\n<div class=\"gbp-section__inner gb-element-fc193e34\">\n<div>\n<h3 class=\"gb-text gbp-section__headline\">Hilfe zur Arbeit<\/h3>\n\n\n\n<p class=\"gb-text gbp-section__text\">Dieses Programm dient der Verwaltung der Sozialhilfeempf\u00e4nger und der Zuweisung zu Arbeitsstellen im Rahmen des Gesetztes zur Hilfe zur Arbeit. Die schnelle Vermittlung der Menschen steht hier im Fokus.<\/p>\n\n\n\n<div class=\"gb-element-e5b3081d\">\n<a class=\"gb-text gbp-button--primary\" href=\"https:\/\/www.ramses.de\/?page_id=2250\">Learn more<\/a>\n<\/div>\n<\/div>\n\n\n\n<div>\n<h3 class=\"gb-text gbp-section__headline\">Auftragsverwaltung<\/h3>\n\n\n\n<p class=\"gb-text gbp-section__text\">Im Rahmen der st\u00e4dtischen G\u00e4rtnereien werden Blumen und andere Waren aus dem Bereich Garten- und Landschaftsbau innerhalb der Stadtverwaltung und der st\u00e4dtischen Betrieb vertrieben.<\/p>\n\n\n\n<div class=\"gb-element-01f9da4d\">\n<a class=\"gb-text gbp-button--primary\" href=\"https:\/\/www.ramses.de\/?page_id=2230\">Learn more<\/a>\n<\/div>\n<\/div>\n\n\n\n<div>\n<h3 class=\"gb-text gbp-section__headline\">Magazin<\/h3>\n\n\n\n<p class=\"gb-text gbp-section__text\">Um die ben\u00f6tigten Arbeitsmaterialien zu verwalten, haben wir eine Datenbank erstellt, die die Verbrauchsmaterialien und Maschinen verwaltet. Damit unterst\u00fctzen wir die Arbeit des Teams im Magazin.<\/p>\n\n\n\n<div class=\"gb-element-50b5acba\">\n<a class=\"gb-text gbp-button--primary\" href=\"https:\/\/www.ramses.de\/?page_id=2244\">Learn more<\/a>\n<\/div>\n<\/div>\n\n\n\n<div>\n<h3 class=\"gb-text gbp-section__headline\">Rechnungscontrolling<\/h3>\n\n\n\n<p class=\"gb-text gbp-section__text\">Im St\u00fctzpunkt H\u00f6lderlinstra\u00dfe laufen die Bauma\u00dfnahmen im Rahmen der Unterst\u00fctzung Langzeitarbeitsloser zusammen. Die in diesem Zusammenhang anfallenden Eingangs- und Ausgangsrechnungen werden mit dieser Datenbank verwaltet.<\/p>\n\n\n\n<div class=\"gb-element-9b9099e6\">\n<a class=\"gb-text gbp-button--primary\" href=\"https:\/\/www.ramses.de\/?page_id=2241\">Learn more<\/a>\n<\/div>\n<\/div>\n\n\n\n<div>\n<h3 class=\"gb-text gbp-section__headline\">Magazin Bauhof<\/h3>\n\n\n\n<p class=\"gb-text gbp-section__text\">Um die ben\u00f6tigten Arbeitsmaterialien zu verwalten, haben wir eine Datenbank erstellt, die die Verbrauchsmaterialien und Maschinen verwaltet. <br><br>Damit unterst\u00fctzen wir die Arbeit des Teams im Bauhof Magazin.<\/p>\n\n\n\n<div class=\"gb-element-251d96f4\">\n<a class=\"gb-text gbp-button--primary\" href=\"https:\/\/www.ramses.de\/?page_id=2235\">Learn more<\/a>\n<\/div>\n<\/div>\n\n\n\n<div>\n<h3 class=\"gb-text gbp-section__headline\">Befragung Sozialamt<\/h3>\n\n\n\n<p class=\"gb-text gbp-section__text\">Die Stadt Hannover befragt in regelm\u00e4\u00dfigen Abst\u00e4nden seine Kunden, um den Qualit\u00e4tsstandard halten zu k\u00f6nnen. <br><br>Diese Datenbank dient der Auswertung und Erfassung der Frageb\u00f6gen.<\/p>\n\n\n\n<div class=\"gb-element-bdf2f41f\">\n<a class=\"gb-text gbp-button--primary\" href=\"https:\/\/www.ramses.de\/?page_id=2238\">Learn more<\/a>\n<\/div>\n<\/div>\n\n\n\n<div>\n<h3 class=\"gb-text gbp-section__headline\">Belegverwaltung<\/h3>\n\n\n\n<p class=\"gb-text gbp-section__text\">Im Rahmen der Besch\u00e4ftigung von Langzeitarbeitslosen werden die Damen und Herren in vielen T\u00e4tigkeitsfeldern unterwiesen.<br>Gefahrenbl\u00e4tter, Arbeitsanweisungen sowie Produkthinweise werden in dieser Datenbank verwaltet und als PDF Dokument hintelegt.<\/p>\n\n\n\n<div class=\"gb-element-e0de3940\">\n<a class=\"gb-text gbp-button--primary\" href=\"https:\/\/www.ramses.de\/?page_id=2470\">Learn more<\/a>\n<\/div>\n<\/div>\n\n\n\n<div>\n<h3 class=\"gb-text gbp-section__headline\">Finanzen<\/h3>\n\n\n\n<p class=\"gb-text gbp-section__text\">Die Datenbank dient der Verwaltung von Anfragen, Angeboten und Auftr\u00e4gen rund um die Arbeit der St\u00fctzpunkt H\u00f6lderlinstra\u00dfe.<br><br>Damit unterst\u00fctzen wir die ausf\u00fchrenden Menschen des St\u00fctzpunktes H\u00f6lderlinstrasse.<\/p>\n\n\n\n<div class=\"gb-element-52bd7ee1\">\n<a class=\"gb-text gbp-button--primary\" href=\"https:\/\/www.ramses.de\/?page_id=6910\">Learn more<\/a>\n<\/div>\n<\/div>\n<\/div>\n<\/div>\n\n\n\n<div class=\"gbp-section gb-element-f12810c9\">\n<div class=\"gbp-section__inner\">\n<div class=\"gb-element-69ea1933\">\n<h2 class=\"gb-text gbp-section__headline\">Unsere Datenbank Features<\/h2>\n\n\n\n<p class=\"gb-text gbp-section__text gb-text-7918e0f1\">Wir erstellen Datenbanken ganz nach Ihren Vorstellungen und und Arbeitsabl\u00e4ufen<\/p>\n<\/div>\n<\/div>\n\n\n\n<div class=\"gbp-section__inner gb-element-ad8e3536\">\n<div><div class=\"gb-looper-5e9d74a6\">\n<div class=\"gb-loop-item gb-loop-item-edf9b41b post-4651 post type-post status-publish format-image has-post-thumbnail hentry category-db-features tag-access tag-formulare post_format-post-format-image resize-featured-image\">\n<div class=\"gb-element-c2d6f90d\">\n<p class=\"gb-text gbp-card__meta-text\"><span>DB Features<\/span><\/p>\n\n\n\n<h2 class=\"gb-text gbp-card__title\"><a href=\"https:\/\/www.ramses.de\/?p=4651\">DB Feature &#8211; Bearbeitenformulare<\/a><\/h2>\n<\/div>\n\n\n\n<a href=\"https:\/\/www.ramses.de\/?p=4651\"><img loading=\"lazy\" decoding=\"async\" width=\"150\" height=\"150\" alt=\"\" data-media-id=\"4652\" class=\"gb-media-a62050c4\" src=\"https:\/\/www.ramses.de\/wp-content\/uploads\/Bearbeitenformular-150x150.jpg\" srcset=\"https:\/\/www.ramses.de\/wp-content\/uploads\/Bearbeitenformular-150x150.jpg 150w, https:\/\/www.ramses.de\/wp-content\/uploads\/Bearbeitenformular-55x54.jpg 55w\" sizes=\"auto, (max-width: 150px) 100vw, 150px\" \/><\/a>\n<\/div>\n\n<div class=\"gb-loop-item gb-loop-item-edf9b41b post-4641 post type-post status-publish format-image has-post-thumbnail hentry category-db-features tag-access tag-formulare post_format-post-format-image resize-featured-image\">\n<div class=\"gb-element-c2d6f90d\">\n<p class=\"gb-text gbp-card__meta-text\"><span>DB Features<\/span><\/p>\n\n\n\n<h2 class=\"gb-text gbp-card__title\"><a href=\"https:\/\/www.ramses.de\/?p=4641\">DB Feature &#8211; Auswahlformulare<\/a><\/h2>\n<\/div>\n\n\n\n<a href=\"https:\/\/www.ramses.de\/?p=4641\"><img loading=\"lazy\" decoding=\"async\" width=\"150\" height=\"150\" alt=\"\" data-media-id=\"4642\" class=\"gb-media-a62050c4\" src=\"https:\/\/www.ramses.de\/wp-content\/uploads\/Auswahlformular-150x150.jpg\" srcset=\"https:\/\/www.ramses.de\/wp-content\/uploads\/Auswahlformular-150x150.jpg 150w, https:\/\/www.ramses.de\/wp-content\/uploads\/Auswahlformular-55x54.jpg 55w\" sizes=\"auto, (max-width: 150px) 100vw, 150px\" \/><\/a>\n<\/div>\n\n<div class=\"gb-loop-item gb-loop-item-edf9b41b post-4636 post type-post status-publish format-image has-post-thumbnail hentry category-db-features tag-access tag-formulare post_format-post-format-image resize-featured-image\">\n<div class=\"gb-element-c2d6f90d\">\n<p class=\"gb-text gbp-card__meta-text\"><span>DB Features<\/span><\/p>\n\n\n\n<h2 class=\"gb-text gbp-card__title\"><a href=\"https:\/\/www.ramses.de\/?p=4636\">DB Feature &#8211; Men\u00fcformulare<\/a><\/h2>\n<\/div>\n\n\n\n<a href=\"https:\/\/www.ramses.de\/?p=4636\"><img loading=\"lazy\" decoding=\"async\" width=\"150\" height=\"150\" alt=\"\" data-media-id=\"4637\" class=\"gb-media-a62050c4\" src=\"https:\/\/www.ramses.de\/wp-content\/uploads\/Menueformulare-150x150.jpg\" srcset=\"https:\/\/www.ramses.de\/wp-content\/uploads\/Menueformulare-150x150.jpg 150w, https:\/\/www.ramses.de\/wp-content\/uploads\/Menueformulare-55x54.jpg 55w\" sizes=\"auto, (max-width: 150px) 100vw, 150px\" \/><\/a>\n<\/div>\n\n<div class=\"gb-loop-item gb-loop-item-edf9b41b post-4629 post type-post status-publish format-image has-post-thumbnail hentry category-db-features tag-access tag-formulare post_format-post-format-image resize-featured-image\">\n<div class=\"gb-element-c2d6f90d\">\n<p class=\"gb-text gbp-card__meta-text\"><span>DB Features<\/span><\/p>\n\n\n\n<h2 class=\"gb-text gbp-card__title\"><a href=\"https:\/\/www.ramses.de\/?p=4629\">DB Feature &#8211; Registerkarte (Ribbons)<\/a><\/h2>\n<\/div>\n\n\n\n<a href=\"https:\/\/www.ramses.de\/?p=4629\"><img loading=\"lazy\" decoding=\"async\" width=\"150\" height=\"150\" alt=\"\" data-media-id=\"4634\" class=\"gb-media-a62050c4\" src=\"https:\/\/www.ramses.de\/wp-content\/uploads\/Register4-150x150.jpg\" srcset=\"https:\/\/www.ramses.de\/wp-content\/uploads\/Register4-150x150.jpg 150w, https:\/\/www.ramses.de\/wp-content\/uploads\/Register4-55x54.jpg 55w\" sizes=\"auto, (max-width: 150px) 100vw, 150px\" \/><\/a>\n<\/div>\n\n<div class=\"gb-loop-item gb-loop-item-edf9b41b post-4624 post type-post status-publish format-image has-post-thumbnail hentry category-db-features tag-access tag-formulare post_format-post-format-image resize-featured-image\">\n<div class=\"gb-element-c2d6f90d\">\n<p class=\"gb-text gbp-card__meta-text\"><span>DB Features<\/span><\/p>\n\n\n\n<h2 class=\"gb-text gbp-card__title\"><a href=\"https:\/\/www.ramses.de\/?p=4624\">DB Feature &#8211; Kombinationsfelder<\/a><\/h2>\n<\/div>\n\n\n\n<a href=\"https:\/\/www.ramses.de\/?p=4624\"><img loading=\"lazy\" decoding=\"async\" width=\"150\" height=\"150\" alt=\"\" data-media-id=\"4625\" class=\"gb-media-a62050c4\" src=\"https:\/\/www.ramses.de\/wp-content\/uploads\/Kombinationsfelder-150x150.jpg\" srcset=\"https:\/\/www.ramses.de\/wp-content\/uploads\/Kombinationsfelder-150x150.jpg 150w, https:\/\/www.ramses.de\/wp-content\/uploads\/Kombinationsfelder-55x54.jpg 55w\" sizes=\"auto, (max-width: 150px) 100vw, 150px\" \/><\/a>\n<\/div>\n\n<div class=\"gb-loop-item gb-loop-item-edf9b41b post-4618 post type-post status-publish format-image has-post-thumbnail hentry category-db-features tag-access tag-formulare post_format-post-format-image resize-featured-image\">\n<div class=\"gb-element-c2d6f90d\">\n<p class=\"gb-text gbp-card__meta-text\"><span>DB Features<\/span><\/p>\n\n\n\n<h2 class=\"gb-text gbp-card__title\"><a href=\"https:\/\/www.ramses.de\/?p=4618\">DB Feature &#8211; Aktionbox<\/a><\/h2>\n<\/div>\n\n\n\n<a href=\"https:\/\/www.ramses.de\/?p=4618\"><img loading=\"lazy\" decoding=\"async\" width=\"150\" height=\"150\" alt=\"\" data-media-id=\"4619\" class=\"gb-media-a62050c4\" src=\"https:\/\/www.ramses.de\/wp-content\/uploads\/Befehlsschaltfl\u00e4chen-150x150.jpg\" srcset=\"https:\/\/www.ramses.de\/wp-content\/uploads\/Befehlsschaltfl\u00e4chen-150x150.jpg 150w, https:\/\/www.ramses.de\/wp-content\/uploads\/Befehlsschaltfl\u00e4chen-55x54.jpg 55w\" sizes=\"auto, (max-width: 150px) 100vw, 150px\" \/><\/a>\n<\/div>\n\n<div class=\"gb-loop-item gb-loop-item-edf9b41b post-4613 post type-post status-publish format-image hentry category-db-features tag-access tag-formulare post_format-post-format-image\">\n<div class=\"gb-element-c2d6f90d\">\n<p class=\"gb-text gbp-card__meta-text\"><span>DB Features<\/span><\/p>\n\n\n\n<h2 class=\"gb-text gbp-card__title\"><a href=\"https:\/\/www.ramses.de\/?p=4613\">DB Feature &#8211; Pflichtfelder<\/a><\/h2>\n<\/div>\n\n\n<\/div>\n\n<div class=\"gb-loop-item gb-loop-item-edf9b41b post-4498 post type-post status-publish format-image has-post-thumbnail hentry category-db-features tag-access tag-berechtigungen tag-vba post_format-post-format-image resize-featured-image\">\n<div class=\"gb-element-c2d6f90d\">\n<p class=\"gb-text gbp-card__meta-text\"><span>DB Features<\/span><\/p>\n\n\n\n<h2 class=\"gb-text gbp-card__title\"><a href=\"https:\/\/www.ramses.de\/?p=4498\">DB Feature &#8211; Rechteverwaltung<\/a><\/h2>\n<\/div>\n\n\n\n<a href=\"https:\/\/www.ramses.de\/?p=4498\"><img loading=\"lazy\" decoding=\"async\" width=\"150\" height=\"150\" alt=\"\" data-media-id=\"4537\" class=\"gb-media-a62050c4\" src=\"https:\/\/www.ramses.de\/wp-content\/uploads\/Rechte-150x150.jpg\" srcset=\"https:\/\/www.ramses.de\/wp-content\/uploads\/Rechte-150x150.jpg 150w, https:\/\/www.ramses.de\/wp-content\/uploads\/Rechte-55x54.jpg 55w\" sizes=\"auto, (max-width: 150px) 100vw, 150px\" \/><\/a>\n<\/div>\n\n<div class=\"gb-loop-item gb-loop-item-edf9b41b post-2925 post type-post status-publish format-image has-post-thumbnail hentry category-db-features tag-access tag-vba post_format-post-format-image resize-featured-image\">\n<div class=\"gb-element-c2d6f90d\">\n<p class=\"gb-text gbp-card__meta-text\"><span>DB Features<\/span><\/p>\n\n\n\n<h2 class=\"gb-text gbp-card__title\"><a href=\"https:\/\/www.ramses.de\/?p=2925\">DB Feature &#8211; Helpdesk Tool<\/a><\/h2>\n<\/div>\n\n\n\n<a href=\"https:\/\/www.ramses.de\/?p=2925\"><img loading=\"lazy\" decoding=\"async\" width=\"150\" height=\"150\" alt=\"\" data-media-id=\"2936\" class=\"gb-media-a62050c4\" src=\"https:\/\/www.ramses.de\/wp-content\/uploads\/Helpdesk09-150x150.jpg\" srcset=\"https:\/\/www.ramses.de\/wp-content\/uploads\/Helpdesk09-150x150.jpg 150w, https:\/\/www.ramses.de\/wp-content\/uploads\/Helpdesk09-55x54.jpg 55w\" sizes=\"auto, (max-width: 150px) 100vw, 150px\" \/><\/a>\n<\/div>\n\n<div class=\"gb-loop-item gb-loop-item-edf9b41b post-1636 post type-post status-publish format-image has-post-thumbnail hentry category-db-features tag-access tag-vba post_format-post-format-image resize-featured-image\">\n<div class=\"gb-element-c2d6f90d\">\n<p class=\"gb-text gbp-card__meta-text\"><span>DB Features<\/span><\/p>\n\n\n\n<h2 class=\"gb-text gbp-card__title\"><a href=\"https:\/\/www.ramses.de\/?p=1636\">DB Feature &#8211; Word \u00dcbergabe<\/a><\/h2>\n<\/div>\n\n\n\n<a href=\"https:\/\/www.ramses.de\/?p=1636\"><img loading=\"lazy\" decoding=\"async\" width=\"150\" height=\"150\" alt=\"\" data-media-id=\"1641\" class=\"gb-media-a62050c4\" src=\"https:\/\/www.ramses.de\/wp-content\/uploads\/Word\u00fcbergabe-150x150.jpg\" srcset=\"https:\/\/www.ramses.de\/wp-content\/uploads\/Word\u00fcbergabe-150x150.jpg 150w, https:\/\/www.ramses.de\/wp-content\/uploads\/Word\u00fcbergabe-55x54.jpg 55w\" sizes=\"auto, (max-width: 150px) 100vw, 150px\" \/><\/a>\n<\/div>\n<\/div><\/div>\n<\/div>\n\n\n\n<p><\/p>\n<\/div>\n\n\n\n<div class=\"gbp-section gb-element-9814209a\">\n<div class=\"gbp-section__inner\">\n<div class=\"gb-element-3e370fef\">\n<h2 class=\"gb-text gbp-section__headline\">Frequently Asked Questions<\/h2>\n\n\n\n<p class=\"gb-text gbp-section__text gb-text-ff9f6647\">Was uns zum Thema Access so eingefallen ist&#8230;<\/p>\n<\/div>\n<\/div>\n\n\n\n<div class=\"gbp-section__inner gb-element-fabe970f\">\n<div><div class=\"gb-looper-a89423b2\">\n<div class=\"gb-loop-item gb-loop-item-eb855680 post-6293 post type-post status-publish format-standard hentry category-access category-faq tag-access tag-datenbankentwicklung\">\n<div class=\"gb-element-2fceffcd\">\n<p class=\"gb-text gbp-card__meta-text\"><span>Access<\/span>,<span>FAQ<\/span><\/p>\n\n\n\n<h2 class=\"gb-text gbp-card__title\"><a href=\"https:\/\/www.ramses.de\/?p=6293\">FAQ Access &#8211; Fehler 49 Falsche DLL-Aufrufkonvention<\/a><\/h2>\n<\/div>\n\n\n<\/div>\n\n<div class=\"gb-loop-item gb-loop-item-eb855680 post-6264 post type-post status-publish format-standard has-post-thumbnail hentry category-access tag-access resize-featured-image\">\n<div class=\"gb-element-2fceffcd\">\n<p class=\"gb-text gbp-card__meta-text\"><span>Access<\/span><\/p>\n\n\n\n<h2 class=\"gb-text gbp-card__title\"><a href=\"https:\/\/www.ramses.de\/?p=6264\">Fehlerhafte Access Version 2408<\/a><\/h2>\n<\/div>\n\n\n\n<a href=\"https:\/\/www.ramses.de\/?p=6264\"><img loading=\"lazy\" decoding=\"async\" width=\"150\" height=\"150\" alt=\"\" data-media-id=\"5820\" class=\"gb-media-265fb563\" src=\"https:\/\/www.ramses.de\/wp-content\/uploads\/Symplassion-150x150.png\" srcset=\"https:\/\/www.ramses.de\/wp-content\/uploads\/Symplassion-150x150.png 150w, https:\/\/www.ramses.de\/wp-content\/uploads\/Symplassion-55x54.png 55w\" sizes=\"auto, (max-width: 150px) 100vw, 150px\" \/><\/a>\n<\/div>\n\n<div class=\"gb-loop-item gb-loop-item-eb855680 post-6261 post type-post status-publish format-standard has-post-thumbnail hentry category-access tag-access resize-featured-image\">\n<div class=\"gb-element-2fceffcd\">\n<p class=\"gb-text gbp-card__meta-text\"><span>Access<\/span><\/p>\n\n\n\n<h2 class=\"gb-text gbp-card__title\"><a href=\"https:\/\/www.ramses.de\/?p=6261\">Fehlerhafte Access Version 2405<\/a><\/h2>\n<\/div>\n\n\n\n<a href=\"https:\/\/www.ramses.de\/?p=6261\"><img loading=\"lazy\" decoding=\"async\" width=\"150\" height=\"150\" alt=\"\" data-media-id=\"5820\" class=\"gb-media-265fb563\" src=\"https:\/\/www.ramses.de\/wp-content\/uploads\/Symplassion-150x150.png\" srcset=\"https:\/\/www.ramses.de\/wp-content\/uploads\/Symplassion-150x150.png 150w, https:\/\/www.ramses.de\/wp-content\/uploads\/Symplassion-55x54.png 55w\" sizes=\"auto, (max-width: 150px) 100vw, 150px\" \/><\/a>\n<\/div>\n\n<div class=\"gb-loop-item gb-loop-item-eb855680 post-6241 post type-post status-publish format-standard hentry category-access category-faq tag-abfragen tag-access\">\n<div class=\"gb-element-2fceffcd\">\n<p class=\"gb-text gbp-card__meta-text\"><span>Access<\/span>,<span>FAQ<\/span><\/p>\n\n\n\n<h2 class=\"gb-text gbp-card__title\"><a href=\"https:\/\/www.ramses.de\/?p=6241\">FAQ Access &#8211; Stored Procedures<\/a><\/h2>\n<\/div>\n\n\n<\/div>\n\n<div class=\"gb-loop-item gb-loop-item-eb855680 post-5790 post type-post status-publish format-standard hentry category-access category-faq tag-access tag-datenbankentwicklung\">\n<div class=\"gb-element-2fceffcd\">\n<p class=\"gb-text gbp-card__meta-text\"><span>Access<\/span>,<span>FAQ<\/span><\/p>\n\n\n\n<h2 class=\"gb-text gbp-card__title\"><a href=\"https:\/\/www.ramses.de\/?p=5790\">FAQ Access &#8211; Modulorganisation<\/a><\/h2>\n<\/div>\n\n\n<\/div>\n\n<div class=\"gb-loop-item gb-loop-item-eb855680 post-5781 post type-post status-publish format-standard hentry category-access category-faq tag-access\">\n<div class=\"gb-element-2fceffcd\">\n<p class=\"gb-text gbp-card__meta-text\"><span>Access<\/span>,<span>FAQ<\/span><\/p>\n\n\n\n<h2 class=\"gb-text gbp-card__title\"><a href=\"https:\/\/www.ramses.de\/?p=5781\">FAQ Access &#8211; Nicht gen\u00fcgend Systemressourcen<\/a><\/h2>\n<\/div>\n\n\n<\/div>\n\n<div class=\"gb-loop-item gb-loop-item-eb855680 post-4579 post type-post status-publish format-standard hentry category-access category-faq tag-access tag-datenbankentwicklung\">\n<div class=\"gb-element-2fceffcd\">\n<p class=\"gb-text gbp-card__meta-text\"><span>Access<\/span>,<span>FAQ<\/span><\/p>\n\n\n\n<h2 class=\"gb-text gbp-card__title\"><a href=\"https:\/\/www.ramses.de\/?p=4579\">FAQ Access &#8211; Prozedurenreihenfolge<\/a><\/h2>\n<\/div>\n\n\n<\/div>\n\n<div class=\"gb-loop-item gb-loop-item-eb855680 post-3970 post type-post status-publish format-standard has-post-thumbnail hentry category-access category-faq tag-access tag-berichte resize-featured-image\">\n<div class=\"gb-element-2fceffcd\">\n<p class=\"gb-text gbp-card__meta-text\"><span>Access<\/span>,<span>FAQ<\/span><\/p>\n\n\n\n<h2 class=\"gb-text gbp-card__title\"><a href=\"https:\/\/www.ramses.de\/?p=3970\">FAQ Access &#8211; St\u00f6render Seitenkopf auf Berichtskopfseite<\/a><\/h2>\n<\/div>\n\n\n\n<a href=\"https:\/\/www.ramses.de\/?p=3970\"><img loading=\"lazy\" decoding=\"async\" width=\"150\" height=\"150\" alt=\"\" data-media-id=\"3971\" class=\"gb-media-265fb563\" src=\"https:\/\/www.ramses.de\/wp-content\/uploads\/Seitenkopf01-150x150.jpg\" srcset=\"https:\/\/www.ramses.de\/wp-content\/uploads\/Seitenkopf01-150x150.jpg 150w, https:\/\/www.ramses.de\/wp-content\/uploads\/Seitenkopf01-55x54.jpg 55w\" sizes=\"auto, (max-width: 150px) 100vw, 150px\" \/><\/a>\n<\/div>\n\n<div class=\"gb-loop-item gb-loop-item-eb855680 post-3861 post type-post status-publish format-standard hentry category-access category-faq tag-abfragen tag-access\">\n<div class=\"gb-element-2fceffcd\">\n<p class=\"gb-text gbp-card__meta-text\"><span>Access<\/span>,<span>FAQ<\/span><\/p>\n\n\n\n<h2 class=\"gb-text gbp-card__title\"><a href=\"https:\/\/www.ramses.de\/?p=3861\">FAQ Access &#8211; Abgeschnittene Memofelder<\/a><\/h2>\n<\/div>\n\n\n<\/div>\n<\/div><\/div>\n<\/div>\n<\/div>\n","protected":false},"excerpt":{"rendered":"<p>Landeshauptstadt Hannover &#8211; Fachbereich Soziales Die OE 50 Die Aufgaben des Sozialamtes befassen sich mit den schwachen in unserer Gesellschaft. Die Besch\u00e4ftigten haben zahlreiche Kontakte &#8230; <a title=\"Referenzen &#8211; Landeshauptstadt Hannover OE50\" class=\"read-more\" href=\"https:\/\/www.ramses.de\/?page_id=1667\" aria-label=\"Mehr Informationen \u00fcber Referenzen &#8211; Landeshauptstadt Hannover OE50\">Weiterlesen &#8230;<\/a><\/p>\n","protected":false},"author":1,"featured_media":0,"parent":749,"menu_order":0,"comment_status":"closed","ping_status":"closed","template":"","meta":{"footnotes":""},"class_list":["post-1667","page","type-page","status-publish"],"_links":{"self":[{"href":"https:\/\/www.ramses.de\/index.php?rest_route=\/wp\/v2\/pages\/1667","targetHints":{"allow":["GET"]}}],"collection":[{"href":"https:\/\/www.ramses.de\/index.php?rest_route=\/wp\/v2\/pages"}],"about":[{"href":"https:\/\/www.ramses.de\/index.php?rest_route=\/wp\/v2\/types\/page"}],"author":[{"embeddable":true,"href":"https:\/\/www.ramses.de\/index.php?rest_route=\/wp\/v2\/users\/1"}],"replies":[{"embeddable":true,"href":"https:\/\/www.ramses.de\/index.php?rest_route=%2Fwp%2Fv2%2Fcomments&post=1667"}],"version-history":[{"count":19,"href":"https:\/\/www.ramses.de\/index.php?rest_route=\/wp\/v2\/pages\/1667\/revisions"}],"predecessor-version":[{"id":7244,"href":"https:\/\/www.ramses.de\/index.php?rest_route=\/wp\/v2\/pages\/1667\/revisions\/7244"}],"up":[{"embeddable":true,"href":"https:\/\/www.ramses.de\/index.php?rest_route=\/wp\/v2\/pages\/749"}],"wp:attachment":[{"href":"https:\/\/www.ramses.de\/index.php?rest_route=%2Fwp%2Fv2%2Fmedia&parent=1667"}],"curies":[{"name":"wp","href":"https:\/\/api.w.org\/{rel}","templated":true}]}}