{"id":1698,"date":"2013-09-13T13:14:53","date_gmt":"2013-09-13T11:14:53","guid":{"rendered":"http:\/\/www.ramses.de\/?page_id=1698"},"modified":"2013-09-13T13:15:15","modified_gmt":"2013-09-13T11:15:15","slug":"fachbereich-gebaudemanagement-gebaudedatenbank","status":"publish","type":"page","link":"https:\/\/www.ramses.de\/?page_id=1698","title":{"rendered":"Fachbereich Geb\u00e4udemanagement &#8211; Geb\u00e4udedatenbank"},"content":{"rendered":"<h1>Geb\u00e4udemanagement<\/h1>\n<p>Die Geb\u00e4udewirtschaftsbetriebe Hannover Zentrale Aufgabe der Geb\u00e4udewirtschaftsbetriebe ist die Verwaltung der Immobilien der Landeshauptstadt. Im Rahmen dieser T\u00e4tigkeit ist eine Vielzahl von T\u00e4tigkeiten rund um das Thema Geb\u00e4ude entstanden.<\/p>\n<p>Die Geb\u00e4udedatenbank ist eine zentrale Sammelstelle der Informationen zum Geb\u00e4ude .<\/p>\n<ul>\n<li>Verwaltung der Liegenschaften samt Geb\u00e4uden und Anlagen<\/li>\n<li>Technische Massnahmen zu den Anlagen<\/li>\n<li>Wartungsintervalle<\/li>\n<li>Pr\u00fcfaktenverwaltung<\/li>\n<li>Entnahme von Trinkwasser \/ Untersuchungen<\/li>\n<li>Schadstoffuntersuchungen<\/li>\n<li>Zeichnungsverwaltung<\/li>\n<li>Bau- und Entw\u00e4ssergenehmigungen<\/li>\n<li>und vieles mehr<\/li>\n<\/ul>\n<p>Zentrales Informationsmanagement ist ein echter Wettbewerbsfaltor. In dieser Datenbank laufen die Informationsstr\u00e4nge des Fachbereiches zusammen und liefern so eine wichtige Entscheidungsgrundlage f\u00fcr das Handeln rund um das Thema Geb\u00e4udewirtschaft.<\/p>\n<p><a href=\"https:\/\/www.ramses.de\/wp-content\/uploads\/Bau1.jpg\"><img loading=\"lazy\" decoding=\"async\" class=\"alignnone size-medium wp-image-1699\" alt=\"Bau1\" src=\"https:\/\/www.ramses.de\/wp-content\/uploads\/Bau1-300x206.jpg\" width=\"300\" height=\"206\" srcset=\"https:\/\/www.ramses.de\/wp-content\/uploads\/Bau1-300x206.jpg 300w, https:\/\/www.ramses.de\/wp-content\/uploads\/Bau1-1024x706.jpg 1024w, https:\/\/www.ramses.de\/wp-content\/uploads\/Bau1.jpg 1303w\" sizes=\"auto, (max-width: 300px) 100vw, 300px\" \/><\/a><\/p>\n<p><a href=\"https:\/\/www.ramses.de\/wp-content\/uploads\/Bau2.jpg\"><img loading=\"lazy\" decoding=\"async\" class=\"alignnone size-medium wp-image-1700\" alt=\"Bau2\" src=\"https:\/\/www.ramses.de\/wp-content\/uploads\/Bau2-300x185.jpg\" width=\"300\" height=\"185\" srcset=\"https:\/\/www.ramses.de\/wp-content\/uploads\/Bau2-300x185.jpg 300w, https:\/\/www.ramses.de\/wp-content\/uploads\/Bau2-1024x633.jpg 1024w, https:\/\/www.ramses.de\/wp-content\/uploads\/Bau2.jpg 1272w\" sizes=\"auto, (max-width: 300px) 100vw, 300px\" \/><\/a><\/p>\n<p><a href=\"https:\/\/www.ramses.de\/wp-content\/uploads\/Bau3.jpg\"><img loading=\"lazy\" decoding=\"async\" class=\"alignnone size-medium wp-image-1701\" alt=\"Bau3\" src=\"https:\/\/www.ramses.de\/wp-content\/uploads\/Bau3-300x165.jpg\" width=\"300\" height=\"165\" srcset=\"https:\/\/www.ramses.de\/wp-content\/uploads\/Bau3-300x165.jpg 300w, https:\/\/www.ramses.de\/wp-content\/uploads\/Bau3-1024x564.jpg 1024w, https:\/\/www.ramses.de\/wp-content\/uploads\/Bau3.jpg 1338w\" sizes=\"auto, (max-width: 300px) 100vw, 300px\" \/><\/a><\/p>\n<p><a href=\"https:\/\/www.ramses.de\/wp-content\/uploads\/Bau4.jpg\"><img loading=\"lazy\" decoding=\"async\" class=\"alignnone size-medium wp-image-1702\" alt=\"Bau4\" src=\"https:\/\/www.ramses.de\/wp-content\/uploads\/Bau4-300x202.jpg\" width=\"300\" height=\"202\" srcset=\"https:\/\/www.ramses.de\/wp-content\/uploads\/Bau4-300x202.jpg 300w, https:\/\/www.ramses.de\/wp-content\/uploads\/Bau4-1024x691.jpg 1024w, https:\/\/www.ramses.de\/wp-content\/uploads\/Bau4.jpg 1335w\" sizes=\"auto, (max-width: 300px) 100vw, 300px\" \/><\/a><\/p>\n","protected":false},"excerpt":{"rendered":"<p>Geb\u00e4udemanagement Die Geb\u00e4udewirtschaftsbetriebe Hannover Zentrale Aufgabe der Geb\u00e4udewirtschaftsbetriebe ist die Verwaltung der Immobilien der Landeshauptstadt. Im Rahmen dieser T\u00e4tigkeit ist eine Vielzahl von T\u00e4tigkeiten rund &#8230; <a title=\"Fachbereich Geb\u00e4udemanagement &#8211; Geb\u00e4udedatenbank\" class=\"read-more\" href=\"https:\/\/www.ramses.de\/?page_id=1698\" aria-label=\"Mehr Informationen \u00fcber Fachbereich Geb\u00e4udemanagement &#8211; Geb\u00e4udedatenbank\">Weiterlesen &#8230;<\/a><\/p>\n","protected":false},"author":1,"featured_media":1699,"parent":1017,"menu_order":0,"comment_status":"closed","ping_status":"closed","template":"template-full-width.php","meta":{"footnotes":""},"class_list":{"0":"post-1698","1":"page","2":"type-page","3":"status-publish","4":"has-post-thumbnail","6":"resize-featured-image"},"_links":{"self":[{"href":"https:\/\/www.ramses.de\/index.php?rest_route=\/wp\/v2\/pages\/1698","targetHints":{"allow":["GET"]}}],"collection":[{"href":"https:\/\/www.ramses.de\/index.php?rest_route=\/wp\/v2\/pages"}],"about":[{"href":"https:\/\/www.ramses.de\/index.php?rest_route=\/wp\/v2\/types\/page"}],"author":[{"embeddable":true,"href":"https:\/\/www.ramses.de\/index.php?rest_route=\/wp\/v2\/users\/1"}],"replies":[{"embeddable":true,"href":"https:\/\/www.ramses.de\/index.php?rest_route=%2Fwp%2Fv2%2Fcomments&post=1698"}],"version-history":[{"count":2,"href":"https:\/\/www.ramses.de\/index.php?rest_route=\/wp\/v2\/pages\/1698\/revisions"}],"predecessor-version":[{"id":1704,"href":"https:\/\/www.ramses.de\/index.php?rest_route=\/wp\/v2\/pages\/1698\/revisions\/1704"}],"up":[{"embeddable":true,"href":"https:\/\/www.ramses.de\/index.php?rest_route=\/wp\/v2\/pages\/1017"}],"wp:featuredmedia":[{"embeddable":true,"href":"https:\/\/www.ramses.de\/index.php?rest_route=\/wp\/v2\/media\/1699"}],"wp:attachment":[{"href":"https:\/\/www.ramses.de\/index.php?rest_route=%2Fwp%2Fv2%2Fmedia&parent=1698"}],"curies":[{"name":"wp","href":"https:\/\/api.w.org\/{rel}","templated":true}]}}