{"id":1755,"date":"2013-10-19T12:00:47","date_gmt":"2013-10-19T10:00:47","guid":{"rendered":"http:\/\/www.ramses.de\/?page_id=1755"},"modified":"2014-10-04T09:50:22","modified_gmt":"2014-10-04T07:50:22","slug":"export-verpackungen-sehnde-gmbh-wareneingang","status":"publish","type":"page","link":"https:\/\/www.ramses.de\/?page_id=1755","title":{"rendered":"Export Verpackungen Sehnde GmbH &#8211; Wareneingang"},"content":{"rendered":"<h1>Wareneingang<\/h1>\n<p>Bei der Anlieferung von Gro\u00dfmaschinen der Firma Renk werden tausende von Teilen geliefert.<br \/>\nMit unserer kleinen Datenbankl\u00f6sung erfassen wir die Wareneing\u00e4nge und \u00fcberspielen Sie an die Abrechnungssoftware<\/p>\n<ul>\n<li>Lieferungen<\/li>\n<li>Lager<\/li>\n<li>Lagerpl\u00e4tze<\/li>\n<li>Mengeneinheiten<\/li>\n<li>Exporte<\/li>\n<li>Auswertungen<\/li>\n<\/ul>\n<p>Bei Ihnen geht auch was &#8222;ein&#8220;? Dann wenden Sie sich an uns, wir helfen Ihnen mit einer individuellen Datenbank.<\/p>\n<p><a href=\"https:\/\/www.ramses.de\/wp-content\/uploads\/WE1.jpg\"><img loading=\"lazy\" decoding=\"async\" class=\"alignnone size-medium wp-image-1756\" src=\"https:\/\/www.ramses.de\/wp-content\/uploads\/WE1-300x183.jpg\" alt=\"WE1\" width=\"300\" height=\"183\" srcset=\"https:\/\/www.ramses.de\/wp-content\/uploads\/WE1-300x183.jpg 300w, https:\/\/www.ramses.de\/wp-content\/uploads\/WE1-1024x626.jpg 1024w, https:\/\/www.ramses.de\/wp-content\/uploads\/WE1.jpg 1339w\" sizes=\"auto, (max-width: 300px) 100vw, 300px\" \/><\/a><\/p>\n<p><a href=\"https:\/\/www.ramses.de\/wp-content\/uploads\/WE2.jpg\"><img loading=\"lazy\" decoding=\"async\" class=\"alignnone size-medium wp-image-1757\" src=\"https:\/\/www.ramses.de\/wp-content\/uploads\/WE2-300x171.jpg\" alt=\"WE2\" width=\"300\" height=\"171\" srcset=\"https:\/\/www.ramses.de\/wp-content\/uploads\/WE2-300x171.jpg 300w, https:\/\/www.ramses.de\/wp-content\/uploads\/WE2-1024x585.jpg 1024w, https:\/\/www.ramses.de\/wp-content\/uploads\/WE2-280x159.jpg 280w, https:\/\/www.ramses.de\/wp-content\/uploads\/WE2-273x156.jpg 273w, https:\/\/www.ramses.de\/wp-content\/uploads\/WE2.jpg 1246w\" sizes=\"auto, (max-width: 300px) 100vw, 300px\" \/><\/a><\/p>\n<p><a href=\"https:\/\/www.ramses.de\/wp-content\/uploads\/WE3.jpg\"><img loading=\"lazy\" decoding=\"async\" class=\"alignnone size-medium wp-image-1758\" src=\"https:\/\/www.ramses.de\/wp-content\/uploads\/WE3-300x179.jpg\" alt=\"WE3\" width=\"300\" height=\"179\" srcset=\"https:\/\/www.ramses.de\/wp-content\/uploads\/WE3-300x179.jpg 300w, https:\/\/www.ramses.de\/wp-content\/uploads\/WE3-1024x611.jpg 1024w, https:\/\/www.ramses.de\/wp-content\/uploads\/WE3.jpg 1322w\" sizes=\"auto, (max-width: 300px) 100vw, 300px\" \/><\/a><\/p>\n<p>&nbsp;<\/p>\n<p>&nbsp;<\/p>\n<p>&nbsp;<\/p>\n<p>&nbsp;<\/p>\n","protected":false},"excerpt":{"rendered":"<p>Wareneingang Bei der Anlieferung von Gro\u00dfmaschinen der Firma Renk werden tausende von Teilen geliefert. Mit unserer kleinen Datenbankl\u00f6sung erfassen wir die Wareneing\u00e4nge und \u00fcberspielen Sie &#8230; <a title=\"Export Verpackungen Sehnde GmbH &#8211; Wareneingang\" class=\"read-more\" href=\"https:\/\/www.ramses.de\/?page_id=1755\" aria-label=\"Mehr Informationen \u00fcber Export Verpackungen Sehnde GmbH &#8211; Wareneingang\">Weiterlesen &#8230;<\/a><\/p>\n","protected":false},"author":1,"featured_media":1756,"parent":1326,"menu_order":0,"comment_status":"closed","ping_status":"closed","template":"template-full-width.php","meta":{"footnotes":""},"class_list":{"0":"post-1755","1":"page","2":"type-page","3":"status-publish","4":"has-post-thumbnail","6":"resize-featured-image"},"_links":{"self":[{"href":"https:\/\/www.ramses.de\/index.php?rest_route=\/wp\/v2\/pages\/1755","targetHints":{"allow":["GET"]}}],"collection":[{"href":"https:\/\/www.ramses.de\/index.php?rest_route=\/wp\/v2\/pages"}],"about":[{"href":"https:\/\/www.ramses.de\/index.php?rest_route=\/wp\/v2\/types\/page"}],"author":[{"embeddable":true,"href":"https:\/\/www.ramses.de\/index.php?rest_route=\/wp\/v2\/users\/1"}],"replies":[{"embeddable":true,"href":"https:\/\/www.ramses.de\/index.php?rest_route=%2Fwp%2Fv2%2Fcomments&post=1755"}],"version-history":[{"count":3,"href":"https:\/\/www.ramses.de\/index.php?rest_route=\/wp\/v2\/pages\/1755\/revisions"}],"predecessor-version":[{"id":2772,"href":"https:\/\/www.ramses.de\/index.php?rest_route=\/wp\/v2\/pages\/1755\/revisions\/2772"}],"up":[{"embeddable":true,"href":"https:\/\/www.ramses.de\/index.php?rest_route=\/wp\/v2\/pages\/1326"}],"wp:featuredmedia":[{"embeddable":true,"href":"https:\/\/www.ramses.de\/index.php?rest_route=\/wp\/v2\/media\/1756"}],"wp:attachment":[{"href":"https:\/\/www.ramses.de\/index.php?rest_route=%2Fwp%2Fv2%2Fmedia&parent=1755"}],"curies":[{"name":"wp","href":"https:\/\/api.w.org\/{rel}","templated":true}]}}