{"id":1821,"date":"2013-10-23T19:37:50","date_gmt":"2013-10-23T17:37:50","guid":{"rendered":"http:\/\/www.ramses.de\/?page_id=1821"},"modified":"2023-02-07T12:06:32","modified_gmt":"2023-02-07T10:06:32","slug":"faq-project-multiprojekting","status":"publish","type":"page","link":"https:\/\/www.ramses.de\/?page_id=1821","title":{"rendered":"FAQ &#8211; Project &#8211; Berichtswesen"},"content":{"rendered":"<h1>H\u00e4ufig gestellte Fragen<\/h1>\n<p>Alles zum Thema Projektmanagement &#8211; Berichtswesen<\/p>\n<h3 title=\"FAQ Project\">Die Fragen<\/h3>\n<ul>\n<li><a href=\"https:\/\/www.ramses.de\/?p=4679\">Balkenh\u00f6he zum Drucken verkleinern<\/a><\/li>\n<li><a href=\"https:\/\/www.ramses.de\/?p=4684\">Balkenarten in der Legende f\u00fcr den Ausdruck unterdr\u00fccken<\/a><\/li>\n<li><a href=\"https:\/\/www.ramses.de\/?p=4688\">Projekt-Gesamtnotizfeld in Kopf- oder Fu\u00dfzeile einf\u00fcgen<\/a><\/li>\n<li><a href=\"https:\/\/www.ramses.de\/?p=5618\">Gitternetzlinien im Gantt Chart<\/a><\/li>\n<li><a href=\"https:\/\/www.ramses.de\/?p=5969\">Ampeldiagramme<\/a><\/li>\n<\/ul>\n","protected":false},"excerpt":{"rendered":"<p>H\u00e4ufig gestellte Fragen Alles zum Thema Projektmanagement &#8211; Berichtswesen Die Fragen Balkenh\u00f6he zum Drucken verkleinern Balkenarten in der Legende f\u00fcr den Ausdruck unterdr\u00fccken Projekt-Gesamtnotizfeld in &#8230; <a title=\"FAQ &#8211; Project &#8211; Berichtswesen\" class=\"read-more\" href=\"https:\/\/www.ramses.de\/?page_id=1821\" aria-label=\"Mehr Informationen \u00fcber FAQ &#8211; Project &#8211; Berichtswesen\">Weiterlesen &#8230;<\/a><\/p>\n","protected":false},"author":1,"featured_media":0,"parent":863,"menu_order":0,"comment_status":"open","ping_status":"closed","template":"","meta":{"footnotes":""},"class_list":["post-1821","page","type-page","status-publish"],"_links":{"self":[{"href":"https:\/\/www.ramses.de\/index.php?rest_route=\/wp\/v2\/pages\/1821","targetHints":{"allow":["GET"]}}],"collection":[{"href":"https:\/\/www.ramses.de\/index.php?rest_route=\/wp\/v2\/pages"}],"about":[{"href":"https:\/\/www.ramses.de\/index.php?rest_route=\/wp\/v2\/types\/page"}],"author":[{"embeddable":true,"href":"https:\/\/www.ramses.de\/index.php?rest_route=\/wp\/v2\/users\/1"}],"replies":[{"embeddable":true,"href":"https:\/\/www.ramses.de\/index.php?rest_route=%2Fwp%2Fv2%2Fcomments&post=1821"}],"version-history":[{"count":6,"href":"https:\/\/www.ramses.de\/index.php?rest_route=\/wp\/v2\/pages\/1821\/revisions"}],"predecessor-version":[{"id":5974,"href":"https:\/\/www.ramses.de\/index.php?rest_route=\/wp\/v2\/pages\/1821\/revisions\/5974"}],"up":[{"embeddable":true,"href":"https:\/\/www.ramses.de\/index.php?rest_route=\/wp\/v2\/pages\/863"}],"wp:attachment":[{"href":"https:\/\/www.ramses.de\/index.php?rest_route=%2Fwp%2Fv2%2Fmedia&parent=1821"}],"curies":[{"name":"wp","href":"https:\/\/api.w.org\/{rel}","templated":true}]}}