{"id":2183,"date":"2013-12-19T16:25:43","date_gmt":"2013-12-19T14:25:43","guid":{"rendered":"http:\/\/www.ramses.de\/?page_id=2183"},"modified":"2013-12-19T16:25:43","modified_gmt":"2013-12-19T14:25:43","slug":"region-hannover-schornsteinfegerverwaltung","status":"publish","type":"page","link":"https:\/\/www.ramses.de\/?page_id=2183","title":{"rendered":"Region Hannover &#8211; Schornsteinfegerverwaltung"},"content":{"rendered":"<h1>Die Verwaltung von Schornsteinfegern<\/h1>\n<p>Die Umwelt\u00e4mter der Stadt Hannover und der Region Hannover arbeiten zusammen mit den Bezirks Schornsteinfegermeister \/Innen. Das Amt schreitet ein, wenn der B\u00fcrger nicht mit den Bezirks Schornsteinfegermeister \/Innen zusammen arbeiten m\u00f6chten. Die Verwaltung der Bezirks &#8211; Schornsteinfeger\/Innen und der in diesem Zusammenhang anfallenden Verwaltungst\u00e4tigkeiten sind Schwerpunkte dieses Programms.<\/p>\n<p>Im Rahmen der \u00dcberwachung der Heizungsanlagen privater und gewerblicher Stellen sind die Betreiber der Anlagen verpflichtet, eine regelm\u00e4\u00dfige Kontrolle und Abgasmessung der Anlagen zu erm\u00f6glichen. Verweigert der B\u00fcrger diese Kontrollen, so wendet sich der Schonsteinfegermeister \/ In<br \/>\nan das Umweltamt. Zusammen mit der Dienststelle wird dann ein Verfahren gegen den B\u00fcrger angestrengt.<\/p>\n<ul>\n<li>Verwaltung von Bezirksschornsteinfegermeister\/Innen und deren Zust\u00e4ndigkeiten<\/li>\n<li>Pflege der Eigent\u00fcmer und Betreiber der hannoverschen Wohnungen und H\u00e4user<\/li>\n<li>Verwaltung von Messdaten<\/li>\n<li>Erstellung s\u00e4mtlicher im Verfahren notwendiger Bescheide<\/li>\n<li>Berechnung der anfallenden Geb\u00fchren<\/li>\n<li>Statistiken und Auswertungen der Daten<\/li>\n<\/ul>\n<p>Zentraler Punkt in diesem System ist die Erstellung der Bescheide an den B\u00fcrger.<br \/>\nDie Berechnung der Entgelte wird hierbei ebenso automatisch erledigt wie die Termin\u00fcberwachung in Zusammenarbeit mit dem Schornsteinfegermeister \/ In.<\/p>\n<p>&nbsp;<\/p>\n<p>&nbsp;<\/p>\n<p>&nbsp;<\/p>\n<p>&nbsp;<\/p>\n","protected":false},"excerpt":{"rendered":"<p>Die Verwaltung von Schornsteinfegern Die Umwelt\u00e4mter der Stadt Hannover und der Region Hannover arbeiten zusammen mit den Bezirks Schornsteinfegermeister \/Innen. Das Amt schreitet ein, wenn &#8230; <a title=\"Region Hannover &#8211; Schornsteinfegerverwaltung\" class=\"read-more\" href=\"https:\/\/www.ramses.de\/?page_id=2183\" aria-label=\"Mehr Informationen \u00fcber Region Hannover &#8211; Schornsteinfegerverwaltung\">Weiterlesen &#8230;<\/a><\/p>\n","protected":false},"author":1,"featured_media":2184,"parent":1644,"menu_order":0,"comment_status":"closed","ping_status":"closed","template":"template-full-width.php","meta":{"footnotes":""},"class_list":{"0":"post-2183","1":"page","2":"type-page","3":"status-publish","4":"has-post-thumbnail","6":"resize-featured-image"},"_links":{"self":[{"href":"https:\/\/www.ramses.de\/index.php?rest_route=\/wp\/v2\/pages\/2183","targetHints":{"allow":["GET"]}}],"collection":[{"href":"https:\/\/www.ramses.de\/index.php?rest_route=\/wp\/v2\/pages"}],"about":[{"href":"https:\/\/www.ramses.de\/index.php?rest_route=\/wp\/v2\/types\/page"}],"author":[{"embeddable":true,"href":"https:\/\/www.ramses.de\/index.php?rest_route=\/wp\/v2\/users\/1"}],"replies":[{"embeddable":true,"href":"https:\/\/www.ramses.de\/index.php?rest_route=%2Fwp%2Fv2%2Fcomments&post=2183"}],"version-history":[{"count":1,"href":"https:\/\/www.ramses.de\/index.php?rest_route=\/wp\/v2\/pages\/2183\/revisions"}],"predecessor-version":[{"id":2185,"href":"https:\/\/www.ramses.de\/index.php?rest_route=\/wp\/v2\/pages\/2183\/revisions\/2185"}],"up":[{"embeddable":true,"href":"https:\/\/www.ramses.de\/index.php?rest_route=\/wp\/v2\/pages\/1644"}],"wp:featuredmedia":[{"embeddable":true,"href":"https:\/\/www.ramses.de\/index.php?rest_route=\/wp\/v2\/media\/2184"}],"wp:attachment":[{"href":"https:\/\/www.ramses.de\/index.php?rest_route=%2Fwp%2Fv2%2Fmedia&parent=2183"}],"curies":[{"name":"wp","href":"https:\/\/api.w.org\/{rel}","templated":true}]}}