{"id":2188,"date":"2013-12-19T16:30:50","date_gmt":"2013-12-19T14:30:50","guid":{"rendered":"http:\/\/www.ramses.de\/?page_id=2188"},"modified":"2013-12-19T16:32:40","modified_gmt":"2013-12-19T14:32:40","slug":"fachbereich-wohnungswesen-az-kataster","status":"publish","type":"page","link":"https:\/\/www.ramses.de\/?page_id=2188","title":{"rendered":"Fachbereich Wohnungswesen &#8211; AZ Kataster"},"content":{"rendered":"<h1>Das AZ Kataster<\/h1>\n<p>Die Landeshauptstadt Hannover gew\u00e4hrt die so genannten Aufwendungszusch\u00fcsse im Rahmen des sozialen Wohnungsbaus. In Abh\u00e4ngigkeit von der Ausstattung der Wohnungen werden die Gelder bewilligt und ausgezahlt. Schwerpunkt dieses Programms ist die Verwaltung der gef\u00f6rderten Wohnungen inklusive deren Eigenschaften, Belegrechte und Bindungen. Die Zuweisung der Aufwendungszusch\u00fcsse zu den Wohnungen sowie die mittelfristige Finanzplanung \u00fcber 5 Jahre komplettieren das Leistungsangebot des Programms.<\/p>\n<ul>\n<li>Verwaltung der gef\u00f6rderten Wirtschaftseinheiten sowie deren Eigent\u00fcmer und Verwalter<\/li>\n<li>Pflege der Wohnungen sowie deren Eigenschaften, Belegrechte und Bindungen<\/li>\n<li>Erstellung s\u00e4mtlicher im Verfahren notwendiger Bescheide<\/li>\n<li>Berechnung der linearen und degressiven Aufwendungszusch\u00fcsse<\/li>\n<li>Statistiken und Auswertungen der behandelten F\u00e4lle<\/li>\n<li>Mittelfristige Finanzplanung (5-Jahresplanung)<\/li>\n<\/ul>\n<p>Besonderer Schwerpunkt des Programms ist das Erstellen einer zuverl\u00e4ssigen Finanzprognose.<br \/>\nMittels dieser Prognise kann der Finanzbedarf der Landeshauptstadt Hannover exakt berechnet werden.<\/p>\n","protected":false},"excerpt":{"rendered":"<p>Das AZ Kataster Die Landeshauptstadt Hannover gew\u00e4hrt die so genannten Aufwendungszusch\u00fcsse im Rahmen des sozialen Wohnungsbaus. In Abh\u00e4ngigkeit von der Ausstattung der Wohnungen werden die &#8230; <a title=\"Fachbereich Wohnungswesen &#8211; AZ Kataster\" class=\"read-more\" href=\"https:\/\/www.ramses.de\/?page_id=2188\" aria-label=\"Mehr Informationen \u00fcber Fachbereich Wohnungswesen &#8211; AZ Kataster\">Weiterlesen &#8230;<\/a><\/p>\n","protected":false},"author":1,"featured_media":2190,"parent":1166,"menu_order":0,"comment_status":"closed","ping_status":"closed","template":"template-full-width.php","meta":{"footnotes":""},"class_list":{"0":"post-2188","1":"page","2":"type-page","3":"status-publish","4":"has-post-thumbnail","6":"resize-featured-image"},"_links":{"self":[{"href":"https:\/\/www.ramses.de\/index.php?rest_route=\/wp\/v2\/pages\/2188","targetHints":{"allow":["GET"]}}],"collection":[{"href":"https:\/\/www.ramses.de\/index.php?rest_route=\/wp\/v2\/pages"}],"about":[{"href":"https:\/\/www.ramses.de\/index.php?rest_route=\/wp\/v2\/types\/page"}],"author":[{"embeddable":true,"href":"https:\/\/www.ramses.de\/index.php?rest_route=\/wp\/v2\/users\/1"}],"replies":[{"embeddable":true,"href":"https:\/\/www.ramses.de\/index.php?rest_route=%2Fwp%2Fv2%2Fcomments&post=2188"}],"version-history":[{"count":1,"href":"https:\/\/www.ramses.de\/index.php?rest_route=\/wp\/v2\/pages\/2188\/revisions"}],"predecessor-version":[{"id":2189,"href":"https:\/\/www.ramses.de\/index.php?rest_route=\/wp\/v2\/pages\/2188\/revisions\/2189"}],"up":[{"embeddable":true,"href":"https:\/\/www.ramses.de\/index.php?rest_route=\/wp\/v2\/pages\/1166"}],"wp:featuredmedia":[{"embeddable":true,"href":"https:\/\/www.ramses.de\/index.php?rest_route=\/wp\/v2\/media\/2190"}],"wp:attachment":[{"href":"https:\/\/www.ramses.de\/index.php?rest_route=%2Fwp%2Fv2%2Fmedia&parent=2188"}],"curies":[{"name":"wp","href":"https:\/\/api.w.org\/{rel}","templated":true}]}}