{"id":2196,"date":"2013-12-19T16:46:32","date_gmt":"2013-12-19T14:46:32","guid":{"rendered":"http:\/\/www.ramses.de\/?page_id=2196"},"modified":"2013-12-19T16:51:50","modified_gmt":"2013-12-19T14:51:50","slug":"referenzen-deutsche-vereinigung-fuer-jugendgerichte-und-jugendgerichtshilfen-e-v","status":"publish","type":"page","link":"https:\/\/www.ramses.de\/?page_id=2196","title":{"rendered":"Referenzen &#8211; Deutsche Vereinigung f\u00fcr Jugendgerichte und  Jugendgerichtshilfen e.V."},"content":{"rendered":"<h1>Mitgliederverwaltung<\/h1>\n<p>Die DVJJ ist ein Verein zur F\u00f6rderung der Jugendkriminalrechtspflege. Satzungsgem\u00e4\u00dfe Aufgaben des Verbandes sind die Erarbeitung und Aufbereitung kriminalpolitischer Themen mit Sachbezug zur Jugendkriminalit\u00e4t. Sie soll Stellungnahmen und eigenst\u00e4ndige Positionen formulieren. Ferner steht die Schulung und Weiterbildung von Fachpersonal in der Jugendkriminalrechtspflege in ihrem Aufgabenkatalog.<\/p>\n<p>Das Projekt<\/p>\n<ul>\n<li><a title=\"DVJJ \u2013 Mitgliederverwaltung\" href=\"https:\/\/www.ramses.de\/?page_id=2200\">Mitgliederverwaltung<\/a><\/li>\n<\/ul>\n<p>Wir durften zu dieser wichtigen Thematik eine Datenbank beisteuern, mit der die Mitglieder der DVJJ sowie deren Veranstaltungen verwaltet werden.<\/p>\n","protected":false},"excerpt":{"rendered":"<p>Mitgliederverwaltung Die DVJJ ist ein Verein zur F\u00f6rderung der Jugendkriminalrechtspflege. Satzungsgem\u00e4\u00dfe Aufgaben des Verbandes sind die Erarbeitung und Aufbereitung kriminalpolitischer Themen mit Sachbezug zur Jugendkriminalit\u00e4t. &#8230; <a title=\"Referenzen &#8211; Deutsche Vereinigung f\u00fcr Jugendgerichte und  Jugendgerichtshilfen e.V.\" class=\"read-more\" href=\"https:\/\/www.ramses.de\/?page_id=2196\" aria-label=\"Mehr Informationen \u00fcber Referenzen &#8211; Deutsche Vereinigung f\u00fcr Jugendgerichte und  Jugendgerichtshilfen e.V.\">Weiterlesen &#8230;<\/a><\/p>\n","protected":false},"author":1,"featured_media":1392,"parent":745,"menu_order":0,"comment_status":"closed","ping_status":"closed","template":"template-full-width.php","meta":{"footnotes":""},"class_list":{"0":"post-2196","1":"page","2":"type-page","3":"status-publish","4":"has-post-thumbnail","6":"resize-featured-image"},"_links":{"self":[{"href":"https:\/\/www.ramses.de\/index.php?rest_route=\/wp\/v2\/pages\/2196","targetHints":{"allow":["GET"]}}],"collection":[{"href":"https:\/\/www.ramses.de\/index.php?rest_route=\/wp\/v2\/pages"}],"about":[{"href":"https:\/\/www.ramses.de\/index.php?rest_route=\/wp\/v2\/types\/page"}],"author":[{"embeddable":true,"href":"https:\/\/www.ramses.de\/index.php?rest_route=\/wp\/v2\/users\/1"}],"replies":[{"embeddable":true,"href":"https:\/\/www.ramses.de\/index.php?rest_route=%2Fwp%2Fv2%2Fcomments&post=2196"}],"version-history":[{"count":2,"href":"https:\/\/www.ramses.de\/index.php?rest_route=\/wp\/v2\/pages\/2196\/revisions"}],"predecessor-version":[{"id":2202,"href":"https:\/\/www.ramses.de\/index.php?rest_route=\/wp\/v2\/pages\/2196\/revisions\/2202"}],"up":[{"embeddable":true,"href":"https:\/\/www.ramses.de\/index.php?rest_route=\/wp\/v2\/pages\/745"}],"wp:featuredmedia":[{"embeddable":true,"href":"https:\/\/www.ramses.de\/index.php?rest_route=\/wp\/v2\/media\/1392"}],"wp:attachment":[{"href":"https:\/\/www.ramses.de\/index.php?rest_route=%2Fwp%2Fv2%2Fmedia&parent=2196"}],"curies":[{"name":"wp","href":"https:\/\/api.w.org\/{rel}","templated":true}]}}