{"id":2203,"date":"2013-12-19T17:00:08","date_gmt":"2013-12-19T15:00:08","guid":{"rendered":"http:\/\/www.ramses.de\/?page_id=2203"},"modified":"2013-12-19T17:03:21","modified_gmt":"2013-12-19T15:03:21","slug":"fachbereich-zentrale-dienste-telefonabrechnung","status":"publish","type":"page","link":"https:\/\/www.ramses.de\/?page_id=2203","title":{"rendered":"Fachbereich Zentrale Dienste &#8211; Telefonabrechnung"},"content":{"rendered":"<h1>Die Telekommunikationsabrechnung<\/h1>\n<p>Die zentralen Dienste der Stadt Hannover befassen sich mit der Bereitstellung von Technik und Servicedienstleistungen. Vom Serverpark \u00fcber die Vernetzung der verschiedenen Fachbereiche, bis hin zur Verwaltung der Telefonanlagen, all dies geh\u00f6rt zum Aufgabenbereich der OE 10.<\/p>\n<p>Auf jedem Arbeitsplatz der Landeshauptstadt gibt es selbstverst\u00e4ndlich einen Telefonanschlu\u00df. Erg\u00e4nzt wird dieses durch eine Vielzahl von Faxger\u00e4ten und Diensthandys. Die Handy&#8217;s sind mit allerlei Zubeh\u00f6r ausgestattet, das verwaltet werden mu\u00df. Vervollst\u00e4ndigt wird der Reigen durch die vor Ort befindlichen Internet Anschl\u00fcsse. Unsere Datenbank dient nun der Abrechnung der verschiedenen Dienstleistungen. Monatlich werden die Daten der zentralen Telefonanlage importiert und nach Abrechnungseinheiten aufgeschl\u00fcsselt.<\/p>\n<ul>\n<li>Import der Abrechnungsdaten der Telefonanlage<\/li>\n<li>Verwaltung von Leitungskosten und Vorauszahlungen<\/li>\n<li>Ger\u00e4tekosten f\u00fcr Handy&#8217;s und Zubeh\u00f6r<\/li>\n<li>Erstellung monatlicher Abrechnungen je Haushaltsstelle<\/li>\n<li>PDF basierter Versand der Rechnungen<\/li>\n<li>Statistische Auswertung<\/li>\n<\/ul>\n<p>Automatisierte Abrechnung der Daten ist hier die zentrale Aufgabe, wie geschaffen f\u00fcr die zentralen Dienste der Landeshauptstadt.<\/p>\n<p>&nbsp;<\/p>\n<p>&nbsp;<\/p>\n<p>&nbsp;<\/p>\n<p>&nbsp;<\/p>\n<p>&nbsp;<\/p>\n","protected":false},"excerpt":{"rendered":"<p>Die Telekommunikationsabrechnung Die zentralen Dienste der Stadt Hannover befassen sich mit der Bereitstellung von Technik und Servicedienstleistungen. Vom Serverpark \u00fcber die Vernetzung der verschiedenen Fachbereiche, &#8230; <a title=\"Fachbereich Zentrale Dienste &#8211; Telefonabrechnung\" class=\"read-more\" href=\"https:\/\/www.ramses.de\/?page_id=2203\" aria-label=\"Mehr Informationen \u00fcber Fachbereich Zentrale Dienste &#8211; Telefonabrechnung\">Weiterlesen &#8230;<\/a><\/p>\n","protected":false},"author":1,"featured_media":1247,"parent":1243,"menu_order":0,"comment_status":"closed","ping_status":"closed","template":"template-full-width.php","meta":{"footnotes":""},"class_list":{"0":"post-2203","1":"page","2":"type-page","3":"status-publish","4":"has-post-thumbnail","6":"resize-featured-image"},"_links":{"self":[{"href":"https:\/\/www.ramses.de\/index.php?rest_route=\/wp\/v2\/pages\/2203","targetHints":{"allow":["GET"]}}],"collection":[{"href":"https:\/\/www.ramses.de\/index.php?rest_route=\/wp\/v2\/pages"}],"about":[{"href":"https:\/\/www.ramses.de\/index.php?rest_route=\/wp\/v2\/types\/page"}],"author":[{"embeddable":true,"href":"https:\/\/www.ramses.de\/index.php?rest_route=\/wp\/v2\/users\/1"}],"replies":[{"embeddable":true,"href":"https:\/\/www.ramses.de\/index.php?rest_route=%2Fwp%2Fv2%2Fcomments&post=2203"}],"version-history":[{"count":1,"href":"https:\/\/www.ramses.de\/index.php?rest_route=\/wp\/v2\/pages\/2203\/revisions"}],"predecessor-version":[{"id":2204,"href":"https:\/\/www.ramses.de\/index.php?rest_route=\/wp\/v2\/pages\/2203\/revisions\/2204"}],"up":[{"embeddable":true,"href":"https:\/\/www.ramses.de\/index.php?rest_route=\/wp\/v2\/pages\/1243"}],"wp:featuredmedia":[{"embeddable":true,"href":"https:\/\/www.ramses.de\/index.php?rest_route=\/wp\/v2\/media\/1247"}],"wp:attachment":[{"href":"https:\/\/www.ramses.de\/index.php?rest_route=%2Fwp%2Fv2%2Fmedia&parent=2203"}],"curies":[{"name":"wp","href":"https:\/\/api.w.org\/{rel}","templated":true}]}}