{"id":2207,"date":"2013-12-19T17:13:40","date_gmt":"2013-12-19T15:13:40","guid":{"rendered":"http:\/\/www.ramses.de\/?page_id=2207"},"modified":"2013-12-19T17:13:40","modified_gmt":"2013-12-19T15:13:40","slug":"fachbereich-zentrale-dienste-job-center","status":"publish","type":"page","link":"https:\/\/www.ramses.de\/?page_id=2207","title":{"rendered":"Fachbereich Zentrale Dienste &#8211; Job Center"},"content":{"rendered":"<h1>Das Job Center<\/h1>\n<p>Das JobCenter ist ein Vermittlungszentrum f\u00fcr innerst\u00e4dtische Arbeitskr\u00e4fte. Sie beinhaltet die Verwaltung von Personen und Stellen, die aus eigenem Antrieb oder aus Gr\u00fcnden der Restrukturierung (zum Beispiel die ARGE mit dem Arbeitsamt) einen neuen Aufgabenbereich suchen.<\/p>\n<p>Das Verwalten von Personal mit Ihren St\u00e4rken und Schw\u00e4chen geh\u00f6rt in das Standardangebot eines jeden Unternehmens. Im Rahmen des so genannten JobCenter der Landeshauptstadt Hannover wird in einer internen Jobvermittlung eine Verwaltung des Personals und der freien Stellen durchgef\u00fchrt. Dieses interne Arbeitsamt sorgt mit Hilfe unseres Programms f\u00fcr eine optimale Verteilung der Arbeitskr\u00e4fte auf die frei gewordenen Stellen. Verwaltung von Personen und deren Qualifikationen.<\/p>\n<ul>\n<li>Stellen und Stellenpl\u00e4ne<\/li>\n<li>Vermittlungen<\/li>\n<li>JobAgent zur Suche passender Stellen \/ Mitarbeiter<\/li>\n<li>Ausf\u00fchrliches Berichtswesen<\/li>\n<li>Automatische Anonymisierung der personenbezogenen Daten<\/li>\n<\/ul>\n<p>Um dem Datenschutz gerecht zu werden, amortisiert das System die personenbezogenen Daten zwei Jahre nach der letzten Vermittlung. Die Daten werden hierbei nicht gel\u00f6scht, um weiterhin statistische Auswertungen zu erm\u00f6glichen, sie werden soweit verfremdet, das ein R\u00fcckschluss auf die nat\u00fcrliche Person nicht mehr zu erstellen ist. Die in Datenbanken \u00fcblichen Merkmale wie Wiedervorlagesysteme, Online Hilfe sowie eine Unterst\u00fctzung von Outlook, Excel Word und Co. komplettieren dieses System.<\/p>\n<p>&nbsp;<\/p>\n<p>&nbsp;<\/p>\n<p>&nbsp;<\/p>\n<p>&nbsp;<\/p>\n<p>&nbsp;<\/p>\n","protected":false},"excerpt":{"rendered":"<p>Das Job Center Das JobCenter ist ein Vermittlungszentrum f\u00fcr innerst\u00e4dtische Arbeitskr\u00e4fte. Sie beinhaltet die Verwaltung von Personen und Stellen, die aus eigenem Antrieb oder aus &#8230; <a title=\"Fachbereich Zentrale Dienste &#8211; Job Center\" class=\"read-more\" href=\"https:\/\/www.ramses.de\/?page_id=2207\" aria-label=\"Mehr Informationen \u00fcber Fachbereich Zentrale Dienste &#8211; Job Center\">Weiterlesen &#8230;<\/a><\/p>\n","protected":false},"author":1,"featured_media":2208,"parent":1243,"menu_order":0,"comment_status":"closed","ping_status":"closed","template":"template-full-width.php","meta":{"footnotes":""},"class_list":{"0":"post-2207","1":"page","2":"type-page","3":"status-publish","4":"has-post-thumbnail","6":"resize-featured-image"},"_links":{"self":[{"href":"https:\/\/www.ramses.de\/index.php?rest_route=\/wp\/v2\/pages\/2207","targetHints":{"allow":["GET"]}}],"collection":[{"href":"https:\/\/www.ramses.de\/index.php?rest_route=\/wp\/v2\/pages"}],"about":[{"href":"https:\/\/www.ramses.de\/index.php?rest_route=\/wp\/v2\/types\/page"}],"author":[{"embeddable":true,"href":"https:\/\/www.ramses.de\/index.php?rest_route=\/wp\/v2\/users\/1"}],"replies":[{"embeddable":true,"href":"https:\/\/www.ramses.de\/index.php?rest_route=%2Fwp%2Fv2%2Fcomments&post=2207"}],"version-history":[{"count":1,"href":"https:\/\/www.ramses.de\/index.php?rest_route=\/wp\/v2\/pages\/2207\/revisions"}],"predecessor-version":[{"id":2209,"href":"https:\/\/www.ramses.de\/index.php?rest_route=\/wp\/v2\/pages\/2207\/revisions\/2209"}],"up":[{"embeddable":true,"href":"https:\/\/www.ramses.de\/index.php?rest_route=\/wp\/v2\/pages\/1243"}],"wp:featuredmedia":[{"embeddable":true,"href":"https:\/\/www.ramses.de\/index.php?rest_route=\/wp\/v2\/media\/2208"}],"wp:attachment":[{"href":"https:\/\/www.ramses.de\/index.php?rest_route=%2Fwp%2Fv2%2Fmedia&parent=2207"}],"curies":[{"name":"wp","href":"https:\/\/api.w.org\/{rel}","templated":true}]}}