{"id":2212,"date":"2013-12-19T17:19:59","date_gmt":"2013-12-19T15:19:59","guid":{"rendered":"http:\/\/www.ramses.de\/?page_id=2212"},"modified":"2013-12-19T17:19:59","modified_gmt":"2013-12-19T15:19:59","slug":"fachbereich-gebaeudemanagement-raumkataster","status":"publish","type":"page","link":"https:\/\/www.ramses.de\/?page_id=2212","title":{"rendered":"Fachbereich Geb\u00e4udemanagement &#8211; Raumkataster"},"content":{"rendered":"<h1>Das Raumkataster<\/h1>\n<p>In dieser Datenbank befinden sich alle Geb\u00e4ude, die sich im st\u00e4dtischen Besitz befinden.<\/p>\n<p>F\u00fcr s\u00e4mtliche Objekte werden die kompletten Raumdaten erfa\u00dft.<br \/>\nDies betrifft nicht nur eine historische Verwaltung der Fl\u00e4chen sondern auch die Raum Nutzung gem\u00e4\u00df DIN.Verwaltung der Raumdaten<\/p>\n<ul>\n<li>Bauteile, Ebenen und erweiterte Ebenen<\/li>\n<li>Funktionen und Nutzungsarten<\/li>\n<li>Geb\u00e4udearten nund Nutzungsartengruppen<\/li>\n<li>Was w\u00e4re Wenn Berechnungen<\/li>\n<li>Statistiken und Auswertungen der Daten<\/li>\n<\/ul>\n<p>Modernes Fl\u00e4chenmanagement beginnt mit einer guten Datenbasis. Wir freuen uns, hier helfen zu k\u00f6nnen.<\/p>\n","protected":false},"excerpt":{"rendered":"<p>Das Raumkataster In dieser Datenbank befinden sich alle Geb\u00e4ude, die sich im st\u00e4dtischen Besitz befinden. F\u00fcr s\u00e4mtliche Objekte werden die kompletten Raumdaten erfa\u00dft. Dies betrifft &#8230; <a title=\"Fachbereich Geb\u00e4udemanagement &#8211; Raumkataster\" class=\"read-more\" href=\"https:\/\/www.ramses.de\/?page_id=2212\" aria-label=\"Mehr Informationen \u00fcber Fachbereich Geb\u00e4udemanagement &#8211; Raumkataster\">Weiterlesen &#8230;<\/a><\/p>\n","protected":false},"author":1,"featured_media":0,"parent":1017,"menu_order":0,"comment_status":"closed","ping_status":"closed","template":"template-full-width.php","meta":{"footnotes":""},"class_list":["post-2212","page","type-page","status-publish"],"_links":{"self":[{"href":"https:\/\/www.ramses.de\/index.php?rest_route=\/wp\/v2\/pages\/2212","targetHints":{"allow":["GET"]}}],"collection":[{"href":"https:\/\/www.ramses.de\/index.php?rest_route=\/wp\/v2\/pages"}],"about":[{"href":"https:\/\/www.ramses.de\/index.php?rest_route=\/wp\/v2\/types\/page"}],"author":[{"embeddable":true,"href":"https:\/\/www.ramses.de\/index.php?rest_route=\/wp\/v2\/users\/1"}],"replies":[{"embeddable":true,"href":"https:\/\/www.ramses.de\/index.php?rest_route=%2Fwp%2Fv2%2Fcomments&post=2212"}],"version-history":[{"count":1,"href":"https:\/\/www.ramses.de\/index.php?rest_route=\/wp\/v2\/pages\/2212\/revisions"}],"predecessor-version":[{"id":2213,"href":"https:\/\/www.ramses.de\/index.php?rest_route=\/wp\/v2\/pages\/2212\/revisions\/2213"}],"up":[{"embeddable":true,"href":"https:\/\/www.ramses.de\/index.php?rest_route=\/wp\/v2\/pages\/1017"}],"wp:attachment":[{"href":"https:\/\/www.ramses.de\/index.php?rest_route=%2Fwp%2Fv2%2Fmedia&parent=2212"}],"curies":[{"name":"wp","href":"https:\/\/api.w.org\/{rel}","templated":true}]}}