{"id":2218,"date":"2013-12-19T17:27:05","date_gmt":"2013-12-19T15:27:05","guid":{"rendered":"http:\/\/www.ramses.de\/?page_id=2218"},"modified":"2013-12-19T17:27:05","modified_gmt":"2013-12-19T15:27:05","slug":"stadt-hannover-umweltvertraeglichkeitspruefungen","status":"publish","type":"page","link":"https:\/\/www.ramses.de\/?page_id=2218","title":{"rendered":"Stadt Hannover &#8211; Umweltvertr\u00e4glichkeitspr\u00fcfungen"},"content":{"rendered":"<h1>Die Verwaltung von UVP&#8217;s<\/h1>\n<p>Das Umweltamt Hannover nutzt diese Datenbank zur Verwaltung der Literatur und Massnahmen in Bezug auf die Umweltvertr\u00e4glichkeitspr\u00fcfungen.<\/p>\n<ul>\n<li>Verwaltung der relevanten Produkte<\/li>\n<li>Speicherung und Auswertung der Fachliteratur<\/li>\n<li>\u00dcbersichten und Auswertungen der Pr\u00fcfungen<\/li>\n<li>Export der Auswertungen in das Excel<\/li>\n<li>Listen und Statistiken<\/li>\n<\/ul>\n<p>Ein sch\u00f6nes Beispiel der Grundidee einer Datenbank .<\/p>\n","protected":false},"excerpt":{"rendered":"<p>Die Verwaltung von UVP&#8217;s Das Umweltamt Hannover nutzt diese Datenbank zur Verwaltung der Literatur und Massnahmen in Bezug auf die Umweltvertr\u00e4glichkeitspr\u00fcfungen. Verwaltung der relevanten Produkte &#8230; <a title=\"Stadt Hannover &#8211; Umweltvertr\u00e4glichkeitspr\u00fcfungen\" class=\"read-more\" href=\"https:\/\/www.ramses.de\/?page_id=2218\" aria-label=\"Mehr Informationen \u00fcber Stadt Hannover &#8211; Umweltvertr\u00e4glichkeitspr\u00fcfungen\">Weiterlesen &#8230;<\/a><\/p>\n","protected":false},"author":1,"featured_media":0,"parent":1644,"menu_order":0,"comment_status":"closed","ping_status":"closed","template":"template-full-width.php","meta":{"footnotes":""},"class_list":["post-2218","page","type-page","status-publish"],"_links":{"self":[{"href":"https:\/\/www.ramses.de\/index.php?rest_route=\/wp\/v2\/pages\/2218","targetHints":{"allow":["GET"]}}],"collection":[{"href":"https:\/\/www.ramses.de\/index.php?rest_route=\/wp\/v2\/pages"}],"about":[{"href":"https:\/\/www.ramses.de\/index.php?rest_route=\/wp\/v2\/types\/page"}],"author":[{"embeddable":true,"href":"https:\/\/www.ramses.de\/index.php?rest_route=\/wp\/v2\/users\/1"}],"replies":[{"embeddable":true,"href":"https:\/\/www.ramses.de\/index.php?rest_route=%2Fwp%2Fv2%2Fcomments&post=2218"}],"version-history":[{"count":1,"href":"https:\/\/www.ramses.de\/index.php?rest_route=\/wp\/v2\/pages\/2218\/revisions"}],"predecessor-version":[{"id":2219,"href":"https:\/\/www.ramses.de\/index.php?rest_route=\/wp\/v2\/pages\/2218\/revisions\/2219"}],"up":[{"embeddable":true,"href":"https:\/\/www.ramses.de\/index.php?rest_route=\/wp\/v2\/pages\/1644"}],"wp:attachment":[{"href":"https:\/\/www.ramses.de\/index.php?rest_route=%2Fwp%2Fv2%2Fmedia&parent=2218"}],"curies":[{"name":"wp","href":"https:\/\/api.w.org\/{rel}","templated":true}]}}