{"id":2224,"date":"2013-12-19T17:34:43","date_gmt":"2013-12-19T15:34:43","guid":{"rendered":"http:\/\/www.ramses.de\/?page_id=2224"},"modified":"2013-12-19T17:34:43","modified_gmt":"2013-12-19T15:34:43","slug":"feuerwehr-hannover-statistiken","status":"publish","type":"page","link":"https:\/\/www.ramses.de\/?page_id=2224","title":{"rendered":"Feuerwehr Hannover &#8211; Statistiken"},"content":{"rendered":"<div>\n<h1>Die Auswertungsdatenbank des Leitrechners<\/h1>\n<\/div>\n<div>Der Einsatzleitrechner der Berufsfeuerwehr Hannover zeichnet alle Eins\u00e4tze im Bereich der Brand und Hilfeleistung sekundengenau auf.Die im Einsatz befindlichen M\u00e4nner und Frauen dr\u00fccken im Fahrzeug bei diversen Gelegenheiten einen genau definierten Status. Beim Ausr\u00fccken von der Wache, beim Eintreffen am Einsatzort etc. Diese Datenbank erm\u00f6glich es nun, die Eins\u00e4tze aufgrund der Statusmeldungen auszuwerten.<\/div>\n<ul>\n<li>Hilfsfristen<\/li>\n<li>Einsatzzeiten<\/li>\n<li>Dispozeiten<\/li>\n<li>Ausr\u00fcckezeiten<\/li>\n<li>Transportezeiten<\/li>\n<li>Eintreffzeiten<\/li>\n<li>Transportezeiten<\/li>\n<li>Bereichsfolgen<\/li>\n<li>Einsatzzahlen<\/li>\n<\/ul>\n<p>Anhand dieser Auswertungen kann z.B. ermittelt werden, ob gen\u00fcgend Fahrzeuge an der richtigen Stelle des Stadtgebietes stehen.<\/p>\n","protected":false},"excerpt":{"rendered":"<p>Die Auswertungsdatenbank des Leitrechners Der Einsatzleitrechner der Berufsfeuerwehr Hannover zeichnet alle Eins\u00e4tze im Bereich der Brand und Hilfeleistung sekundengenau auf.Die im Einsatz befindlichen M\u00e4nner und &#8230; <a title=\"Feuerwehr Hannover &#8211; Statistiken\" class=\"read-more\" href=\"https:\/\/www.ramses.de\/?page_id=2224\" aria-label=\"Mehr Informationen \u00fcber Feuerwehr Hannover &#8211; Statistiken\">Weiterlesen &#8230;<\/a><\/p>\n","protected":false},"author":1,"featured_media":1448,"parent":736,"menu_order":0,"comment_status":"closed","ping_status":"closed","template":"template-full-width.php","meta":{"footnotes":""},"class_list":{"0":"post-2224","1":"page","2":"type-page","3":"status-publish","4":"has-post-thumbnail","6":"resize-featured-image"},"_links":{"self":[{"href":"https:\/\/www.ramses.de\/index.php?rest_route=\/wp\/v2\/pages\/2224","targetHints":{"allow":["GET"]}}],"collection":[{"href":"https:\/\/www.ramses.de\/index.php?rest_route=\/wp\/v2\/pages"}],"about":[{"href":"https:\/\/www.ramses.de\/index.php?rest_route=\/wp\/v2\/types\/page"}],"author":[{"embeddable":true,"href":"https:\/\/www.ramses.de\/index.php?rest_route=\/wp\/v2\/users\/1"}],"replies":[{"embeddable":true,"href":"https:\/\/www.ramses.de\/index.php?rest_route=%2Fwp%2Fv2%2Fcomments&post=2224"}],"version-history":[{"count":1,"href":"https:\/\/www.ramses.de\/index.php?rest_route=\/wp\/v2\/pages\/2224\/revisions"}],"predecessor-version":[{"id":2225,"href":"https:\/\/www.ramses.de\/index.php?rest_route=\/wp\/v2\/pages\/2224\/revisions\/2225"}],"up":[{"embeddable":true,"href":"https:\/\/www.ramses.de\/index.php?rest_route=\/wp\/v2\/pages\/736"}],"wp:featuredmedia":[{"embeddable":true,"href":"https:\/\/www.ramses.de\/index.php?rest_route=\/wp\/v2\/media\/1448"}],"wp:attachment":[{"href":"https:\/\/www.ramses.de\/index.php?rest_route=%2Fwp%2Fv2%2Fmedia&parent=2224"}],"curies":[{"name":"wp","href":"https:\/\/api.w.org\/{rel}","templated":true}]}}