{"id":2228,"date":"2013-12-19T17:40:42","date_gmt":"2013-12-19T15:40:42","guid":{"rendered":"http:\/\/www.ramses.de\/?page_id=2228"},"modified":"2013-12-19T17:40:42","modified_gmt":"2013-12-19T15:40:42","slug":"fachbereich-vhs-dozentenbefragung","status":"publish","type":"page","link":"https:\/\/www.ramses.de\/?page_id=2228","title":{"rendered":"Fachbereich VHS &#8211; Dozentenbefragung"},"content":{"rendered":"<h1>Die Dozentenbefragung<\/h1>\n<p>Die Volkshochschule Hannover strebt eine eine schnelle Reaktion auf die W\u00fcnsche der Teilnehmer \/-innen und Kursleiter \/-innen an.<br \/>\nUnser Programm dient der Auswertung der Frageb\u00f6gen, die regelm\u00e4\u00dfig ausgegeben werden<\/p>\n<ul>\n<li>Erfassung der standardisierten Frageb\u00f6gen<\/li>\n<li>Auswertung s\u00e4mtlicher Fragekategorien<\/li>\n<li>Selektion nach Kursen, Standorten und Dozenten<\/li>\n<li>Erstellung von Standortvergeichen<\/li>\n<li>Suche nach bestimmten Dozenten<\/li>\n<\/ul>\n","protected":false},"excerpt":{"rendered":"<p>Die Dozentenbefragung Die Volkshochschule Hannover strebt eine eine schnelle Reaktion auf die W\u00fcnsche der Teilnehmer \/-innen und Kursleiter \/-innen an. Unser Programm dient der Auswertung &#8230; <a title=\"Fachbereich VHS &#8211; Dozentenbefragung\" class=\"read-more\" href=\"https:\/\/www.ramses.de\/?page_id=2228\" aria-label=\"Mehr Informationen \u00fcber Fachbereich VHS &#8211; Dozentenbefragung\">Weiterlesen &#8230;<\/a><\/p>\n","protected":false},"author":1,"featured_media":0,"parent":1243,"menu_order":0,"comment_status":"closed","ping_status":"closed","template":"template-full-width.php","meta":{"footnotes":""},"class_list":["post-2228","page","type-page","status-publish"],"_links":{"self":[{"href":"https:\/\/www.ramses.de\/index.php?rest_route=\/wp\/v2\/pages\/2228","targetHints":{"allow":["GET"]}}],"collection":[{"href":"https:\/\/www.ramses.de\/index.php?rest_route=\/wp\/v2\/pages"}],"about":[{"href":"https:\/\/www.ramses.de\/index.php?rest_route=\/wp\/v2\/types\/page"}],"author":[{"embeddable":true,"href":"https:\/\/www.ramses.de\/index.php?rest_route=\/wp\/v2\/users\/1"}],"replies":[{"embeddable":true,"href":"https:\/\/www.ramses.de\/index.php?rest_route=%2Fwp%2Fv2%2Fcomments&post=2228"}],"version-history":[{"count":1,"href":"https:\/\/www.ramses.de\/index.php?rest_route=\/wp\/v2\/pages\/2228\/revisions"}],"predecessor-version":[{"id":2229,"href":"https:\/\/www.ramses.de\/index.php?rest_route=\/wp\/v2\/pages\/2228\/revisions\/2229"}],"up":[{"embeddable":true,"href":"https:\/\/www.ramses.de\/index.php?rest_route=\/wp\/v2\/pages\/1243"}],"wp:attachment":[{"href":"https:\/\/www.ramses.de\/index.php?rest_route=%2Fwp%2Fv2%2Fmedia&parent=2228"}],"curies":[{"name":"wp","href":"https:\/\/api.w.org\/{rel}","templated":true}]}}